{"id":5307,"date":"2025-05-03T17:35:54","date_gmt":"2025-05-03T15:35:54","guid":{"rendered":"https:\/\/career-mainfranken.com\/domaines-de-competence\/"},"modified":"2025-09-15T13:44:04","modified_gmt":"2025-09-15T11:44:04","slug":"domaines-de-competence","status":"publish","type":"page","link":"https:\/\/career-mainfranken.com\/fr\/domaines-de-competence\/","title":{"rendered":"Domaines de comp\u00e9tence"},"content":{"rendered":"<div class=\"fusion-fullwidth fullwidth-box fusion-builder-row-1 fusion-flex-container has-pattern-background has-mask-background nonhundred-percent-fullwidth non-hundred-percent-height-scrolling header\" style=\"--awb-border-radius-top-left:0px;--awb-border-radius-top-right:0px;--awb-border-radius-bottom-right:0px;--awb-border-radius-bottom-left:0px;--awb-padding-top:100px;--awb-padding-bottom:80px;--awb-padding-top-medium:75px;--awb-padding-bottom-medium:55px;--awb-padding-top-small:50px;--awb-padding-bottom-small:30px;--awb-flex-wrap:wrap;\" ><div class=\"fusion-builder-row fusion-row fusion-flex-align-items-flex-start fusion-flex-justify-content-center fusion-flex-content-wrap\" style=\"max-width:1664px;margin-left: calc(-4% \/ 2 );margin-right: calc(-4% \/ 2 );\"><div class=\"fusion-layout-column fusion_builder_column fusion-builder-column-0 fusion_builder_column_4_5 4_5 fusion-flex-column fusion-flex-align-self-center angebote_header\" style=\"--awb-bg-size:cover;--awb-width-large:80%;--awb-margin-top-large:0px;--awb-spacing-right-large:2.4%;--awb-margin-bottom-large:0px;--awb-spacing-left-large:2.4%;--awb-width-medium:80%;--awb-order-medium:0;--awb-spacing-right-medium:2.4%;--awb-spacing-left-medium:2.4%;--awb-width-small:100%;--awb-order-small:0;--awb-spacing-right-small:1.92%;--awb-spacing-left-small:1.92%;\" data-scroll-devices=\"small-visibility,medium-visibility,large-visibility\"><div class=\"fusion-column-wrapper fusion-column-has-shadow fusion-flex-justify-content-flex-start fusion-content-layout-column\"><div class=\"fusion-title title fusion-title-1 fusion-sep-none fusion-title-text fusion-title-size-one\" style=\"--awb-text-color:var(--awb-color5);--awb-margin-top-small:0px;--awb-margin-right-small:0px;--awb-margin-bottom-small:0px;--awb-margin-left-small:0px;--awb-font-size:var(--awb-typography2-font-size);\"><h1 class=\"fusion-title-heading title-heading-left fusion-responsive-typography-calculated\" style=\"font-family:var(--awb-typography2-font-family);font-weight:var(--awb-typography2-font-weight);font-style:var(--awb-typography2-font-style);margin:0;letter-spacing:var(--awb-typography2-letter-spacing);text-transform:var(--awb-typography2-text-transform);font-size:1em;--fontSize:70;line-height:1;\">Domaines de comp\u00e9tence<\/h1><\/div><div class=\"fusion-separator trenner_links\" style=\"align-self: flex-start;margin-right:auto;margin-top:25px;margin-bottom:25px;width:100%;max-width:100px;\"><div class=\"fusion-separator-border sep-single sep-solid\" style=\"--awb-height:20px;--awb-amount:20px;--awb-sep-color:var(--awb-color5);border-color:var(--awb-color5);border-top-width:4px;\"><\/div><\/div><div class=\"fusion-text fusion-text-1\"><p>Cinq domaines ont \u00e9t\u00e9 d\u00e9finis pour la r\u00e9gion de Mainfranken, dans lesquels la r\u00e9gion excelle particuli\u00e8rement sur les plans \u00e9conomique et scientifique, faisant d&rsquo;elle une localisation de premier ordre pour l&rsquo;innovation et les carri\u00e8res : l&rsquo;ing\u00e9nierie m\u00e9canique &amp; l&rsquo;automobile, l&rsquo;\u00e9nergie &amp; l&rsquo;environnement, l&rsquo;informatique &amp; l&rsquo;intelligence artificielle, les nouveaux mat\u00e9riaux &amp; plastiques ainsi que la m\u00e9decine &amp; la sant\u00e9. Dans ces domaines naissent les produits de demain et les emplois d&rsquo;avenir. Les entreprises de la r\u00e9gion d\u00e9veloppent des solutions recherch\u00e9es dans le monde entier \u2013 des technologies durables aux innovations m\u00e9dicales.  <\/p>\n<p>Que ce soit au sein de PME prosp\u00e8res, d&rsquo;acteurs mondiaux ou de start-ups : \u00e0 Mainfranken, vous participez activement au progr\u00e8s. L&rsquo;association de l&rsquo;informatique &amp; de l&rsquo;intelligence artificielle avec les industries classiques apporte notamment de nouvelles impulsions. Les professionnels qualifi\u00e9s et les apprentis b\u00e9n\u00e9ficient de r\u00e9seaux solides, d&rsquo;une formation pratique et de multiples opportunit\u00e9s de carri\u00e8re. C&rsquo;est ici que se construit l&rsquo;avenir \u2013 et que le d\u00e9veloppement personnel est encourag\u00e9.   <\/p>\n<p>D\u00e9couvrez davantage sur le p\u00f4le \u00e9conomique de Mainfranken sur <a href=\"https:\/\/www.mainfranken.org\/\" target=\"_blank\" rel=\"noopener\">www.mainfranken.org<\/a><\/p>\n<\/div><div ><a class=\"fusion-button button-3d fusion-button-default-size button-default fusion-button-default button-1 fusion-button-default-span fusion-button-default-type button_gruen\" style=\"--button_margin-bottom:30px;\" target=\"_blank\" rel=\"noopener noreferrer\" href=\"https:\/\/www.mainfranken.org\/innovationsregion\/kompetenzfelder\/index.html\"><span class=\"fusion-button-text awb-button__text awb-button__text--default\">Vers les domaines de comp\u00e9tence<\/span><\/a><\/div><div class=\"fusion-text fusion-text-2\"><p>Nos livres blancs vous donnent un aper\u00e7u plus d\u00e9taill\u00e9 des industries d&rsquo;avenir de notre r\u00e9gion. Obtenez des informations pr\u00e9cieuses sur les principaux domaines de comp\u00e9tence de la r\u00e9gion \u2013 de mani\u00e8re concise, pratique et pleine d&rsquo;inspiration pour votre carri\u00e8re. <\/p>\n<p>Cliquez ici pour acc\u00e9der aux t\u00e9l\u00e9chargements gratuits<\/p>\n<ul>\n<li><a href=\"https:\/\/career-mainfranken.com\/wp-content\/uploads\/300-006_Whitepaper_Maschinenbau_u_Automotive_Web_low_Res.pdf\" target=\"_blank\" rel=\"noopener\">Ing\u00e9nierie m\u00e9canique &amp; Automobile (PDF)<\/a><\/li>\n<li><a href=\"https:\/\/career-mainfranken.com\/wp-content\/uploads\/White-Paper-Energie-Umwelt.pdf\" target=\"_blank\" rel=\"noopener\">\u00c9nergie &amp; Environnement (PDF)<\/a><\/li>\n<li><a href=\"https:\/\/career-mainfranken.com\/wp-content\/uploads\/Whitepaper_ITKI-Region-Mainfranken-GmbH.pdf\" target=\"_blank\" rel=\"noopener\">Informatique &amp; Intelligence artificielle (PDF)<\/a><\/li>\n<li><a href=\"https:\/\/career-mainfranken.com\/wp-content\/uploads\/2025-07-14_RMF_Whitepaper_Kunststoffe_Druckdatei_gepfadet.pdf\" target=\"_blank\" rel=\"noopener\">Nouveaux mat\u00e9riaux et plastiques (PDF)<\/a><\/li>\n<li>Ainsi que <a href=\"https:\/\/career-mainfranken.com\/wp-content\/uploads\/2025-07-14_RMF_Whitepaper_Medizin_Druckdatei_gepfadet.pdf\" target=\"_blank\" rel=\"noopener\">M\u00e9decine et sant\u00e9 (PDF)<\/a><\/li>\n<\/ul>\n<\/div><\/div><\/div><\/div><\/div>\n","protected":false},"excerpt":{"rendered":"","protected":false},"author":2,"featured_media":0,"parent":0,"menu_order":0,"comment_status":"closed","ping_status":"closed","template":"100-width.php","meta":{"footnotes":"","_links_to":"","_links_to_target":""},"class_list":["post-5307","page","type-page","status-publish","hentry"],"yoast_head":"<!-- This site is optimized with the Yoast SEO plugin v27.2 - https:\/\/yoast.com\/product\/yoast-seo-wordpress\/ -->\n<title>Domaines de comp\u00e9tence - Region Mainfranken<\/title>\n<meta name=\"robots\" content=\"index, follow, max-snippet:-1, max-image-preview:large, max-video-preview:-1\" \/>\n<link rel=\"canonical\" href=\"https:\/\/career-mainfranken.com\/fr\/domaines-de-competence\/\" \/>\n<meta property=\"og:locale\" content=\"fr_FR\" \/>\n<meta property=\"og:type\" content=\"article\" \/>\n<meta property=\"og:title\" content=\"Domaines de comp\u00e9tence - Region Mainfranken\" \/>\n<meta property=\"og:url\" content=\"https:\/\/career-mainfranken.com\/fr\/domaines-de-competence\/\" \/>\n<meta property=\"og:site_name\" content=\"Region Mainfranken\" \/>\n<meta property=\"article:modified_time\" content=\"2025-09-15T11:44:04+00:00\" \/>\n<meta name=\"twitter:card\" content=\"summary_large_image\" \/>\n<meta name=\"twitter:label1\" content=\"Dur\u00e9e de lecture estim\u00e9e\" \/>\n\t<meta name=\"twitter:data1\" content=\"10 minutes\" \/>\n<script type=\"application\/ld+json\" class=\"yoast-schema-graph\">{\"@context\":\"https:\/\/schema.org\",\"@graph\":[{\"@type\":\"WebPage\",\"@id\":\"https:\/\/career-mainfranken.com\/fr\/domaines-de-competence\/\",\"url\":\"https:\/\/career-mainfranken.com\/fr\/domaines-de-competence\/\",\"name\":\"Domaines de comp\u00e9tence - Region Mainfranken\",\"isPartOf\":{\"@id\":\"https:\/\/career-mainfranken.com\/fr\/#website\"},\"datePublished\":\"2025-05-03T15:35:54+00:00\",\"dateModified\":\"2025-09-15T11:44:04+00:00\",\"breadcrumb\":{\"@id\":\"https:\/\/career-mainfranken.com\/fr\/domaines-de-competence\/#breadcrumb\"},\"inLanguage\":\"fr-FR\",\"potentialAction\":[{\"@type\":\"ReadAction\",\"target\":[\"https:\/\/career-mainfranken.com\/fr\/domaines-de-competence\/\"]}]},{\"@type\":\"BreadcrumbList\",\"@id\":\"https:\/\/career-mainfranken.com\/fr\/domaines-de-competence\/#breadcrumb\",\"itemListElement\":[{\"@type\":\"ListItem\",\"position\":1,\"name\":\"Page d'accueil\",\"item\":\"https:\/\/career-mainfranken.com\/fr\/page-daccueil\/\"},{\"@type\":\"ListItem\",\"position\":2,\"name\":\"Domaines de comp\u00e9tence\"}]},{\"@type\":\"WebSite\",\"@id\":\"https:\/\/career-mainfranken.com\/fr\/#website\",\"url\":\"https:\/\/career-mainfranken.com\/fr\/\",\"name\":\"Region Mainfranken\",\"description\":\"\",\"potentialAction\":[{\"@type\":\"SearchAction\",\"target\":{\"@type\":\"EntryPoint\",\"urlTemplate\":\"https:\/\/career-mainfranken.com\/fr\/?s={search_term_string}\"},\"query-input\":{\"@type\":\"PropertyValueSpecification\",\"valueRequired\":true,\"valueName\":\"search_term_string\"}}],\"inLanguage\":\"fr-FR\"}]}<\/script>\n<!-- \/ Yoast SEO plugin. -->","yoast_head_json":{"title":"Domaines de comp\u00e9tence - Region Mainfranken","robots":{"index":"index","follow":"follow","max-snippet":"max-snippet:-1","max-image-preview":"max-image-preview:large","max-video-preview":"max-video-preview:-1"},"canonical":"https:\/\/career-mainfranken.com\/fr\/domaines-de-competence\/","og_locale":"fr_FR","og_type":"article","og_title":"Domaines de comp\u00e9tence - Region Mainfranken","og_url":"https:\/\/career-mainfranken.com\/fr\/domaines-de-competence\/","og_site_name":"Region Mainfranken","article_modified_time":"2025-09-15T11:44:04+00:00","twitter_card":"summary_large_image","twitter_misc":{"Dur\u00e9e de lecture estim\u00e9e":"10 minutes"},"schema":{"@context":"https:\/\/schema.org","@graph":[{"@type":"WebPage","@id":"https:\/\/career-mainfranken.com\/fr\/domaines-de-competence\/","url":"https:\/\/career-mainfranken.com\/fr\/domaines-de-competence\/","name":"Domaines de comp\u00e9tence - Region Mainfranken","isPartOf":{"@id":"https:\/\/career-mainfranken.com\/fr\/#website"},"datePublished":"2025-05-03T15:35:54+00:00","dateModified":"2025-09-15T11:44:04+00:00","breadcrumb":{"@id":"https:\/\/career-mainfranken.com\/fr\/domaines-de-competence\/#breadcrumb"},"inLanguage":"fr-FR","potentialAction":[{"@type":"ReadAction","target":["https:\/\/career-mainfranken.com\/fr\/domaines-de-competence\/"]}]},{"@type":"BreadcrumbList","@id":"https:\/\/career-mainfranken.com\/fr\/domaines-de-competence\/#breadcrumb","itemListElement":[{"@type":"ListItem","position":1,"name":"Page d'accueil","item":"https:\/\/career-mainfranken.com\/fr\/page-daccueil\/"},{"@type":"ListItem","position":2,"name":"Domaines de comp\u00e9tence"}]},{"@type":"WebSite","@id":"https:\/\/career-mainfranken.com\/fr\/#website","url":"https:\/\/career-mainfranken.com\/fr\/","name":"Region Mainfranken","description":"","potentialAction":[{"@type":"SearchAction","target":{"@type":"EntryPoint","urlTemplate":"https:\/\/career-mainfranken.com\/fr\/?s={search_term_string}"},"query-input":{"@type":"PropertyValueSpecification","valueRequired":true,"valueName":"search_term_string"}}],"inLanguage":"fr-FR"}]}},"_links":{"self":[{"href":"https:\/\/career-mainfranken.com\/fr\/wp-json\/wp\/v2\/pages\/5307","targetHints":{"allow":["GET"]}}],"collection":[{"href":"https:\/\/career-mainfranken.com\/fr\/wp-json\/wp\/v2\/pages"}],"about":[{"href":"https:\/\/career-mainfranken.com\/fr\/wp-json\/wp\/v2\/types\/page"}],"author":[{"embeddable":true,"href":"https:\/\/career-mainfranken.com\/fr\/wp-json\/wp\/v2\/users\/2"}],"replies":[{"embeddable":true,"href":"https:\/\/career-mainfranken.com\/fr\/wp-json\/wp\/v2\/comments?post=5307"}],"version-history":[{"count":0,"href":"https:\/\/career-mainfranken.com\/fr\/wp-json\/wp\/v2\/pages\/5307\/revisions"}],"wp:attachment":[{"href":"https:\/\/career-mainfranken.com\/fr\/wp-json\/wp\/v2\/media?parent=5307"}],"curies":[{"name":"wp","href":"https:\/\/api.w.org\/{rel}","templated":true}]}}