{"id":5051,"date":"2025-05-06T12:10:36","date_gmt":"2025-05-06T10:10:36","guid":{"rendered":"https:\/\/career-mainfranken.com\/etablissements-denseignement-superieur-institutions-educatives\/"},"modified":"2025-05-21T10:37:13","modified_gmt":"2025-05-21T08:37:13","slug":"etablissements-denseignement-superieur-institutions-educatives","status":"publish","type":"page","link":"https:\/\/career-mainfranken.com\/fr\/pour-les-etudiants\/etablissements-denseignement-superieur-institutions-educatives\/","title":{"rendered":"\u00c9tablissements d&rsquo;enseignement sup\u00e9rieur &amp; institutions \u00e9ducatives"},"content":{"rendered":"<p><div class=\"fusion-fullwidth fullwidth-box fusion-builder-row-1 fusion-flex-container has-pattern-background has-mask-background nonhundred-percent-fullwidth non-hundred-percent-height-scrolling header\" style=\"--awb-border-radius-top-left:0px;--awb-border-radius-top-right:0px;--awb-border-radius-bottom-right:0px;--awb-border-radius-bottom-left:0px;--awb-padding-top:100px;--awb-padding-top-medium:75px;--awb-padding-top-small:50px;--awb-flex-wrap:wrap;\" ><div class=\"fusion-builder-row fusion-row fusion-flex-align-items-flex-start fusion-flex-justify-content-center fusion-flex-content-wrap\" style=\"max-width:1664px;margin-left: calc(-4% \/ 2 );margin-right: calc(-4% \/ 2 );\"><div class=\"fusion-layout-column fusion_builder_column fusion-builder-column-0 fusion_builder_column_4_5 4_5 fusion-flex-column fusion-flex-align-self-center angebote_header\" style=\"--awb-bg-size:cover;--awb-width-large:80%;--awb-margin-top-large:0px;--awb-spacing-right-large:2.4%;--awb-margin-bottom-large:0px;--awb-spacing-left-large:2.4%;--awb-width-medium:80%;--awb-order-medium:0;--awb-spacing-right-medium:2.4%;--awb-spacing-left-medium:2.4%;--awb-width-small:100%;--awb-order-small:0;--awb-spacing-right-small:1.92%;--awb-spacing-left-small:1.92%;\" data-scroll-devices=\"small-visibility,medium-visibility,large-visibility\"><div class=\"fusion-column-wrapper fusion-column-has-shadow fusion-flex-justify-content-flex-start fusion-content-layout-column\"><div class=\"fusion-title title fusion-title-1 fusion-sep-none fusion-title-text fusion-title-size-one\" style=\"--awb-text-color:var(--awb-color5);--awb-margin-top-small:0px;--awb-margin-right-small:0px;--awb-margin-bottom-small:0px;--awb-margin-left-small:0px;--awb-font-size:var(--awb-typography2-font-size);\"><h1 class=\"fusion-title-heading title-heading-left fusion-responsive-typography-calculated\" style=\"font-family:var(--awb-typography2-font-family);font-weight:var(--awb-typography2-font-weight);font-style:var(--awb-typography2-font-style);margin:0;letter-spacing:var(--awb-typography2-letter-spacing);text-transform:var(--awb-typography2-text-transform);font-size:1em;--fontSize:70;line-height:1;\">\u00c9tablissements d&rsquo;enseignement sup\u00e9rieur &amp; institutions \u00e9ducatives<\/h1><\/div><div class=\"fusion-separator trenner_links\" style=\"align-self: flex-start;margin-right:auto;margin-top:25px;margin-bottom:25px;width:100%;max-width:100px;\"><div class=\"fusion-separator-border sep-single sep-solid\" style=\"--awb-height:20px;--awb-amount:20px;--awb-sep-color:var(--awb-color5);border-color:var(--awb-color5);border-top-width:4px;\"><\/div><\/div><div class=\"fusion-text fusion-text-1\"><p>La Franconie-du-Main offre aux \u00e9tudiants un large \u00e9ventail d&rsquo;opportunit\u00e9s \u00e9ducatives avec des \u00e9tablissements d&rsquo;enseignement sup\u00e9rieur renomm\u00e9s et de nombreuses possibilit\u00e9s d&rsquo;\u00e9tudes en alternance.<\/p>\n<\/div><\/div><\/div><\/div><\/div><div class=\"fusion-fullwidth fullwidth-box fusion-builder-row-2 fusion-flex-container has-pattern-background has-mask-background nonhundred-percent-fullwidth non-hundred-percent-height-scrolling inhalte\" style=\"--awb-border-radius-top-left:0px;--awb-border-radius-top-right:0px;--awb-border-radius-bottom-right:0px;--awb-border-radius-bottom-left:0px;--awb-padding-top:80px;--awb-padding-top-medium:55px;--awb-padding-top-small:30px;--awb-flex-wrap:wrap;\" id=\"hochschulen_bildungseinrichtungen\" ><div class=\"fusion-builder-row fusion-row fusion-flex-align-items-flex-start fusion-flex-justify-content-center fusion-flex-content-wrap\" style=\"max-width:1664px;margin-left: calc(-4% \/ 2 );margin-right: calc(-4% \/ 2 );\"><div class=\"fusion-layout-column fusion_builder_column fusion-builder-column-1 fusion_builder_column_4_5 4_5 fusion-flex-column\" style=\"--awb-bg-size:cover;--awb-width-large:80%;--awb-margin-top-large:0px;--awb-spacing-right-large:2.4%;--awb-margin-bottom-large:0px;--awb-spacing-left-large:2.4%;--awb-width-medium:80%;--awb-order-medium:0;--awb-spacing-right-medium:2.4%;--awb-spacing-left-medium:2.4%;--awb-width-small:100%;--awb-order-small:0;--awb-spacing-right-small:1.92%;--awb-spacing-left-small:1.92%;\" data-scroll-devices=\"small-visibility,medium-visibility,large-visibility\"><div class=\"fusion-column-wrapper fusion-column-has-shadow fusion-flex-justify-content-flex-start fusion-content-layout-column\"><div class=\"fusion-title title fusion-title-2 fusion-sep-none fusion-title-text fusion-title-size-two\" style=\"--awb-margin-top-small:0px;--awb-margin-right-small:0px;--awb-margin-bottom-small:0px;--awb-margin-left-small:0px;--awb-font-size:var(--awb-custom_typography_1-font-size);\"><h2 class=\"fusion-title-heading title-heading-left fusion-responsive-typography-calculated\" style=\"font-family:var(--awb-custom_typography_1-font-family);font-weight:var(--awb-custom_typography_1-font-weight);font-style:var(--awb-custom_typography_1-font-style);margin:0;letter-spacing:var(--awb-custom_typography_1-letter-spacing);text-transform:var(--awb-custom_typography_1-text-transform);font-size:1em;--fontSize:26;--minFontSize:26;line-height:1.15;\">\u00c9tablissements d&rsquo;enseignement sup\u00e9rieur en Franconie-du-Main<\/h2><\/div><div class=\"fusion-separator trenner_links\" style=\"align-self: flex-start;margin-right:auto;margin-top:15px;margin-bottom:15px;width:100%;max-width:100px;\"><div class=\"fusion-separator-border sep-single\" style=\"--awb-height:20px;--awb-amount:20px;border-color:var(--awb-custom_color_2);border-top-width:4px;\"><\/div><\/div><div class=\"fusion-text fusion-text-2\" style=\"--awb-margin-top:-18px;\"><ul>\n<li><a href=\"https:\/\/www.uni-wuerzburg.de\/\" target=\"_blank\" rel=\"noopener\"><strong>Universit\u00e9 Julius-Maximilians de W\u00fcrzburg (JMU)<\/strong><\/a> : Avec plus de 600 ans de tradition, la JMU compte parmi les universit\u00e9s de taille moyenne en Allemagne et offre un large \u00e9ventail de disciplines dans dix facult\u00e9s. De plus, le <a href=\"https:\/\/www.ukw.de\/startseite\/\" target=\"_blank\" rel=\"noopener\">Centre hospitalier universitaire de W\u00fcrzburg<\/a> offre des possibilit\u00e9s vari\u00e9es sous la direction de professeurs renomm\u00e9s. <\/li>\n<li><a href=\"https:\/\/www.thws.de\/\" target=\"_blank\" rel=\"noopener\"><strong>Universit\u00e9 des sciences appliqu\u00e9es de W\u00fcrzburg-Schweinfurt (THWS)<\/strong><\/a> : Sur les sites de W\u00fcrzburg et Schweinfurt, la THWS propose plus de 50 programmes de licence et de master dans les domaines de la technologie, de l&rsquo;\u00e9conomie, des sciences sociales, de l&rsquo;informatique, du design et des langues.<\/li>\n<\/ul>\n<p>En outre, la THWS g\u00e8re plusieurs <a href=\"https:\/\/www.thws.de\/forschung\/institute\/\">instituts de recherche<\/a> orient\u00e9s vers l&rsquo;application et organis\u00e9s de mani\u00e8re interdisciplinaire dans la r\u00e9gion. Parmi ceux-ci figurent notamment les Centres de transfert technologique (TTZ) situ\u00e9s dans toute la Franconie-du-Main : <\/p>\n<ul>\n<li><a href=\"https:\/\/ttz-emo.thws.de\/\" target=\"_blank\" rel=\"noopener\">Centre de transfert technologique pour l&rsquo;\u00e9lectromobilit\u00e9 sur le site de Bad Neustadt (TTZ-EMO)<\/a><\/li>\n<li><a href=\"https:\/\/ttz-has.thws.de\/\" target=\"_blank\" rel=\"noopener\">Centre de transfert technologique de Ha\u00dffurt (TTZ-HAS)<\/a> : Accent mis sur la recherche appliqu\u00e9e dans le domaine de l&rsquo;extrusion des tubes en plastique<\/li>\n<li><a href=\"https:\/\/ttz-kg.thws.de\/\" target=\"_blank\" rel=\"noopener\">Centre de transfert technologique de Bad Kissingen (TTZ-KG)<\/a> : Accent mis sur la recherche appliqu\u00e9e dans le domaine de la transformation num\u00e9rique durable de l&rsquo;analyse en laboratoire et de la technologie m\u00e9dicale<\/li>\n<li><a href=\"https:\/\/ttz-kt.thws.de\/\" target=\"_blank\" rel=\"noopener\">Centre de transfert technologique de Kitzingen (TTZ-KT)<\/a> : Domaines th\u00e9matiques : robotique, intelligence artificielle, transformation du travail et num\u00e9risation<\/li>\n<li><a href=\"https:\/\/ttz-m.thws.de\/\" target=\"_blank\" rel=\"noopener\">Centre de transfert technologique de Main-Spessart (TTZ-MSP) : Accent mis sur la fabrication additive<br \/>\n<\/a><\/li>\n<li><a href=\"https:\/\/ttz-wue.thws.de\/\" target=\"_blank\" rel=\"noopener\">Centre de transfert technologique pour la cybers\u00e9curit\u00e9 (TTZ-WUE)<\/a><\/li>\n<\/ul>\n<ul>\n<li><a href=\"https:\/\/hfm-wuerzburg.de\/\" target=\"_blank\" rel=\"noopener\"><strong>Conservatoire de musique de W\u00fcrzburg<\/strong><\/a> : Cette institution propose des programmes d&rsquo;\u00e9tudes sp\u00e9cialis\u00e9s dans le domaine de la musique.<\/li>\n<li><a href=\"https:\/\/www.iu.de\/campus\/wuerzburg\/\" target=\"_blank\" rel=\"noopener\"><strong>Universit\u00e9 internationale des sciences appliqu\u00e9es Campus de W\u00fcrzburg (IU) :<\/strong><\/a> L&rsquo;IU International University of Applied Sciences g\u00e8re un campus \u00e0 W\u00fcrzburg avec des programmes d&rsquo;\u00e9tudes orient\u00e9s vers la pratique. Le site offre de petits groupes d&rsquo;apprentissage et un encadrement personnalis\u00e9 dans un emplacement central de la ville. <strong><br \/>\n<\/strong><\/li>\n<\/ul>\n<\/div><\/div><\/div><\/div><\/div><div class=\"fusion-fullwidth fullwidth-box fusion-builder-row-3 fusion-flex-container has-pattern-background has-mask-background nonhundred-percent-fullwidth non-hundred-percent-height-scrolling inhalte\" style=\"--awb-border-radius-top-left:0px;--awb-border-radius-top-right:0px;--awb-border-radius-bottom-right:0px;--awb-border-radius-bottom-left:0px;--awb-padding-top:80px;--awb-padding-top-medium:55px;--awb-padding-top-small:30px;--awb-flex-wrap:wrap;\" id=\"hochschulen_bildungseinrichtungen\" ><div class=\"fusion-builder-row fusion-row fusion-flex-align-items-flex-start fusion-flex-justify-content-center fusion-flex-content-wrap\" style=\"max-width:1664px;margin-left: calc(-4% \/ 2 );margin-right: calc(-4% \/ 2 );\"><div class=\"fusion-layout-column fusion_builder_column fusion-builder-column-2 fusion_builder_column_4_5 4_5 fusion-flex-column\" style=\"--awb-bg-size:cover;--awb-width-large:80%;--awb-margin-top-large:0px;--awb-spacing-right-large:2.4%;--awb-margin-bottom-large:0px;--awb-spacing-left-large:2.4%;--awb-width-medium:80%;--awb-order-medium:0;--awb-spacing-right-medium:2.4%;--awb-spacing-left-medium:2.4%;--awb-width-small:100%;--awb-order-small:0;--awb-spacing-right-small:1.92%;--awb-spacing-left-small:1.92%;\" data-scroll-devices=\"small-visibility,medium-visibility,large-visibility\"><div class=\"fusion-column-wrapper fusion-column-has-shadow fusion-flex-justify-content-flex-start fusion-content-layout-column\"><div class=\"fusion-title title fusion-title-3 fusion-sep-none fusion-title-text fusion-title-size-two\" style=\"--awb-margin-top-small:0px;--awb-margin-right-small:0px;--awb-margin-bottom-small:0px;--awb-margin-left-small:0px;--awb-font-size:var(--awb-custom_typography_1-font-size);\"><h2 class=\"fusion-title-heading title-heading-left fusion-responsive-typography-calculated\" style=\"font-family:var(--awb-custom_typography_1-font-family);font-weight:var(--awb-custom_typography_1-font-weight);font-style:var(--awb-custom_typography_1-font-style);margin:0;letter-spacing:var(--awb-custom_typography_1-letter-spacing);text-transform:var(--awb-custom_typography_1-text-transform);font-size:1em;--fontSize:26;--minFontSize:26;line-height:1.15;\">Offres d&rsquo;\u00e9tudes en alternance<\/h2><\/div><div class=\"fusion-separator trenner_links\" style=\"align-self: flex-start;margin-right:auto;margin-top:15px;margin-bottom:15px;width:100%;max-width:100px;\"><div class=\"fusion-separator-border sep-single\" style=\"--awb-height:20px;--awb-amount:20px;border-color:var(--awb-custom_color_2);border-top-width:4px;\"><\/div><\/div><div class=\"fusion-text fusion-text-3\"><p>Un programme d&rsquo;\u00e9tudes en alternance combine des \u00e9tudes universitaires acad\u00e9miques avec des phases pratiques en entreprise ou dans des institutions. En Franconie-du-Main, il existe diverses possibilit\u00e9s pour des \u00e9tudes en alternance : <\/p>\n<ul>\n<li><strong>Universit\u00e9 des sciences appliqu\u00e9es de W\u00fcrzburg-Schweinfurt (THWS)<\/strong> : La THWS propose des <a href=\"https:\/\/www.thws.de\/studium-an-der-thws\/studieren\/duales-studium\/\" target=\"_blank\" rel=\"noopener\">programmes d&rsquo;\u00e9tudes en alternance<\/a> o\u00f9 les phases th\u00e9oriques d&rsquo;\u00e9tudes alternent avec des phases pratiques en entreprise, g\u00e9n\u00e9ralement pendant les p\u00e9riodes sans cours.<\/li>\n<li><strong>Centre hospitalier universitaire de W\u00fcrzburg<\/strong> : En coop\u00e9ration avec l&rsquo;Universit\u00e9 coop\u00e9rative d&rsquo;\u00c9tat de Bade-Wurtemberg (DHBW) \u00e0 Bad Mergentheim, le Centre hospitalier universitaire de W\u00fcrzburg propose le programme d&rsquo;\u00e9tudes en alternance <a href=\"https:\/\/www.mosbach.dhbw.de\/studium\/studienangebot-bachelor\/bwl-gesundheitsmanagement\/studieninhalte-profil\/\" target=\"_blank\" rel=\"noopener\">Gestion de la sant\u00e9 en administration des affaires<\/a>.<\/li>\n<li><strong>Entreprises de la r\u00e9gion<\/strong> : De nombreuses entreprises \u00e0 W\u00fcrzburg et dans ses environs proposent des places d&rsquo;\u00e9tudes en alternance dans diverses disciplines, y compris les principaux employeurs suivants de la r\u00e9gion :<\/li>\n<\/ul>\n<\/div><div ><a class=\"fusion-button button-3d fusion-button-default-size button-default fusion-button-default button-1 fusion-button-default-span fusion-button-default-type button_gruen\" style=\"--button_margin-bottom:30px;\" target=\"_self\" href=\"\/top-arbeitgeber\"><span class=\"fusion-button-text awb-button__text awb-button__text--default\">Vers les meilleurs employeurs<\/span><\/a><\/div><div class=\"fusion-text fusion-text-4\"><p>Vous trouverez d&rsquo;autres offres dans le <a href=\"https:\/\/www.ausbildungskompass.de\/mainfranken\" target=\"_blank\" rel=\"noopener\">Guide de formation de la Franconie-du-Main<\/a> sous la rubrique \u00ab \u00c9tudes avec formation \u00bb.<\/p>\n<\/div><\/div><\/div><\/div><\/div><div class=\"fusion-fullwidth fullwidth-box fusion-builder-row-4 fusion-flex-container has-pattern-background has-mask-background nonhundred-percent-fullwidth non-hundred-percent-height-scrolling inhalte\" style=\"--awb-border-radius-top-left:0px;--awb-border-radius-top-right:0px;--awb-border-radius-bottom-right:0px;--awb-border-radius-bottom-left:0px;--awb-padding-top:80px;--awb-padding-bottom:80px;--awb-padding-top-medium:55px;--awb-padding-bottom-medium:55px;--awb-padding-top-small:30px;--awb-padding-bottom-small:30px;--awb-flex-wrap:wrap;\" id=\"hochschulen_bildungseinrichtungen\" ><div class=\"fusion-builder-row fusion-row fusion-flex-align-items-flex-start fusion-flex-justify-content-center fusion-flex-content-wrap\" style=\"max-width:1664px;margin-left: calc(-4% \/ 2 );margin-right: calc(-4% \/ 2 );\"><div class=\"fusion-layout-column fusion_builder_column fusion-builder-column-3 fusion_builder_column_4_5 4_5 fusion-flex-column\" style=\"--awb-bg-size:cover;--awb-width-large:80%;--awb-margin-top-large:0px;--awb-spacing-right-large:2.4%;--awb-margin-bottom-large:0px;--awb-spacing-left-large:2.4%;--awb-width-medium:80%;--awb-order-medium:0;--awb-spacing-right-medium:2.4%;--awb-spacing-left-medium:2.4%;--awb-width-small:100%;--awb-order-small:0;--awb-spacing-right-small:1.92%;--awb-spacing-left-small:1.92%;\" data-scroll-devices=\"small-visibility,medium-visibility,large-visibility\"><div class=\"fusion-column-wrapper fusion-column-has-shadow fusion-flex-justify-content-flex-start fusion-content-layout-column\"><div class=\"fusion-title title fusion-title-4 fusion-sep-none fusion-title-text fusion-title-size-two\" style=\"--awb-margin-top-small:0px;--awb-margin-right-small:0px;--awb-margin-bottom-small:0px;--awb-margin-left-small:0px;--awb-font-size:var(--awb-custom_typography_1-font-size);\"><h2 class=\"fusion-title-heading title-heading-left fusion-responsive-typography-calculated\" style=\"font-family:var(--awb-custom_typography_1-font-family);font-weight:var(--awb-custom_typography_1-font-weight);font-style:var(--awb-custom_typography_1-font-style);margin:0;letter-spacing:var(--awb-custom_typography_1-letter-spacing);text-transform:var(--awb-custom_typography_1-text-transform);font-size:1em;--fontSize:26;--minFontSize:26;line-height:1.15;\">Soutien pour le d\u00e9marrage de carri\u00e8re<\/h2><\/div><div class=\"fusion-separator trenner_links\" style=\"align-self: flex-start;margin-right:auto;margin-top:15px;margin-bottom:15px;width:100%;max-width:100px;\"><div class=\"fusion-separator-border sep-single\" style=\"--awb-height:20px;--awb-amount:20px;border-color:var(--awb-custom_color_2);border-top-width:4px;\"><\/div><\/div><div class=\"fusion-text fusion-text-5\"><p>Tant l&rsquo;<strong>Universit\u00e9 de W\u00fcrzburg<\/strong> que la <strong>THWS<\/strong> offrent un soutien complet pour la transition des \u00e9tudes vers la vie professionnelle gr\u00e2ce \u00e0 leurs centres de carri\u00e8re. Ils aident les \u00e9tudiants avec des conseils sur les candidatures, les stages et l&rsquo;entr\u00e9e dans la vie professionnelle, \u00e9tablissent des contacts avec les entreprises et organisent r\u00e9guli\u00e8rement des salons de l&#8217;emploi et des ateliers. <\/p>\n<ul>\n<li><strong>Centre de carri\u00e8re de l&rsquo;Universit\u00e9 de Wurtzbourg<\/strong> : <a href=\"https:\/\/www.uni-wuerzburg.de\/career\/\" target=\"_blank\" rel=\"noopener\">https:\/\/www.uni-wuerzburg.de\/career\/<\/a><\/li>\n<li><strong>Service de carri\u00e8re de la THWS<\/strong> : <a href=\"https:\/\/www.thws.de\/beratung-und-service\/career-service\/\" target=\"_blank\" rel=\"noopener\">https:\/\/www.thws.de\/beratung-und-service\/career-service\/<\/a><\/li>\n<\/ul>\n<\/div><div class=\"fusion-text fusion-text-6\" style=\"--awb-margin-top:20px;\"><p>Si vous souhaitez vous lancer dans l&rsquo;entrepreneuriat apr\u00e8s vos \u00e9tudes ou travailler sur des projets d&rsquo;avenir, vous \u00eates au bon endroit en Franconie-du-Main. Les <a href=\"https:\/\/gim-bayern.de\/\" target=\"_blank\" rel=\"noopener\">centres d&rsquo;innovation et d&rsquo;entrepreneuriat<\/a> de la r\u00e9gion vous offrent un soutien complet \u2013 du coaching et des conseils de financement aux espaces de coworking et aux programmes de mentorat.<\/p>\n<\/div><\/div><\/div><\/div><\/div><\/p>\n","protected":false},"excerpt":{"rendered":"","protected":false},"author":2,"featured_media":0,"parent":5318,"menu_order":0,"comment_status":"closed","ping_status":"closed","template":"100-width.php","meta":{"footnotes":"","_links_to":"","_links_to_target":""},"class_list":["post-5051","page","type-page","status-publish","hentry"],"yoast_head":"<!-- This site is optimized with the Yoast SEO plugin v27.2 - https:\/\/yoast.com\/product\/yoast-seo-wordpress\/ -->\n<title>\u00c9tablissements d&#039;enseignement sup\u00e9rieur &amp; institutions \u00e9ducatives - Region Mainfranken<\/title>\n<meta name=\"robots\" content=\"index, follow, max-snippet:-1, max-image-preview:large, max-video-preview:-1\" \/>\n<link rel=\"canonical\" href=\"https:\/\/career-mainfranken.com\/fr\/pour-les-etudiants\/etablissements-denseignement-superieur-institutions-educatives\/\" \/>\n<meta property=\"og:locale\" content=\"fr_FR\" \/>\n<meta property=\"og:type\" content=\"article\" \/>\n<meta property=\"og:title\" content=\"\u00c9tablissements d&#039;enseignement sup\u00e9rieur &amp; institutions \u00e9ducatives - Region Mainfranken\" \/>\n<meta property=\"og:url\" content=\"https:\/\/career-mainfranken.com\/fr\/pour-les-etudiants\/etablissements-denseignement-superieur-institutions-educatives\/\" \/>\n<meta property=\"og:site_name\" content=\"Region Mainfranken\" \/>\n<meta property=\"article:modified_time\" content=\"2025-05-21T08:37:13+00:00\" \/>\n<meta name=\"twitter:card\" content=\"summary_large_image\" \/>\n<meta name=\"twitter:label1\" content=\"Dur\u00e9e de lecture estim\u00e9e\" \/>\n\t<meta name=\"twitter:data1\" content=\"35 minutes\" \/>\n<script type=\"application\/ld+json\" class=\"yoast-schema-graph\">{\"@context\":\"https:\/\/schema.org\",\"@graph\":[{\"@type\":\"WebPage\",\"@id\":\"https:\/\/career-mainfranken.com\/fr\/pour-les-etudiants\/etablissements-denseignement-superieur-institutions-educatives\/\",\"url\":\"https:\/\/career-mainfranken.com\/fr\/pour-les-etudiants\/etablissements-denseignement-superieur-institutions-educatives\/\",\"name\":\"\u00c9tablissements d'enseignement sup\u00e9rieur &amp; institutions \u00e9ducatives - Region Mainfranken\",\"isPartOf\":{\"@id\":\"https:\/\/career-mainfranken.com\/fr\/#website\"},\"datePublished\":\"2025-05-06T10:10:36+00:00\",\"dateModified\":\"2025-05-21T08:37:13+00:00\",\"breadcrumb\":{\"@id\":\"https:\/\/career-mainfranken.com\/fr\/pour-les-etudiants\/etablissements-denseignement-superieur-institutions-educatives\/#breadcrumb\"},\"inLanguage\":\"fr-FR\",\"potentialAction\":[{\"@type\":\"ReadAction\",\"target\":[\"https:\/\/career-mainfranken.com\/fr\/pour-les-etudiants\/etablissements-denseignement-superieur-institutions-educatives\/\"]}]},{\"@type\":\"BreadcrumbList\",\"@id\":\"https:\/\/career-mainfranken.com\/fr\/pour-les-etudiants\/etablissements-denseignement-superieur-institutions-educatives\/#breadcrumb\",\"itemListElement\":[{\"@type\":\"ListItem\",\"position\":1,\"name\":\"Page d'accueil\",\"item\":\"https:\/\/career-mainfranken.com\/fr\/page-daccueil\/\"},{\"@type\":\"ListItem\",\"position\":2,\"name\":\"Pour les \u00e9tudiants\",\"item\":\"https:\/\/career-mainfranken.com\/fr\/pour-les-etudiants\/\"},{\"@type\":\"ListItem\",\"position\":3,\"name\":\"\u00c9tablissements d&rsquo;enseignement sup\u00e9rieur &amp; institutions \u00e9ducatives\"}]},{\"@type\":\"WebSite\",\"@id\":\"https:\/\/career-mainfranken.com\/fr\/#website\",\"url\":\"https:\/\/career-mainfranken.com\/fr\/\",\"name\":\"Region Mainfranken\",\"description\":\"\",\"potentialAction\":[{\"@type\":\"SearchAction\",\"target\":{\"@type\":\"EntryPoint\",\"urlTemplate\":\"https:\/\/career-mainfranken.com\/fr\/?s={search_term_string}\"},\"query-input\":{\"@type\":\"PropertyValueSpecification\",\"valueRequired\":true,\"valueName\":\"search_term_string\"}}],\"inLanguage\":\"fr-FR\"}]}<\/script>\n<!-- \/ Yoast SEO plugin. -->","yoast_head_json":{"title":"\u00c9tablissements d'enseignement sup\u00e9rieur &amp; institutions \u00e9ducatives - Region Mainfranken","robots":{"index":"index","follow":"follow","max-snippet":"max-snippet:-1","max-image-preview":"max-image-preview:large","max-video-preview":"max-video-preview:-1"},"canonical":"https:\/\/career-mainfranken.com\/fr\/pour-les-etudiants\/etablissements-denseignement-superieur-institutions-educatives\/","og_locale":"fr_FR","og_type":"article","og_title":"\u00c9tablissements d'enseignement sup\u00e9rieur &amp; institutions \u00e9ducatives - Region Mainfranken","og_url":"https:\/\/career-mainfranken.com\/fr\/pour-les-etudiants\/etablissements-denseignement-superieur-institutions-educatives\/","og_site_name":"Region Mainfranken","article_modified_time":"2025-05-21T08:37:13+00:00","twitter_card":"summary_large_image","twitter_misc":{"Dur\u00e9e de lecture estim\u00e9e":"35 minutes"},"schema":{"@context":"https:\/\/schema.org","@graph":[{"@type":"WebPage","@id":"https:\/\/career-mainfranken.com\/fr\/pour-les-etudiants\/etablissements-denseignement-superieur-institutions-educatives\/","url":"https:\/\/career-mainfranken.com\/fr\/pour-les-etudiants\/etablissements-denseignement-superieur-institutions-educatives\/","name":"\u00c9tablissements d'enseignement sup\u00e9rieur &amp; institutions \u00e9ducatives - Region Mainfranken","isPartOf":{"@id":"https:\/\/career-mainfranken.com\/fr\/#website"},"datePublished":"2025-05-06T10:10:36+00:00","dateModified":"2025-05-21T08:37:13+00:00","breadcrumb":{"@id":"https:\/\/career-mainfranken.com\/fr\/pour-les-etudiants\/etablissements-denseignement-superieur-institutions-educatives\/#breadcrumb"},"inLanguage":"fr-FR","potentialAction":[{"@type":"ReadAction","target":["https:\/\/career-mainfranken.com\/fr\/pour-les-etudiants\/etablissements-denseignement-superieur-institutions-educatives\/"]}]},{"@type":"BreadcrumbList","@id":"https:\/\/career-mainfranken.com\/fr\/pour-les-etudiants\/etablissements-denseignement-superieur-institutions-educatives\/#breadcrumb","itemListElement":[{"@type":"ListItem","position":1,"name":"Page d'accueil","item":"https:\/\/career-mainfranken.com\/fr\/page-daccueil\/"},{"@type":"ListItem","position":2,"name":"Pour les \u00e9tudiants","item":"https:\/\/career-mainfranken.com\/fr\/pour-les-etudiants\/"},{"@type":"ListItem","position":3,"name":"\u00c9tablissements d&rsquo;enseignement sup\u00e9rieur &amp; institutions \u00e9ducatives"}]},{"@type":"WebSite","@id":"https:\/\/career-mainfranken.com\/fr\/#website","url":"https:\/\/career-mainfranken.com\/fr\/","name":"Region Mainfranken","description":"","potentialAction":[{"@type":"SearchAction","target":{"@type":"EntryPoint","urlTemplate":"https:\/\/career-mainfranken.com\/fr\/?s={search_term_string}"},"query-input":{"@type":"PropertyValueSpecification","valueRequired":true,"valueName":"search_term_string"}}],"inLanguage":"fr-FR"}]}},"_links":{"self":[{"href":"https:\/\/career-mainfranken.com\/fr\/wp-json\/wp\/v2\/pages\/5051","targetHints":{"allow":["GET"]}}],"collection":[{"href":"https:\/\/career-mainfranken.com\/fr\/wp-json\/wp\/v2\/pages"}],"about":[{"href":"https:\/\/career-mainfranken.com\/fr\/wp-json\/wp\/v2\/types\/page"}],"author":[{"embeddable":true,"href":"https:\/\/career-mainfranken.com\/fr\/wp-json\/wp\/v2\/users\/2"}],"replies":[{"embeddable":true,"href":"https:\/\/career-mainfranken.com\/fr\/wp-json\/wp\/v2\/comments?post=5051"}],"version-history":[{"count":0,"href":"https:\/\/career-mainfranken.com\/fr\/wp-json\/wp\/v2\/pages\/5051\/revisions"}],"up":[{"embeddable":true,"href":"https:\/\/career-mainfranken.com\/fr\/wp-json\/wp\/v2\/pages\/5318"}],"wp:attachment":[{"href":"https:\/\/career-mainfranken.com\/fr\/wp-json\/wp\/v2\/media?parent=5051"}],"curies":[{"name":"wp","href":"https:\/\/api.w.org\/{rel}","templated":true}]}}