{"id":3538,"date":"2025-04-24T09:36:16","date_gmt":"2025-04-24T07:36:16","guid":{"rendered":"https:\/\/career-mainfranken.com\/pour-les-employeurs\/"},"modified":"2025-05-21T10:38:00","modified_gmt":"2025-05-21T08:38:00","slug":"pour-les-employeurs","status":"publish","type":"page","link":"https:\/\/career-mainfranken.com\/fr\/pour-les-employeurs\/","title":{"rendered":"Pour les employeurs"},"content":{"rendered":"<p><div class=\"fusion-fullwidth fullwidth-box fusion-builder-row-1 fusion-flex-container has-pattern-background has-mask-background nonhundred-percent-fullwidth non-hundred-percent-height-scrolling header\" style=\"--awb-border-radius-top-left:0px;--awb-border-radius-top-right:0px;--awb-border-radius-bottom-right:0px;--awb-border-radius-bottom-left:0px;--awb-padding-top:100px;--awb-padding-bottom:80px;--awb-padding-top-medium:75px;--awb-padding-bottom-medium:55px;--awb-padding-top-small:50px;--awb-padding-bottom-small:30px;--awb-flex-wrap:wrap;\" ><div class=\"fusion-builder-row fusion-row fusion-flex-align-items-flex-start fusion-flex-justify-content-center fusion-flex-content-wrap\" style=\"max-width:1664px;margin-left: calc(-4% \/ 2 );margin-right: calc(-4% \/ 2 );\"><div class=\"fusion-layout-column fusion_builder_column fusion-builder-column-0 fusion_builder_column_4_5 4_5 fusion-flex-column fusion-flex-align-self-center angebote_header\" style=\"--awb-bg-size:cover;--awb-width-large:80%;--awb-margin-top-large:0px;--awb-spacing-right-large:2.4%;--awb-margin-bottom-large:0px;--awb-spacing-left-large:2.4%;--awb-width-medium:80%;--awb-order-medium:0;--awb-spacing-right-medium:2.4%;--awb-spacing-left-medium:2.4%;--awb-width-small:100%;--awb-order-small:0;--awb-spacing-right-small:1.92%;--awb-spacing-left-small:1.92%;\" data-scroll-devices=\"small-visibility,medium-visibility,large-visibility\"><div class=\"fusion-column-wrapper fusion-column-has-shadow fusion-flex-justify-content-flex-start fusion-content-layout-column\"><div class=\"fusion-title title fusion-title-1 fusion-sep-none fusion-title-text fusion-title-size-one\" style=\"--awb-text-color:var(--awb-color5);--awb-margin-top-small:0px;--awb-margin-right-small:0px;--awb-margin-bottom-small:0px;--awb-margin-left-small:0px;--awb-font-size:var(--awb-typography2-font-size);\"><h1 class=\"fusion-title-heading title-heading-left fusion-responsive-typography-calculated\" style=\"font-family:var(--awb-typography2-font-family);font-weight:var(--awb-typography2-font-weight);font-style:var(--awb-typography2-font-style);margin:0;letter-spacing:var(--awb-typography2-letter-spacing);text-transform:var(--awb-typography2-text-transform);font-size:1em;--fontSize:70;line-height:1;\">Pour les employeurs<\/h1><\/div><div class=\"fusion-separator trenner_links\" style=\"align-self: flex-start;margin-right:auto;margin-top:25px;margin-bottom:25px;width:100%;max-width:100px;\"><div class=\"fusion-separator-border sep-single sep-solid\" style=\"--awb-height:20px;--awb-amount:20px;--awb-sep-color:var(--awb-color5);border-color:var(--awb-color5);border-top-width:4px;\"><\/div><\/div><div class=\"fusion-title title fusion-title-2 fusion-sep-none fusion-title-text fusion-title-size-three\" style=\"--awb-margin-top:15px;--awb-margin-bottom:30px;--awb-margin-top-small:5px;--awb-margin-right-small:0px;--awb-margin-bottom-small:20px;--awb-margin-left-small:0px;--awb-margin-top-medium:10px;--awb-margin-bottom-medium:25px;\"><h3 class=\"fusion-title-heading title-heading-left fusion-responsive-typography-calculated\" style=\"margin:0;--fontSize:26;--minFontSize:26;line-height:1.15;\">Vous \u00eates employeur en Mainfranken ? Alors devenez partie int\u00e9grante de notre campagne de recrutement de professionnels<\/h3><\/div><div class=\"fusion-text fusion-text-1\"><p>Mainfranken offre non seulement une qualit\u00e9 de vie, mais aussi des perspectives professionnelles \u2013 et c&rsquo;est pr\u00e9cis\u00e9ment l\u00e0 que nous intervenons : La campagne <strong>\u00ab Region Mainfranken \u2013 work &amp; live \u00bb<\/strong> met en relation les employeurs r\u00e9gionaux avec de potentiels nouveaux collaborateurs. Cela inclut, par exemple, des \u00e9tudiants nationaux et internationaux, des personnes ayant abandonn\u00e9 leurs \u00e9tudes \u00e0 la recherche de nouvelles voies, des apprentis et \u00ab des personnes de retour \u00bb \u00e0 la recherche de nouveaux d\u00e9fis professionnels dans leur r\u00e9gion d&rsquo;origine. <\/p>\n<p><strong>Positionnez votre entreprise dans notre r\u00e9gion<\/strong> \u2013 de mani\u00e8re num\u00e9rique, visible et authentique. Montrez ce que vous avez \u00e0 offrir et atteignez des talents r\u00e9gionaux et internationaux. <\/p>\n<p><strong>Vos avantages en tant que participant \u00e0 la campagne :<\/strong><\/p>\n<ul>\n<li>Pr\u00e9sentation de votre entreprise sur une plateforme adapt\u00e9e au groupe cible<\/li>\n<li>Acc\u00e8s direct aux futurs professionnels qualifi\u00e9s de la r\u00e9gion et au-del\u00e0<\/li>\n<li>Int\u00e9gration dans des activit\u00e9s et projets visant \u00e0 assurer la main-d&rsquo;\u0153uvre qualifi\u00e9e, comme par exemple les Career.Tours<\/li>\n<li>Formats d&rsquo;\u00e9v\u00e9nements gratuits autour du th\u00e8me du recrutement et de la r\u00e9tention de main-d&rsquo;\u0153uvre qualifi\u00e9e<\/li>\n<li>Avantages partenaires, par exemple en tant que sponsor pour Jugend forscht ou dans le guide de formation<\/li>\n<\/ul>\n<p><strong>Rejoignez-nous d\u00e8s maintenant et montrez votre pr\u00e9sence !<\/strong><br \/>Remplissez simplement notre formulaire de r\u00e9servation et faites partie du r\u00e9seau :<\/p>\n<\/div><div ><a class=\"fusion-button button-3d fusion-button-default-size button-default fusion-button-default button-1 fusion-button-default-span fusion-button-default-type button_gruen\" style=\"--button_margin-bottom:30px;\" target=\"_blank\" rel=\"noopener noreferrer\" href=\"https:\/\/career-mainfranken.com\/wp-content\/uploads\/Buchungsformular_Kampagne.pdf\"><span class=\"fusion-button-text awb-button__text awb-button__text--default\">Vers le formulaire de r\u00e9servation<\/span><\/a><\/div><\/div><\/div><\/div><\/div><div class=\"fusion-fullwidth fullwidth-box fusion-builder-row-2 fusion-flex-container has-pattern-background has-mask-background nonhundred-percent-fullwidth non-hundred-percent-height-scrolling inhalte\" style=\"--awb-border-radius-top-left:0px;--awb-border-radius-top-right:0px;--awb-border-radius-bottom-right:0px;--awb-border-radius-bottom-left:0px;--awb-padding-bottom:80px;--awb-padding-bottom-medium:55px;--awb-padding-bottom-small:30px;--awb-flex-wrap:wrap;\" ><div class=\"fusion-builder-row fusion-row fusion-flex-align-items-flex-start fusion-flex-justify-content-center fusion-flex-content-wrap\" style=\"max-width:1664px;margin-left: calc(-4% \/ 2 );margin-right: calc(-4% \/ 2 );\"><div class=\"fusion-layout-column fusion_builder_column fusion-builder-column-1 fusion_builder_column_4_5 4_5 fusion-flex-column\" style=\"--awb-bg-size:cover;--awb-width-large:80%;--awb-margin-top-large:0px;--awb-spacing-right-large:2.4%;--awb-margin-bottom-large:0px;--awb-spacing-left-large:2.4%;--awb-width-medium:80%;--awb-order-medium:0;--awb-spacing-right-medium:2.4%;--awb-spacing-left-medium:2.4%;--awb-width-small:100%;--awb-order-small:0;--awb-spacing-right-small:1.92%;--awb-spacing-left-small:1.92%;\" data-scroll-devices=\"small-visibility,medium-visibility,large-visibility\"><div class=\"fusion-column-wrapper fusion-column-has-shadow fusion-flex-justify-content-flex-start fusion-content-layout-column\"><div class=\"fusion-title title fusion-title-3 fusion-sep-none fusion-title-text fusion-title-size-two\" style=\"--awb-margin-top-small:0px;--awb-margin-right-small:0px;--awb-margin-bottom-small:0px;--awb-margin-left-small:0px;--awb-font-size:var(--awb-custom_typography_1-font-size);\"><h2 class=\"fusion-title-heading title-heading-left fusion-responsive-typography-calculated\" style=\"font-family:var(--awb-custom_typography_1-font-family);font-weight:var(--awb-custom_typography_1-font-weight);font-style:var(--awb-custom_typography_1-font-style);margin:0;letter-spacing:var(--awb-custom_typography_1-letter-spacing);text-transform:var(--awb-custom_typography_1-text-transform);font-size:1em;--fontSize:26;--minFontSize:26;line-height:1.15;\">Vous souhaitez en savoir plus ? Nous vous conseillons volontiers <\/h2><\/div><div class=\"fusion-separator trenner_links\" style=\"align-self: flex-start;margin-right:auto;margin-top:15px;margin-bottom:15px;width:100%;max-width:100px;\"><div class=\"fusion-separator-border sep-single\" style=\"--awb-height:20px;--awb-amount:20px;border-color:var(--awb-custom_color_2);border-top-width:4px;\"><\/div><\/div><div class=\"fusion-text fusion-text-2\"><p>Region Mainfranken GmbH<br \/>Maximilian Heil<br \/><a href=\"mailto:heil@mainfranken.org\">heil@mainfranken.org<\/a><br \/>T\u00e9l : <a href=\"tel:+4993145265215\">0931\/452652-15<\/a><br \/>Ludwigstra\u00dfe 10a<br \/>97070 W\u00fcrzburg<\/p>\n<\/div><div ><a class=\"fusion-button button-3d fusion-button-default-size button-default fusion-button-default button-2 fusion-button-default-span fusion-button-default-type button_gruen\" style=\"--button_margin-bottom:30px;\" target=\"_blank\" rel=\"noopener noreferrer\" href=\"https:\/\/mainfranken.odoo.com\/newsletter-fachkraftekampagne\"><span class=\"fusion-button-text awb-button__text awb-button__text--default\">S&rsquo;abonner \u00e0 la newsletter<\/span><\/a><\/div><\/div><\/div><\/div><\/div><div class=\"fusion-fullwidth fullwidth-box fusion-builder-row-3 fusion-flex-container has-pattern-background has-mask-background nonhundred-percent-fullwidth non-hundred-percent-height-scrolling inhalte\" style=\"--awb-border-radius-top-left:0px;--awb-border-radius-top-right:0px;--awb-border-radius-bottom-right:0px;--awb-border-radius-bottom-left:0px;--awb-padding-bottom:80px;--awb-padding-bottom-medium:55px;--awb-padding-bottom-small:30px;--awb-flex-wrap:wrap;\" ><div class=\"fusion-builder-row fusion-row fusion-flex-align-items-flex-start fusion-flex-justify-content-center fusion-flex-content-wrap\" style=\"max-width:1664px;margin-left: calc(-4% \/ 2 );margin-right: calc(-4% \/ 2 );\"><div class=\"fusion-layout-column fusion_builder_column fusion-builder-column-2 fusion_builder_column_4_5 4_5 fusion-flex-column\" style=\"--awb-bg-size:cover;--awb-width-large:80%;--awb-margin-top-large:0px;--awb-spacing-right-large:2.4%;--awb-margin-bottom-large:0px;--awb-spacing-left-large:2.4%;--awb-width-medium:80%;--awb-order-medium:0;--awb-spacing-right-medium:2.4%;--awb-spacing-left-medium:2.4%;--awb-width-small:100%;--awb-order-small:0;--awb-spacing-right-small:1.92%;--awb-spacing-left-small:1.92%;\" data-scroll-devices=\"small-visibility,medium-visibility,large-visibility\"><div class=\"fusion-column-wrapper fusion-column-has-shadow fusion-flex-justify-content-flex-start fusion-content-layout-column\"><div class=\"fusion-title title fusion-title-4 fusion-sep-none fusion-title-text fusion-title-size-two\" style=\"--awb-margin-top-small:0px;--awb-margin-right-small:0px;--awb-margin-bottom-small:0px;--awb-margin-left-small:0px;--awb-font-size:var(--awb-custom_typography_1-font-size);\"><h2 class=\"fusion-title-heading title-heading-left fusion-responsive-typography-calculated\" style=\"font-family:var(--awb-custom_typography_1-font-family);font-weight:var(--awb-custom_typography_1-font-weight);font-style:var(--awb-custom_typography_1-font-style);margin:0;letter-spacing:var(--awb-custom_typography_1-letter-spacing);text-transform:var(--awb-custom_typography_1-text-transform);font-size:1em;--fontSize:26;--minFontSize:26;line-height:1.15;\">Comment proc\u00e8dent les autres ? Exemples de meilleures pratiques de la r\u00e9gion <\/h2><\/div><div class=\"fusion-separator trenner_links\" style=\"align-self: flex-start;margin-right:auto;margin-top:15px;margin-bottom:15px;width:100%;max-width:100px;\"><div class=\"fusion-separator-border sep-single\" style=\"--awb-height:20px;--awb-amount:20px;border-color:var(--awb-custom_color_2);border-top-width:4px;\"><\/div><\/div><div class=\"fusion-text fusion-text-3\"><p>Tout \u00e0 fait dans l&rsquo;esprit \u00ab d&rsquo;apprendre les uns des autres et ensemble \u00bb, vous trouverez ici r\u00e9guli\u00e8rement <a href=\"https:\/\/career-mainfranken.com\/fr\/meilleures-pratiques\/\">de nouveaux exemples actuels d&rsquo;entreprises de Mainfranken<\/a> qui se distinguent par des mesures innovantes dans le domaine du recrutement et de la r\u00e9tention des professionnels.<\/p>\n<\/div><\/div><\/div><\/div><\/div><\/p>\n","protected":false},"excerpt":{"rendered":"","protected":false},"author":2,"featured_media":0,"parent":0,"menu_order":0,"comment_status":"closed","ping_status":"closed","template":"100-width.php","meta":{"footnotes":"","_links_to":"","_links_to_target":""},"class_list":["post-3538","page","type-page","status-publish","hentry"],"yoast_head":"<!-- This site is optimized with the Yoast SEO plugin v27.2 - https:\/\/yoast.com\/product\/yoast-seo-wordpress\/ -->\n<title>Pour les employeurs - Region Mainfranken<\/title>\n<meta name=\"robots\" content=\"index, follow, max-snippet:-1, max-image-preview:large, max-video-preview:-1\" \/>\n<link rel=\"canonical\" href=\"https:\/\/career-mainfranken.com\/fr\/pour-les-employeurs\/\" \/>\n<meta property=\"og:locale\" content=\"fr_FR\" \/>\n<meta property=\"og:type\" content=\"article\" \/>\n<meta property=\"og:title\" content=\"Pour les employeurs - Region Mainfranken\" \/>\n<meta property=\"og:url\" content=\"https:\/\/career-mainfranken.com\/fr\/pour-les-employeurs\/\" \/>\n<meta property=\"og:site_name\" content=\"Region Mainfranken\" \/>\n<meta property=\"article:modified_time\" content=\"2025-05-21T08:38:00+00:00\" \/>\n<meta name=\"twitter:card\" content=\"summary_large_image\" \/>\n<meta name=\"twitter:label1\" content=\"Dur\u00e9e de lecture estim\u00e9e\" \/>\n\t<meta name=\"twitter:data1\" content=\"14 minutes\" \/>\n<script type=\"application\/ld+json\" class=\"yoast-schema-graph\">{\"@context\":\"https:\/\/schema.org\",\"@graph\":[{\"@type\":\"WebPage\",\"@id\":\"https:\/\/career-mainfranken.com\/fr\/pour-les-employeurs\/\",\"url\":\"https:\/\/career-mainfranken.com\/fr\/pour-les-employeurs\/\",\"name\":\"Pour les employeurs - Region Mainfranken\",\"isPartOf\":{\"@id\":\"https:\/\/career-mainfranken.com\/fr\/#website\"},\"datePublished\":\"2025-04-24T07:36:16+00:00\",\"dateModified\":\"2025-05-21T08:38:00+00:00\",\"breadcrumb\":{\"@id\":\"https:\/\/career-mainfranken.com\/fr\/pour-les-employeurs\/#breadcrumb\"},\"inLanguage\":\"fr-FR\",\"potentialAction\":[{\"@type\":\"ReadAction\",\"target\":[\"https:\/\/career-mainfranken.com\/fr\/pour-les-employeurs\/\"]}]},{\"@type\":\"BreadcrumbList\",\"@id\":\"https:\/\/career-mainfranken.com\/fr\/pour-les-employeurs\/#breadcrumb\",\"itemListElement\":[{\"@type\":\"ListItem\",\"position\":1,\"name\":\"Page d'accueil\",\"item\":\"https:\/\/career-mainfranken.com\/fr\/page-daccueil\/\"},{\"@type\":\"ListItem\",\"position\":2,\"name\":\"Pour les employeurs\"}]},{\"@type\":\"WebSite\",\"@id\":\"https:\/\/career-mainfranken.com\/fr\/#website\",\"url\":\"https:\/\/career-mainfranken.com\/fr\/\",\"name\":\"Region Mainfranken\",\"description\":\"\",\"potentialAction\":[{\"@type\":\"SearchAction\",\"target\":{\"@type\":\"EntryPoint\",\"urlTemplate\":\"https:\/\/career-mainfranken.com\/fr\/?s={search_term_string}\"},\"query-input\":{\"@type\":\"PropertyValueSpecification\",\"valueRequired\":true,\"valueName\":\"search_term_string\"}}],\"inLanguage\":\"fr-FR\"}]}<\/script>\n<!-- \/ Yoast SEO plugin. -->","yoast_head_json":{"title":"Pour les employeurs - Region Mainfranken","robots":{"index":"index","follow":"follow","max-snippet":"max-snippet:-1","max-image-preview":"max-image-preview:large","max-video-preview":"max-video-preview:-1"},"canonical":"https:\/\/career-mainfranken.com\/fr\/pour-les-employeurs\/","og_locale":"fr_FR","og_type":"article","og_title":"Pour les employeurs - Region Mainfranken","og_url":"https:\/\/career-mainfranken.com\/fr\/pour-les-employeurs\/","og_site_name":"Region Mainfranken","article_modified_time":"2025-05-21T08:38:00+00:00","twitter_card":"summary_large_image","twitter_misc":{"Dur\u00e9e de lecture estim\u00e9e":"14 minutes"},"schema":{"@context":"https:\/\/schema.org","@graph":[{"@type":"WebPage","@id":"https:\/\/career-mainfranken.com\/fr\/pour-les-employeurs\/","url":"https:\/\/career-mainfranken.com\/fr\/pour-les-employeurs\/","name":"Pour les employeurs - Region Mainfranken","isPartOf":{"@id":"https:\/\/career-mainfranken.com\/fr\/#website"},"datePublished":"2025-04-24T07:36:16+00:00","dateModified":"2025-05-21T08:38:00+00:00","breadcrumb":{"@id":"https:\/\/career-mainfranken.com\/fr\/pour-les-employeurs\/#breadcrumb"},"inLanguage":"fr-FR","potentialAction":[{"@type":"ReadAction","target":["https:\/\/career-mainfranken.com\/fr\/pour-les-employeurs\/"]}]},{"@type":"BreadcrumbList","@id":"https:\/\/career-mainfranken.com\/fr\/pour-les-employeurs\/#breadcrumb","itemListElement":[{"@type":"ListItem","position":1,"name":"Page d'accueil","item":"https:\/\/career-mainfranken.com\/fr\/page-daccueil\/"},{"@type":"ListItem","position":2,"name":"Pour les employeurs"}]},{"@type":"WebSite","@id":"https:\/\/career-mainfranken.com\/fr\/#website","url":"https:\/\/career-mainfranken.com\/fr\/","name":"Region Mainfranken","description":"","potentialAction":[{"@type":"SearchAction","target":{"@type":"EntryPoint","urlTemplate":"https:\/\/career-mainfranken.com\/fr\/?s={search_term_string}"},"query-input":{"@type":"PropertyValueSpecification","valueRequired":true,"valueName":"search_term_string"}}],"inLanguage":"fr-FR"}]}},"_links":{"self":[{"href":"https:\/\/career-mainfranken.com\/fr\/wp-json\/wp\/v2\/pages\/3538","targetHints":{"allow":["GET"]}}],"collection":[{"href":"https:\/\/career-mainfranken.com\/fr\/wp-json\/wp\/v2\/pages"}],"about":[{"href":"https:\/\/career-mainfranken.com\/fr\/wp-json\/wp\/v2\/types\/page"}],"author":[{"embeddable":true,"href":"https:\/\/career-mainfranken.com\/fr\/wp-json\/wp\/v2\/users\/2"}],"replies":[{"embeddable":true,"href":"https:\/\/career-mainfranken.com\/fr\/wp-json\/wp\/v2\/comments?post=3538"}],"version-history":[{"count":0,"href":"https:\/\/career-mainfranken.com\/fr\/wp-json\/wp\/v2\/pages\/3538\/revisions"}],"wp:attachment":[{"href":"https:\/\/career-mainfranken.com\/fr\/wp-json\/wp\/v2\/media?parent=3538"}],"curies":[{"name":"wp","href":"https:\/\/api.w.org\/{rel}","templated":true}]}}