{"id":3401,"date":"2025-05-07T10:00:26","date_gmt":"2025-05-07T08:00:26","guid":{"rendered":"https:\/\/career-mainfranken.com\/arriver\/cours-de-langue\/"},"modified":"2025-05-21T10:53:35","modified_gmt":"2025-05-21T08:53:35","slug":"cours-de-langue","status":"publish","type":"page","link":"https:\/\/career-mainfranken.com\/fr\/arriver\/cours-de-langue\/","title":{"rendered":"Cours de langue"},"content":{"rendered":"<div class=\"fusion-fullwidth fullwidth-box fusion-builder-row-1 fusion-flex-container has-pattern-background has-mask-background nonhundred-percent-fullwidth non-hundred-percent-height-scrolling header\" style=\"--awb-border-radius-top-left:0px;--awb-border-radius-top-right:0px;--awb-border-radius-bottom-right:0px;--awb-border-radius-bottom-left:0px;--awb-padding-top:100px;--awb-padding-bottom:80px;--awb-padding-top-medium:75px;--awb-padding-bottom-medium:55px;--awb-padding-top-small:50px;--awb-padding-bottom-small:30px;--awb-flex-wrap:wrap;\" ><div class=\"fusion-builder-row fusion-row fusion-flex-align-items-flex-start fusion-flex-align-content-flex-start fusion-flex-justify-content-center fusion-flex-content-wrap\" style=\"max-width:1664px;margin-left: calc(-4% \/ 2 );margin-right: calc(-4% \/ 2 );\"><div class=\"fusion-layout-column fusion_builder_column fusion-builder-column-0 fusion_builder_column_4_5 4_5 fusion-flex-column fusion-flex-align-self-center angebote_header\" style=\"--awb-padding-bottom:80px;--awb-padding-bottom-medium:55px;--awb-padding-bottom-small:30px;--awb-bg-size:cover;--awb-width-large:80%;--awb-margin-top-large:0px;--awb-spacing-right-large:2.4%;--awb-margin-bottom-large:0px;--awb-spacing-left-large:2.4%;--awb-width-medium:80%;--awb-order-medium:0;--awb-spacing-right-medium:2.4%;--awb-spacing-left-medium:2.4%;--awb-width-small:100%;--awb-order-small:0;--awb-spacing-right-small:1.92%;--awb-spacing-left-small:1.92%;\" data-scroll-devices=\"small-visibility,medium-visibility,large-visibility\"><div class=\"fusion-column-wrapper fusion-column-has-shadow fusion-flex-justify-content-flex-start fusion-content-layout-column\"><div class=\"fusion-title title fusion-title-1 fusion-sep-none fusion-title-text fusion-title-size-one\" style=\"--awb-text-color:var(--awb-color5);--awb-margin-top-small:0px;--awb-margin-right-small:0px;--awb-margin-bottom-small:0px;--awb-margin-left-small:0px;--awb-font-size:var(--awb-typography2-font-size);\"><h1 class=\"fusion-title-heading title-heading-left fusion-responsive-typography-calculated\" style=\"font-family:var(--awb-typography2-font-family);font-weight:var(--awb-typography2-font-weight);font-style:var(--awb-typography2-font-style);margin:0;letter-spacing:var(--awb-typography2-letter-spacing);text-transform:var(--awb-typography2-text-transform);font-size:1em;--fontSize:70;line-height:1;\">Cours de langue<\/h1><\/div><div class=\"fusion-separator trenner_links\" style=\"align-self: flex-start;margin-right:auto;margin-top:25px;margin-bottom:25px;width:100%;max-width:100px;\"><div class=\"fusion-separator-border sep-single sep-solid\" style=\"--awb-height:20px;--awb-amount:20px;--awb-sep-color:var(--awb-color5);border-color:var(--awb-color5);border-top-width:4px;\"><\/div><\/div><div class=\"fusion-text fusion-text-1\"><p>Que ce soit dans votre vie professionnelle, lors de vos achats ou dans vos conversations avec de nouveaux voisins, une bonne ma\u00eetrise de l&rsquo;allemand ouvre des portes et apporte de l&rsquo;assurance dans la vie quotidienne. Dans toute la r\u00e9gion de Mainfranken, vous trouverez une multitude d&rsquo;offres d&rsquo;apprentissage linguistique qui vous soutiendront dans votre installation \u2013 en ligne, via une application ou directement sur place dans des caf\u00e9s linguistiques et des \u00e9coles de langues organis\u00e9s librement. <\/p>\n<p>Si vous souhaitez apprendre de mani\u00e8re flexible depuis chez vous ou en d\u00e9placement, des plateformes telles que <a href=\"http:\/\/lernox.de\/\" target=\"_blank\" rel=\"noopener\">Lernox<\/a>, <a href=\"https:\/\/sprache-ist-integration.de\/\" target=\"_blank\" rel=\"noopener\">Sprache ist Integration<\/a> ou le <a href=\"https:\/\/www.vhs-lernportal.de\/wws\/9.php#\/wws\/home.php?sid=64893970661919116235600126203110504540459630153396035573029292929810S1332d0c3\" target=\"_blank\" rel=\"noopener\">VHS-Lernportal<\/a> vous offrent des possibilit\u00e9s gratuites et interactives. En compl\u00e9ment, il existe une multitude d&rsquo;applications d&rsquo;apprentissage des langues que vous pouvez facilement utiliser sur votre smartphone \u2013 par exemple <a href=\"https:\/\/de.duolingo.com\/\" target=\"_blank\" rel=\"noopener\">Duolingo<\/a>, <a href=\"https:\/\/www.busuu.com\/de\" target=\"_blank\" rel=\"noopener\">Busuu<\/a>, <a href=\"https:\/\/de.mondly.com\/\" target=\"_blank\" rel=\"noopener\">Mondly<\/a>, <a href=\"https:\/\/de.rosettastone.com\/\" target=\"_blank\" rel=\"noopener\">Rosetta Stone<\/a>, <a href=\"https:\/\/falou.app\/\" target=\"_blank\" rel=\"noopener\">Falou<\/a> ou <a href=\"https:\/\/www.hellotalk.com\/\" target=\"_blank\" rel=\"noopener\">HelloTalk<\/a>. <\/p>\n<p>En outre, ces offres suppl\u00e9mentaires peuvent vous aider \u00e0 apprendre et \u00e0 consolider vos connaissances en allemand : Le <a href=\"https:\/\/www.goethe.de\/de\/kul\/flm\/pod.html\" target=\"_blank\" rel=\"noopener\">Goethe-Institut<\/a> vous propose des podcasts dans diverses langues et sur diff\u00e9rents sujets, la <a href=\"https:\/\/learngerman.dw.com\/de\/langsam-gesprochene-nachrichten\/s-60040332\" target=\"_blank\" rel=\"noopener\">Deutsche Welle<\/a> offre presque quotidiennement des informations actuelles du monde entier, lues lentement, et une <a href=\"https:\/\/www.hwk-ufr.de\/artikel\/vokabel-app-rund-um-die-berufsausbildung-78,0,5121.html\" target=\"_blank\" rel=\"noopener\">application de vocabulaire<\/a> a \u00e9t\u00e9 d\u00e9velopp\u00e9e par la Chambre des M\u00e9tiers de Basse-Franconie autour de la formation professionnelle.<\/p>\n<p>Ci-dessous, vous trouverez un PDF pour chacune des offres linguistiques des arrondissements et des villes-arrondissements de Mainfranken :<\/p>\n<ul>\n<li><a href=\"\/wp-content\/uploads\/Wuerzburg_Webseite_Sprachen.pdf\" target=\"_blank\" rel=\"noopener\">Ville et arrondissement de W\u00fcrzburg (PDF)<\/a><\/li>\n<li><a href=\"\/wp-content\/uploads\/Schweinfurt_Webseite_Sprachen.pdf\" target=\"_blank\" rel=\"noopener\">Ville et arrondissement de Schweinfurt (PDF)<\/a><\/li>\n<li><a href=\"\/wp-content\/uploads\/Kitzingen_Webseite_Sprachen.pdf\" target=\"_blank\" rel=\"noopener\">Arrondissement de Kitzingen (PDF)<\/a><\/li>\n<li><a href=\"\/wp-content\/uploads\/Bad_Kissingen_Webseite_Sprachen.pdf\" target=\"_blank\" rel=\"noopener\">Arrondissement de Bad Kissingen (PDF)<\/a><\/li>\n<li><a href=\"\/wp-content\/uploads\/Hassberge_Webseite_Sprachen.pdf\" target=\"_blank\" rel=\"noopener\">Arrondissement de Ha\u00dfberge (PDF)<\/a><\/li>\n<li><a href=\"\/wp-content\/uploads\/Rhoen-Grabfeld_Webseite_Sprachen.pdf\" target=\"_blank\" rel=\"noopener\">Arrondissement de Rh\u00f6n-Grabfeld (PDF)<\/a><\/li>\n<li><a href=\"\/wp-content\/uploads\/Main-Spessart_Webseite_Sprachen.pdf\" target=\"_blank\" rel=\"noopener\">Arrondissement de Main-Spessart (PDF)<\/a><\/li>\n<\/ul>\n<p>Conseil secret pour les jeunes \u00e0 W\u00fcrzburg : on apprend toujours mieux une nouvelle langue en \u00e9changeant avec des locuteurs natifs. Nouez de nouveaux contacts avec l&rsquo;application <a href=\"https:\/\/www.peeps-official.de\/\" target=\"_blank\" rel=\"noopener\">peeps \u2013 the social map<\/a> et rencontrez d&rsquo;autres personnes lors de diff\u00e9rents <a href=\"https:\/\/www.peeps-official.de\/peeps-events\" target=\"_blank\" rel=\"noopener\">peeps Events<\/a> \u00e0 W\u00fcrzburg \u2013 ainsi, vous engagez facilement la conversation et am\u00e9liorez automatiquement votre allemand.<\/p>\n<\/div><\/div><\/div><\/div><\/div>\n","protected":false},"excerpt":{"rendered":"","protected":false},"author":2,"featured_media":0,"parent":3340,"menu_order":0,"comment_status":"closed","ping_status":"closed","template":"100-width.php","meta":{"footnotes":"","_links_to":"","_links_to_target":""},"class_list":["post-3401","page","type-page","status-publish","hentry"],"yoast_head":"<!-- This site is optimized with the Yoast SEO plugin v27.2 - https:\/\/yoast.com\/product\/yoast-seo-wordpress\/ -->\n<title>Cours de langue - Region Mainfranken<\/title>\n<meta name=\"robots\" content=\"index, follow, max-snippet:-1, max-image-preview:large, max-video-preview:-1\" \/>\n<link rel=\"canonical\" href=\"https:\/\/career-mainfranken.com\/fr\/arriver\/cours-de-langue\/\" \/>\n<meta property=\"og:locale\" content=\"fr_FR\" \/>\n<meta property=\"og:type\" content=\"article\" \/>\n<meta property=\"og:title\" content=\"Cours de langue - Region Mainfranken\" \/>\n<meta property=\"og:url\" content=\"https:\/\/career-mainfranken.com\/fr\/arriver\/cours-de-langue\/\" \/>\n<meta property=\"og:site_name\" content=\"Region Mainfranken\" \/>\n<meta property=\"article:modified_time\" content=\"2025-05-21T08:53:35+00:00\" \/>\n<meta name=\"twitter:card\" content=\"summary_large_image\" \/>\n<meta name=\"twitter:label1\" content=\"Dur\u00e9e de lecture estim\u00e9e\" \/>\n\t<meta name=\"twitter:data1\" content=\"9 minutes\" \/>\n<script type=\"application\/ld+json\" class=\"yoast-schema-graph\">{\"@context\":\"https:\/\/schema.org\",\"@graph\":[{\"@type\":\"WebPage\",\"@id\":\"https:\/\/career-mainfranken.com\/fr\/arriver\/cours-de-langue\/\",\"url\":\"https:\/\/career-mainfranken.com\/fr\/arriver\/cours-de-langue\/\",\"name\":\"Cours de langue - Region Mainfranken\",\"isPartOf\":{\"@id\":\"https:\/\/career-mainfranken.com\/fr\/#website\"},\"datePublished\":\"2025-05-07T08:00:26+00:00\",\"dateModified\":\"2025-05-21T08:53:35+00:00\",\"breadcrumb\":{\"@id\":\"https:\/\/career-mainfranken.com\/fr\/arriver\/cours-de-langue\/#breadcrumb\"},\"inLanguage\":\"fr-FR\",\"potentialAction\":[{\"@type\":\"ReadAction\",\"target\":[\"https:\/\/career-mainfranken.com\/fr\/arriver\/cours-de-langue\/\"]}]},{\"@type\":\"BreadcrumbList\",\"@id\":\"https:\/\/career-mainfranken.com\/fr\/arriver\/cours-de-langue\/#breadcrumb\",\"itemListElement\":[{\"@type\":\"ListItem\",\"position\":1,\"name\":\"Page d'accueil\",\"item\":\"https:\/\/career-mainfranken.com\/fr\/page-daccueil\/\"},{\"@type\":\"ListItem\",\"position\":2,\"name\":\"Arriver\",\"item\":\"https:\/\/career-mainfranken.com\/fr\/arriver\/\"},{\"@type\":\"ListItem\",\"position\":3,\"name\":\"Cours de langue\"}]},{\"@type\":\"WebSite\",\"@id\":\"https:\/\/career-mainfranken.com\/fr\/#website\",\"url\":\"https:\/\/career-mainfranken.com\/fr\/\",\"name\":\"Region Mainfranken\",\"description\":\"\",\"potentialAction\":[{\"@type\":\"SearchAction\",\"target\":{\"@type\":\"EntryPoint\",\"urlTemplate\":\"https:\/\/career-mainfranken.com\/fr\/?s={search_term_string}\"},\"query-input\":{\"@type\":\"PropertyValueSpecification\",\"valueRequired\":true,\"valueName\":\"search_term_string\"}}],\"inLanguage\":\"fr-FR\"}]}<\/script>\n<!-- \/ Yoast SEO plugin. -->","yoast_head_json":{"title":"Cours de langue - Region Mainfranken","robots":{"index":"index","follow":"follow","max-snippet":"max-snippet:-1","max-image-preview":"max-image-preview:large","max-video-preview":"max-video-preview:-1"},"canonical":"https:\/\/career-mainfranken.com\/fr\/arriver\/cours-de-langue\/","og_locale":"fr_FR","og_type":"article","og_title":"Cours de langue - Region Mainfranken","og_url":"https:\/\/career-mainfranken.com\/fr\/arriver\/cours-de-langue\/","og_site_name":"Region Mainfranken","article_modified_time":"2025-05-21T08:53:35+00:00","twitter_card":"summary_large_image","twitter_misc":{"Dur\u00e9e de lecture estim\u00e9e":"9 minutes"},"schema":{"@context":"https:\/\/schema.org","@graph":[{"@type":"WebPage","@id":"https:\/\/career-mainfranken.com\/fr\/arriver\/cours-de-langue\/","url":"https:\/\/career-mainfranken.com\/fr\/arriver\/cours-de-langue\/","name":"Cours de langue - Region Mainfranken","isPartOf":{"@id":"https:\/\/career-mainfranken.com\/fr\/#website"},"datePublished":"2025-05-07T08:00:26+00:00","dateModified":"2025-05-21T08:53:35+00:00","breadcrumb":{"@id":"https:\/\/career-mainfranken.com\/fr\/arriver\/cours-de-langue\/#breadcrumb"},"inLanguage":"fr-FR","potentialAction":[{"@type":"ReadAction","target":["https:\/\/career-mainfranken.com\/fr\/arriver\/cours-de-langue\/"]}]},{"@type":"BreadcrumbList","@id":"https:\/\/career-mainfranken.com\/fr\/arriver\/cours-de-langue\/#breadcrumb","itemListElement":[{"@type":"ListItem","position":1,"name":"Page d'accueil","item":"https:\/\/career-mainfranken.com\/fr\/page-daccueil\/"},{"@type":"ListItem","position":2,"name":"Arriver","item":"https:\/\/career-mainfranken.com\/fr\/arriver\/"},{"@type":"ListItem","position":3,"name":"Cours de langue"}]},{"@type":"WebSite","@id":"https:\/\/career-mainfranken.com\/fr\/#website","url":"https:\/\/career-mainfranken.com\/fr\/","name":"Region Mainfranken","description":"","potentialAction":[{"@type":"SearchAction","target":{"@type":"EntryPoint","urlTemplate":"https:\/\/career-mainfranken.com\/fr\/?s={search_term_string}"},"query-input":{"@type":"PropertyValueSpecification","valueRequired":true,"valueName":"search_term_string"}}],"inLanguage":"fr-FR"}]}},"_links":{"self":[{"href":"https:\/\/career-mainfranken.com\/fr\/wp-json\/wp\/v2\/pages\/3401","targetHints":{"allow":["GET"]}}],"collection":[{"href":"https:\/\/career-mainfranken.com\/fr\/wp-json\/wp\/v2\/pages"}],"about":[{"href":"https:\/\/career-mainfranken.com\/fr\/wp-json\/wp\/v2\/types\/page"}],"author":[{"embeddable":true,"href":"https:\/\/career-mainfranken.com\/fr\/wp-json\/wp\/v2\/users\/2"}],"replies":[{"embeddable":true,"href":"https:\/\/career-mainfranken.com\/fr\/wp-json\/wp\/v2\/comments?post=3401"}],"version-history":[{"count":0,"href":"https:\/\/career-mainfranken.com\/fr\/wp-json\/wp\/v2\/pages\/3401\/revisions"}],"up":[{"embeddable":true,"href":"https:\/\/career-mainfranken.com\/fr\/wp-json\/wp\/v2\/pages\/3340"}],"wp:attachment":[{"href":"https:\/\/career-mainfranken.com\/fr\/wp-json\/wp\/v2\/media?parent=3401"}],"curies":[{"name":"wp","href":"https:\/\/api.w.org\/{rel}","templated":true}]}}