{"id":3377,"date":"2025-05-07T10:55:46","date_gmt":"2025-05-07T08:55:46","guid":{"rendered":"https:\/\/career-mainfranken.com\/arriver\/emplois\/"},"modified":"2025-05-21T10:54:19","modified_gmt":"2025-05-21T08:54:19","slug":"emplois","status":"publish","type":"page","link":"https:\/\/career-mainfranken.com\/fr\/arriver\/emplois\/","title":{"rendered":"Emplois"},"content":{"rendered":"<div class=\"fusion-fullwidth fullwidth-box fusion-builder-row-1 fusion-flex-container has-pattern-background has-mask-background nonhundred-percent-fullwidth non-hundred-percent-height-scrolling header\" style=\"--awb-border-radius-top-left:0px;--awb-border-radius-top-right:0px;--awb-border-radius-bottom-right:0px;--awb-border-radius-bottom-left:0px;--awb-padding-top:100px;--awb-padding-bottom:80px;--awb-padding-top-medium:75px;--awb-padding-bottom-medium:55px;--awb-padding-top-small:50px;--awb-padding-bottom-small:30px;--awb-flex-wrap:wrap;\" ><div class=\"fusion-builder-row fusion-row fusion-flex-align-items-flex-start fusion-flex-justify-content-center fusion-flex-content-wrap\" style=\"max-width:1664px;margin-left: calc(-4% \/ 2 );margin-right: calc(-4% \/ 2 );\"><div class=\"fusion-layout-column fusion_builder_column fusion-builder-column-0 fusion_builder_column_4_5 4_5 fusion-flex-column fusion-flex-align-self-center angebote_header\" style=\"--awb-bg-size:cover;--awb-width-large:80%;--awb-margin-top-large:0px;--awb-spacing-right-large:2.4%;--awb-margin-bottom-large:0px;--awb-spacing-left-large:2.4%;--awb-width-medium:80%;--awb-order-medium:0;--awb-spacing-right-medium:2.4%;--awb-spacing-left-medium:2.4%;--awb-width-small:100%;--awb-order-small:0;--awb-spacing-right-small:1.92%;--awb-spacing-left-small:1.92%;\" data-scroll-devices=\"small-visibility,medium-visibility,large-visibility\"><div class=\"fusion-column-wrapper fusion-column-has-shadow fusion-flex-justify-content-flex-start fusion-content-layout-column\"><div class=\"fusion-title title fusion-title-1 fusion-sep-none fusion-title-text fusion-title-size-one\" style=\"--awb-text-color:var(--awb-color5);--awb-margin-top-small:0px;--awb-margin-right-small:0px;--awb-margin-bottom-small:0px;--awb-margin-left-small:0px;--awb-font-size:var(--awb-typography2-font-size);\"><h1 class=\"fusion-title-heading title-heading-left fusion-responsive-typography-calculated\" style=\"font-family:var(--awb-typography2-font-family);font-weight:var(--awb-typography2-font-weight);font-style:var(--awb-typography2-font-style);margin:0;letter-spacing:var(--awb-typography2-letter-spacing);text-transform:var(--awb-typography2-text-transform);font-size:1em;--fontSize:70;line-height:1;\">Emplois<\/h1><\/div><div class=\"fusion-separator trenner_links\" style=\"align-self: flex-start;margin-right:auto;margin-top:25px;margin-bottom:25px;width:100%;max-width:100px;\"><div class=\"fusion-separator-border sep-single sep-solid\" style=\"--awb-height:20px;--awb-amount:20px;--awb-sep-color:var(--awb-color5);border-color:var(--awb-color5);border-top-width:4px;\"><\/div><\/div><div class=\"fusion-text fusion-text-1\"><p>Vous recherchez un emploi appropri\u00e9 dans la r\u00e9gion ? Parmi nos <a href=\"https:\/\/career-mainfranken.com\/fr\/employeurs-dexcellence\/\">meilleurs employeurs<\/a>, vous trouverez une s\u00e9lection d&rsquo;entreprises de Mainfranken qui recherchent activement des professionnels qualifi\u00e9s \u2013 de l&rsquo;entreprise familiale au leader mondial. Vous y obtiendrez un aper\u00e7u de diff\u00e9rents secteurs, domaines d&rsquo;activit\u00e9 et cultures d&rsquo;entreprise. De nombreuses entreprises se pr\u00e9sentent avec des photos, des vid\u00e9os, des citations d&#8217;employ\u00e9s ainsi que des liens vers des pages de carri\u00e8re avec des offres d&#8217;emploi directes. Vous obtenez ainsi non seulement un aper\u00e7u des postes vacants, mais aussi une id\u00e9e de ce qui vous attend dans votre quotidien professionnel.<\/p>\n<\/div><div ><a class=\"fusion-button button-3d fusion-button-default-size button-default fusion-button-default button-1 fusion-button-default-span fusion-button-default-type button_gruen\" style=\"--awb-margin-bottom:30px;\" target=\"_self\" href=\"https:\/\/career-mainfranken.com\/fr\/employeurs-dexcellence\/\"><span class=\"fusion-button-text awb-button__text awb-button__text--default\">Vers les meilleurs employeurs<\/span><\/a><\/div><div class=\"fusion-text fusion-text-2\"><p>En compl\u00e9ment, les bourses d&#8217;emploi r\u00e9gionales telles que <a href=\"https:\/\/jobs.mainpost.de\/\" target=\"_blank\" rel=\"noopener\">jobs.mainpost.de<\/a>, <a href=\"https:\/\/www.jobs-on-air.de\/\" target=\"_blank\" rel=\"noopener\">Jobs on Air<\/a>, <a href=\"https:\/\/www.unterfrankenjobs.de\" target=\"_blank\" rel=\"noopener\">unterfrankenjobs.de<\/a> ou l&rsquo;<a href=\"https:\/\/www.arbeitsagentur.de\/\" target=\"_blank\" rel=\"noopener\">Agence pour l&#8217;emploi<\/a> vous aident \u00e0 rechercher de mani\u00e8re cibl\u00e9e des postes vacants \u00e0 Mainfranken.<\/p>\n<p>Si vous \u00eates \u00e0 la recherche d&rsquo;une formation professionnelle ou d&rsquo;une place pour des \u00e9tudes en alternance \u00e0 Mainfranken, notre <a href=\"https:\/\/www.ausbildungskompass.de\/mainfranken\" target=\"_blank\" rel=\"noopener\">guide de formation<\/a> vous sera utile.<\/p>\n<p>Si vous cherchez une possibilit\u00e9 d&rsquo;\u00e9tudier, vous trouverez des informations utiles sur notre page concernant les \u00e9tudes \u00e0 Mainfranken :<\/p>\n<\/div><div ><a class=\"fusion-button button-3d fusion-button-default-size button-default fusion-button-default button-2 fusion-button-default-span fusion-button-default-type button_gruen\" style=\"--awb-margin-bottom:30px;\" target=\"_self\" href=\"https:\/\/career-mainfranken.com\/fr\/pour-les-etudiants\/\"><span class=\"fusion-button-text awb-button__text awb-button__text--default\">Vers \u00abPour les \u00e9tudiants\u00bb<\/span><\/a><\/div><\/div><\/div><\/div><\/div>\n","protected":false},"excerpt":{"rendered":"","protected":false},"author":2,"featured_media":0,"parent":3340,"menu_order":0,"comment_status":"closed","ping_status":"closed","template":"100-width.php","meta":{"footnotes":"","_links_to":"","_links_to_target":""},"class_list":["post-3377","page","type-page","status-publish","hentry"],"yoast_head":"<!-- This site is optimized with the Yoast SEO plugin v27.5 - https:\/\/yoast.com\/product\/yoast-seo-wordpress\/ -->\n<title>Emplois - Region Mainfranken<\/title>\n<meta name=\"robots\" content=\"index, follow, max-snippet:-1, max-image-preview:large, max-video-preview:-1\" \/>\n<link rel=\"canonical\" href=\"https:\/\/career-mainfranken.com\/fr\/arriver\/emplois\/\" \/>\n<meta property=\"og:locale\" content=\"fr_FR\" \/>\n<meta property=\"og:type\" content=\"article\" \/>\n<meta property=\"og:title\" content=\"Emplois - Region Mainfranken\" \/>\n<meta property=\"og:url\" content=\"https:\/\/career-mainfranken.com\/fr\/arriver\/emplois\/\" \/>\n<meta property=\"og:site_name\" content=\"Region Mainfranken\" \/>\n<meta property=\"article:modified_time\" content=\"2025-05-21T08:54:19+00:00\" \/>\n<meta name=\"twitter:card\" content=\"summary_large_image\" \/>\n<meta name=\"twitter:label1\" content=\"Dur\u00e9e de lecture estim\u00e9e\" \/>\n\t<meta name=\"twitter:data1\" content=\"11 minutes\" \/>\n<script type=\"application\/ld+json\" class=\"yoast-schema-graph\">{\"@context\":\"https:\\\/\\\/schema.org\",\"@graph\":[{\"@type\":\"WebPage\",\"@id\":\"https:\\\/\\\/career-mainfranken.com\\\/fr\\\/arriver\\\/emplois\\\/\",\"url\":\"https:\\\/\\\/career-mainfranken.com\\\/fr\\\/arriver\\\/emplois\\\/\",\"name\":\"Emplois - Region Mainfranken\",\"isPartOf\":{\"@id\":\"https:\\\/\\\/career-mainfranken.com\\\/fr\\\/#website\"},\"datePublished\":\"2025-05-07T08:55:46+00:00\",\"dateModified\":\"2025-05-21T08:54:19+00:00\",\"breadcrumb\":{\"@id\":\"https:\\\/\\\/career-mainfranken.com\\\/fr\\\/arriver\\\/emplois\\\/#breadcrumb\"},\"inLanguage\":\"fr-FR\",\"potentialAction\":[{\"@type\":\"ReadAction\",\"target\":[\"https:\\\/\\\/career-mainfranken.com\\\/fr\\\/arriver\\\/emplois\\\/\"]}]},{\"@type\":\"BreadcrumbList\",\"@id\":\"https:\\\/\\\/career-mainfranken.com\\\/fr\\\/arriver\\\/emplois\\\/#breadcrumb\",\"itemListElement\":[{\"@type\":\"ListItem\",\"position\":1,\"name\":\"Page d'accueil\",\"item\":\"https:\\\/\\\/career-mainfranken.com\\\/fr\\\/page-daccueil\\\/\"},{\"@type\":\"ListItem\",\"position\":2,\"name\":\"Arriver\",\"item\":\"https:\\\/\\\/career-mainfranken.com\\\/fr\\\/arriver\\\/\"},{\"@type\":\"ListItem\",\"position\":3,\"name\":\"Emplois\"}]},{\"@type\":\"WebSite\",\"@id\":\"https:\\\/\\\/career-mainfranken.com\\\/fr\\\/#website\",\"url\":\"https:\\\/\\\/career-mainfranken.com\\\/fr\\\/\",\"name\":\"Region Mainfranken\",\"description\":\"\",\"potentialAction\":[{\"@type\":\"SearchAction\",\"target\":{\"@type\":\"EntryPoint\",\"urlTemplate\":\"https:\\\/\\\/career-mainfranken.com\\\/fr\\\/?s={search_term_string}\"},\"query-input\":{\"@type\":\"PropertyValueSpecification\",\"valueRequired\":true,\"valueName\":\"search_term_string\"}}],\"inLanguage\":\"fr-FR\"}]}<\/script>\n<!-- \/ Yoast SEO plugin. -->","yoast_head_json":{"title":"Emplois - Region Mainfranken","robots":{"index":"index","follow":"follow","max-snippet":"max-snippet:-1","max-image-preview":"max-image-preview:large","max-video-preview":"max-video-preview:-1"},"canonical":"https:\/\/career-mainfranken.com\/fr\/arriver\/emplois\/","og_locale":"fr_FR","og_type":"article","og_title":"Emplois - Region Mainfranken","og_url":"https:\/\/career-mainfranken.com\/fr\/arriver\/emplois\/","og_site_name":"Region Mainfranken","article_modified_time":"2025-05-21T08:54:19+00:00","twitter_card":"summary_large_image","twitter_misc":{"Dur\u00e9e de lecture estim\u00e9e":"11 minutes"},"schema":{"@context":"https:\/\/schema.org","@graph":[{"@type":"WebPage","@id":"https:\/\/career-mainfranken.com\/fr\/arriver\/emplois\/","url":"https:\/\/career-mainfranken.com\/fr\/arriver\/emplois\/","name":"Emplois - Region Mainfranken","isPartOf":{"@id":"https:\/\/career-mainfranken.com\/fr\/#website"},"datePublished":"2025-05-07T08:55:46+00:00","dateModified":"2025-05-21T08:54:19+00:00","breadcrumb":{"@id":"https:\/\/career-mainfranken.com\/fr\/arriver\/emplois\/#breadcrumb"},"inLanguage":"fr-FR","potentialAction":[{"@type":"ReadAction","target":["https:\/\/career-mainfranken.com\/fr\/arriver\/emplois\/"]}]},{"@type":"BreadcrumbList","@id":"https:\/\/career-mainfranken.com\/fr\/arriver\/emplois\/#breadcrumb","itemListElement":[{"@type":"ListItem","position":1,"name":"Page d'accueil","item":"https:\/\/career-mainfranken.com\/fr\/page-daccueil\/"},{"@type":"ListItem","position":2,"name":"Arriver","item":"https:\/\/career-mainfranken.com\/fr\/arriver\/"},{"@type":"ListItem","position":3,"name":"Emplois"}]},{"@type":"WebSite","@id":"https:\/\/career-mainfranken.com\/fr\/#website","url":"https:\/\/career-mainfranken.com\/fr\/","name":"Region Mainfranken","description":"","potentialAction":[{"@type":"SearchAction","target":{"@type":"EntryPoint","urlTemplate":"https:\/\/career-mainfranken.com\/fr\/?s={search_term_string}"},"query-input":{"@type":"PropertyValueSpecification","valueRequired":true,"valueName":"search_term_string"}}],"inLanguage":"fr-FR"}]}},"_links":{"self":[{"href":"https:\/\/career-mainfranken.com\/fr\/wp-json\/wp\/v2\/pages\/3377","targetHints":{"allow":["GET"]}}],"collection":[{"href":"https:\/\/career-mainfranken.com\/fr\/wp-json\/wp\/v2\/pages"}],"about":[{"href":"https:\/\/career-mainfranken.com\/fr\/wp-json\/wp\/v2\/types\/page"}],"author":[{"embeddable":true,"href":"https:\/\/career-mainfranken.com\/fr\/wp-json\/wp\/v2\/users\/2"}],"replies":[{"embeddable":true,"href":"https:\/\/career-mainfranken.com\/fr\/wp-json\/wp\/v2\/comments?post=3377"}],"version-history":[{"count":0,"href":"https:\/\/career-mainfranken.com\/fr\/wp-json\/wp\/v2\/pages\/3377\/revisions"}],"up":[{"embeddable":true,"href":"https:\/\/career-mainfranken.com\/fr\/wp-json\/wp\/v2\/pages\/3340"}],"wp:attachment":[{"href":"https:\/\/career-mainfranken.com\/fr\/wp-json\/wp\/v2\/media?parent=3377"}],"curies":[{"name":"wp","href":"https:\/\/api.w.org\/{rel}","templated":true}]}}