{"id":3362,"date":"2025-05-07T09:49:42","date_gmt":"2025-05-07T07:49:42","guid":{"rendered":"https:\/\/career-mainfranken.com\/arriver\/reconnaissance-des-diplomes\/"},"modified":"2025-05-20T12:15:05","modified_gmt":"2025-05-20T10:15:05","slug":"reconnaissance-des-diplomes","status":"publish","type":"page","link":"https:\/\/career-mainfranken.com\/fr\/arriver\/reconnaissance-des-diplomes\/","title":{"rendered":"Reconnaissance des dipl\u00f4mes"},"content":{"rendered":"<div class=\"fusion-fullwidth fullwidth-box fusion-builder-row-1 fusion-flex-container has-pattern-background has-mask-background nonhundred-percent-fullwidth non-hundred-percent-height-scrolling header\" style=\"--awb-border-radius-top-left:0px;--awb-border-radius-top-right:0px;--awb-border-radius-bottom-right:0px;--awb-border-radius-bottom-left:0px;--awb-padding-top:100px;--awb-padding-bottom:80px;--awb-padding-top-medium:75px;--awb-padding-bottom-medium:55px;--awb-padding-top-small:50px;--awb-padding-bottom-small:30px;--awb-flex-wrap:wrap;\" ><div class=\"fusion-builder-row fusion-row fusion-flex-align-items-flex-start fusion-flex-align-content-flex-start fusion-flex-justify-content-center fusion-flex-content-wrap\" style=\"max-width:1664px;margin-left: calc(-4% \/ 2 );margin-right: calc(-4% \/ 2 );\"><div class=\"fusion-layout-column fusion_builder_column fusion-builder-column-0 fusion_builder_column_4_5 4_5 fusion-flex-column fusion-flex-align-self-center angebote_header\" style=\"--awb-padding-bottom:80px;--awb-padding-bottom-medium:55px;--awb-padding-bottom-small:30px;--awb-bg-size:cover;--awb-width-large:80%;--awb-margin-top-large:0px;--awb-spacing-right-large:2.4%;--awb-margin-bottom-large:0px;--awb-spacing-left-large:2.4%;--awb-width-medium:80%;--awb-order-medium:0;--awb-spacing-right-medium:2.4%;--awb-spacing-left-medium:2.4%;--awb-width-small:100%;--awb-order-small:0;--awb-spacing-right-small:1.92%;--awb-spacing-left-small:1.92%;\" data-scroll-devices=\"small-visibility,medium-visibility,large-visibility\"><div class=\"fusion-column-wrapper fusion-column-has-shadow fusion-flex-justify-content-flex-start fusion-content-layout-column\"><div class=\"fusion-title title fusion-title-1 fusion-sep-none fusion-title-text fusion-title-size-one\" style=\"--awb-text-color:var(--awb-color5);--awb-margin-top-small:0px;--awb-margin-right-small:0px;--awb-margin-bottom-small:0px;--awb-margin-left-small:0px;--awb-font-size:var(--awb-typography2-font-size);\"><h1 class=\"fusion-title-heading title-heading-left fusion-responsive-typography-calculated\" style=\"font-family:var(--awb-typography2-font-family);font-weight:var(--awb-typography2-font-weight);font-style:var(--awb-typography2-font-style);margin:0;letter-spacing:var(--awb-typography2-letter-spacing);text-transform:var(--awb-typography2-text-transform);font-size:1em;--fontSize:70;line-height:1;\">Reconnaissance des dipl\u00f4mes<\/h1><\/div><div class=\"fusion-separator trenner_links\" style=\"align-self: flex-start;margin-right:auto;margin-top:25px;margin-bottom:25px;width:100%;max-width:100px;\"><div class=\"fusion-separator-border sep-single sep-solid\" style=\"--awb-height:20px;--awb-amount:20px;--awb-sep-color:var(--awb-color5);border-color:var(--awb-color5);border-top-width:4px;\"><\/div><\/div><div class=\"fusion-text fusion-text-1\"><p>Si vous venez en Mainfranken avec un dipl\u00f4me \u00e9tranger, il est important de savoir si votre dipl\u00f4me est reconnu en Allemagne. La plateforme <a href=\"https:\/\/www.anerkennung-in-deutschland.de\/html\/de\/anerkennung-bekommen.php?mtm_campaign=grundrauschen-de&amp;mtm_kwd=Anerkennung-Berufsaus%C3%BCbung&amp;mtm_source=google&amp;mtm_medium=paid-search&amp;mtm_group=deutsch&amp;gad_source=1\" target=\"_blank\" rel=\"noopener\">Reconnaissance en Allemagne<\/a> vous offre un aper\u00e7u complet de cette proc\u00e9dure. Pour une premi\u00e8re v\u00e9rification rapide de la comparabilit\u00e9 de votre dipl\u00f4me, <a href=\"https:\/\/anabin.kmk.org\/cms\/public\/startseite\" target=\"_blank\" rel=\"noopener\">anabin<\/a> \u2013 une base de donn\u00e9es contenant des informations sur les dipl\u00f4mes universitaires et les \u00e9tablissements d&rsquo;enseignement \u2013 vous le permet.  <\/p>\n<p>En outre, il existe des services de conseil qui vous accompagnent individuellement : La bfz gGmbH \u2013 Centre de conseil en <a href=\"https:\/\/www.bfz.de\/beratung-berufsanerkennung-in-bayern\" target=\"_blank\" rel=\"noopener\">reconnaissance<\/a> et en <a href=\"https:\/\/www.bfz.de\/wir-qualifizieren\" target=\"_blank\" rel=\"noopener\">qualification<\/a> de Basse-Franconie et le r\u00e9seau <a href=\"https:\/\/www.netzwerk-iq.de\/\" target=\"_blank\" rel=\"noopener\">Int\u00e9gration par la qualification<\/a>, par exemple, offrent des conseils et un soutien gratuits en mati\u00e8re de reconnaissance et de mesures de qualification. De m\u00eame, les centres de conseil de l&rsquo;Agence pour l&#8217;emploi de <a href=\"https:\/\/www.arbeitsagentur.de\/vor-ort\/wuerzburg\" target=\"_blank\" rel=\"noopener\">W\u00fcrzburg<\/a> et <a href=\"https:\/\/www.arbeitsagentur.de\/vor-ort\/schweinfurt\" target=\"_blank\" rel=\"noopener\">Schweinfurt<\/a> ou du centre pour l&#8217;emploi vous aideront \u00e0 trouver des voies d&rsquo;acc\u00e8s au march\u00e9 du travail r\u00e9gional. <\/p>\n<p>Si votre dipl\u00f4me est partiellement reconnu ou s&rsquo;il subsiste des lacunes dans vos qualifications, vous pouvez combler les connaissances manquantes de mani\u00e8re cibl\u00e9e gr\u00e2ce \u00e0 des qualifications d&rsquo;adaptation. Renseignez-vous simplement aupr\u00e8s de votre nouvel employeur ou de votre futur employeur sur cette possibilit\u00e9 de formation continue et montrez ainsi votre initiative pour vous qualifier davantage. <\/p>\n<p>Avec la reconnaissance appropri\u00e9e, vous augmentez consid\u00e9rablement vos chances sur le march\u00e9 du travail et pouvez travailler dans votre m\u00e9tier appris ou m\u00eame vous qualifier davantage. Ainsi, votre nouveau d\u00e9part en Mainfranken sera un succ\u00e8s !<\/p>\n<\/div><\/div><\/div><\/div><\/div>\n","protected":false},"excerpt":{"rendered":"","protected":false},"author":2,"featured_media":0,"parent":3340,"menu_order":0,"comment_status":"closed","ping_status":"closed","template":"100-width.php","meta":{"footnotes":"","_links_to":"","_links_to_target":""},"class_list":["post-3362","page","type-page","status-publish","hentry"],"yoast_head":"<!-- This site is optimized with the Yoast SEO plugin v27.2 - https:\/\/yoast.com\/product\/yoast-seo-wordpress\/ -->\n<title>Reconnaissance des dipl\u00f4mes - Region Mainfranken<\/title>\n<meta name=\"robots\" content=\"index, follow, max-snippet:-1, max-image-preview:large, max-video-preview:-1\" \/>\n<link rel=\"canonical\" href=\"https:\/\/career-mainfranken.com\/fr\/arriver\/reconnaissance-des-diplomes\/\" \/>\n<meta property=\"og:locale\" content=\"fr_FR\" \/>\n<meta property=\"og:type\" content=\"article\" \/>\n<meta property=\"og:title\" content=\"Reconnaissance des dipl\u00f4mes - Region Mainfranken\" \/>\n<meta property=\"og:url\" content=\"https:\/\/career-mainfranken.com\/fr\/arriver\/reconnaissance-des-diplomes\/\" \/>\n<meta property=\"og:site_name\" content=\"Region Mainfranken\" \/>\n<meta property=\"article:modified_time\" content=\"2025-05-20T10:15:05+00:00\" \/>\n<meta name=\"twitter:card\" content=\"summary_large_image\" \/>\n<meta name=\"twitter:label1\" content=\"Dur\u00e9e de lecture estim\u00e9e\" \/>\n\t<meta name=\"twitter:data1\" content=\"9 minutes\" \/>\n<script type=\"application\/ld+json\" class=\"yoast-schema-graph\">{\"@context\":\"https:\/\/schema.org\",\"@graph\":[{\"@type\":\"WebPage\",\"@id\":\"https:\/\/career-mainfranken.com\/fr\/arriver\/reconnaissance-des-diplomes\/\",\"url\":\"https:\/\/career-mainfranken.com\/fr\/arriver\/reconnaissance-des-diplomes\/\",\"name\":\"Reconnaissance des dipl\u00f4mes - Region Mainfranken\",\"isPartOf\":{\"@id\":\"https:\/\/career-mainfranken.com\/fr\/#website\"},\"datePublished\":\"2025-05-07T07:49:42+00:00\",\"dateModified\":\"2025-05-20T10:15:05+00:00\",\"breadcrumb\":{\"@id\":\"https:\/\/career-mainfranken.com\/fr\/arriver\/reconnaissance-des-diplomes\/#breadcrumb\"},\"inLanguage\":\"fr-FR\",\"potentialAction\":[{\"@type\":\"ReadAction\",\"target\":[\"https:\/\/career-mainfranken.com\/fr\/arriver\/reconnaissance-des-diplomes\/\"]}]},{\"@type\":\"BreadcrumbList\",\"@id\":\"https:\/\/career-mainfranken.com\/fr\/arriver\/reconnaissance-des-diplomes\/#breadcrumb\",\"itemListElement\":[{\"@type\":\"ListItem\",\"position\":1,\"name\":\"Page d'accueil\",\"item\":\"https:\/\/career-mainfranken.com\/fr\/page-daccueil\/\"},{\"@type\":\"ListItem\",\"position\":2,\"name\":\"Arriver\",\"item\":\"https:\/\/career-mainfranken.com\/fr\/arriver\/\"},{\"@type\":\"ListItem\",\"position\":3,\"name\":\"Reconnaissance des dipl\u00f4mes\"}]},{\"@type\":\"WebSite\",\"@id\":\"https:\/\/career-mainfranken.com\/fr\/#website\",\"url\":\"https:\/\/career-mainfranken.com\/fr\/\",\"name\":\"Region Mainfranken\",\"description\":\"\",\"potentialAction\":[{\"@type\":\"SearchAction\",\"target\":{\"@type\":\"EntryPoint\",\"urlTemplate\":\"https:\/\/career-mainfranken.com\/fr\/?s={search_term_string}\"},\"query-input\":{\"@type\":\"PropertyValueSpecification\",\"valueRequired\":true,\"valueName\":\"search_term_string\"}}],\"inLanguage\":\"fr-FR\"}]}<\/script>\n<!-- \/ Yoast SEO plugin. -->","yoast_head_json":{"title":"Reconnaissance des dipl\u00f4mes - Region Mainfranken","robots":{"index":"index","follow":"follow","max-snippet":"max-snippet:-1","max-image-preview":"max-image-preview:large","max-video-preview":"max-video-preview:-1"},"canonical":"https:\/\/career-mainfranken.com\/fr\/arriver\/reconnaissance-des-diplomes\/","og_locale":"fr_FR","og_type":"article","og_title":"Reconnaissance des dipl\u00f4mes - Region Mainfranken","og_url":"https:\/\/career-mainfranken.com\/fr\/arriver\/reconnaissance-des-diplomes\/","og_site_name":"Region Mainfranken","article_modified_time":"2025-05-20T10:15:05+00:00","twitter_card":"summary_large_image","twitter_misc":{"Dur\u00e9e de lecture estim\u00e9e":"9 minutes"},"schema":{"@context":"https:\/\/schema.org","@graph":[{"@type":"WebPage","@id":"https:\/\/career-mainfranken.com\/fr\/arriver\/reconnaissance-des-diplomes\/","url":"https:\/\/career-mainfranken.com\/fr\/arriver\/reconnaissance-des-diplomes\/","name":"Reconnaissance des dipl\u00f4mes - Region Mainfranken","isPartOf":{"@id":"https:\/\/career-mainfranken.com\/fr\/#website"},"datePublished":"2025-05-07T07:49:42+00:00","dateModified":"2025-05-20T10:15:05+00:00","breadcrumb":{"@id":"https:\/\/career-mainfranken.com\/fr\/arriver\/reconnaissance-des-diplomes\/#breadcrumb"},"inLanguage":"fr-FR","potentialAction":[{"@type":"ReadAction","target":["https:\/\/career-mainfranken.com\/fr\/arriver\/reconnaissance-des-diplomes\/"]}]},{"@type":"BreadcrumbList","@id":"https:\/\/career-mainfranken.com\/fr\/arriver\/reconnaissance-des-diplomes\/#breadcrumb","itemListElement":[{"@type":"ListItem","position":1,"name":"Page d'accueil","item":"https:\/\/career-mainfranken.com\/fr\/page-daccueil\/"},{"@type":"ListItem","position":2,"name":"Arriver","item":"https:\/\/career-mainfranken.com\/fr\/arriver\/"},{"@type":"ListItem","position":3,"name":"Reconnaissance des dipl\u00f4mes"}]},{"@type":"WebSite","@id":"https:\/\/career-mainfranken.com\/fr\/#website","url":"https:\/\/career-mainfranken.com\/fr\/","name":"Region Mainfranken","description":"","potentialAction":[{"@type":"SearchAction","target":{"@type":"EntryPoint","urlTemplate":"https:\/\/career-mainfranken.com\/fr\/?s={search_term_string}"},"query-input":{"@type":"PropertyValueSpecification","valueRequired":true,"valueName":"search_term_string"}}],"inLanguage":"fr-FR"}]}},"_links":{"self":[{"href":"https:\/\/career-mainfranken.com\/fr\/wp-json\/wp\/v2\/pages\/3362","targetHints":{"allow":["GET"]}}],"collection":[{"href":"https:\/\/career-mainfranken.com\/fr\/wp-json\/wp\/v2\/pages"}],"about":[{"href":"https:\/\/career-mainfranken.com\/fr\/wp-json\/wp\/v2\/types\/page"}],"author":[{"embeddable":true,"href":"https:\/\/career-mainfranken.com\/fr\/wp-json\/wp\/v2\/users\/2"}],"replies":[{"embeddable":true,"href":"https:\/\/career-mainfranken.com\/fr\/wp-json\/wp\/v2\/comments?post=3362"}],"version-history":[{"count":0,"href":"https:\/\/career-mainfranken.com\/fr\/wp-json\/wp\/v2\/pages\/3362\/revisions"}],"up":[{"embeddable":true,"href":"https:\/\/career-mainfranken.com\/fr\/wp-json\/wp\/v2\/pages\/3340"}],"wp:attachment":[{"href":"https:\/\/career-mainfranken.com\/fr\/wp-json\/wp\/v2\/media?parent=3362"}],"curies":[{"name":"wp","href":"https:\/\/api.w.org\/{rel}","templated":true}]}}