{"id":5215,"date":"2025-04-15T15:20:33","date_gmt":"2025-04-15T13:20:33","guid":{"rendered":"https:\/\/career-mainfranken.com\/acerca-de-nosotros\/"},"modified":"2025-05-16T18:56:22","modified_gmt":"2025-05-16T16:56:22","slug":"acerca-de-nosotros","status":"publish","type":"page","link":"https:\/\/career-mainfranken.com\/es\/acerca-de-nosotros\/","title":{"rendered":"Acerca de nosotros"},"content":{"rendered":"<p><div class=\"fusion-fullwidth fullwidth-box fusion-builder-row-1 fusion-flex-container has-pattern-background has-mask-background nonhundred-percent-fullwidth non-hundred-percent-height-scrolling header\" style=\"--awb-border-radius-top-left:0px;--awb-border-radius-top-right:0px;--awb-border-radius-bottom-right:0px;--awb-border-radius-bottom-left:0px;--awb-padding-top:100px;--awb-padding-bottom:80px;--awb-padding-top-medium:75px;--awb-padding-bottom-medium:55px;--awb-padding-top-small:50px;--awb-padding-bottom-small:30px;--awb-flex-wrap:wrap;\" ><div class=\"fusion-builder-row fusion-row fusion-flex-align-items-flex-start fusion-flex-justify-content-center fusion-flex-content-wrap\" style=\"max-width:1664px;margin-left: calc(-4% \/ 2 );margin-right: calc(-4% \/ 2 );\"><div class=\"fusion-layout-column fusion_builder_column fusion-builder-column-0 fusion_builder_column_4_5 4_5 fusion-flex-column fusion-flex-align-self-center angebote_header\" style=\"--awb-bg-size:cover;--awb-width-large:80%;--awb-margin-top-large:0px;--awb-spacing-right-large:2.4%;--awb-margin-bottom-large:0px;--awb-spacing-left-large:2.4%;--awb-width-medium:80%;--awb-order-medium:0;--awb-spacing-right-medium:2.4%;--awb-spacing-left-medium:2.4%;--awb-width-small:100%;--awb-order-small:0;--awb-spacing-right-small:1.92%;--awb-spacing-left-small:1.92%;\" data-scroll-devices=\"small-visibility,medium-visibility,large-visibility\"><div class=\"fusion-column-wrapper fusion-column-has-shadow fusion-flex-justify-content-flex-start fusion-content-layout-column\"><div class=\"fusion-title title fusion-title-1 fusion-sep-none fusion-title-text fusion-title-size-one\" style=\"--awb-text-color:var(--awb-color5);--awb-margin-top-small:0px;--awb-margin-right-small:0px;--awb-margin-bottom-small:0px;--awb-margin-left-small:0px;--awb-font-size:var(--awb-typography2-font-size);\"><h1 class=\"fusion-title-heading title-heading-left fusion-responsive-typography-calculated\" style=\"font-family:var(--awb-typography2-font-family);font-weight:var(--awb-typography2-font-weight);font-style:var(--awb-typography2-font-style);margin:0;letter-spacing:var(--awb-typography2-letter-spacing);text-transform:var(--awb-typography2-text-transform);font-size:1em;--fontSize:70;line-height:1;\">Acerca de nosotros<\/h1><\/div><div class=\"fusion-separator trenner_links\" style=\"align-self: flex-start;margin-right:auto;margin-top:25px;margin-bottom:25px;width:100%;max-width:100px;\"><div class=\"fusion-separator-border sep-single sep-solid\" style=\"--awb-height:20px;--awb-amount:20px;--awb-sep-color:var(--awb-color5);border-color:var(--awb-color5);border-top-width:4px;\"><\/div><\/div><div class=\"fusion-text fusion-text-1\"><p>La <a href=\"http:\/\/www.mainfranken.org\" target=\"_blank\" rel=\"noopener\">Region Mainfranken GmbH<\/a> es la plataforma central para el desarrollo, la comercializaci\u00f3n y la garant\u00eda del futuro de la <strong>Regi\u00f3n Regiopolitana de Mainfranken<\/strong>. Como sociedad de desarrollo regional conjunta, aunamos las fuerzas de la pol\u00edtica, la ciencia y la econom\u00eda. <\/p>\n<p>Nuestro objetivo: hacer que Mainfranken sea visible y sostenible como una ubicaci\u00f3n atractiva a nivel nacional e internacional.<\/p>\n<p>Mainfranken representa innovaci\u00f3n, calidad de vida y diversidad. Universidades de renombre, excelentes oportunidades educativas y una s\u00f3lida infraestructura ofrecen las mejores condiciones para carreras, ideas e inversiones. Ya sea para estudiantes, profesionales cualificados, emprendedores, empresas o familias j\u00f3venes, Mainfranken convence por sus distancias cortas, un nivel de precios moderado y la exitosa combinaci\u00f3n de urbanidad y naturaleza.  <\/p>\n<p>Nuestro trabajo est\u00e1 claramente orientado a los requisitos del futuro: fortalecemos la ubicaci\u00f3n econ\u00f3mica mediante el fomento de la innovaci\u00f3n, llevamos a cabo un marketing activo de la ubicaci\u00f3n y de los profesionales cualificados, y nos comprometemos con el desarrollo sostenible. De esta manera, damos forma conjuntamente al futuro de nuestra regi\u00f3n din\u00e1mica, abierta y rica en tradiciones. <\/p>\n<p>El sitio web <a href=\"\/\">career-mainfranken.com<\/a> es parte de un proyecto subvencionado para asegurar y atraer profesionales cualificados a la regi\u00f3n. Apoyamos a las empresas en este \u00e1mbito y, al mismo tiempo, ofrecemos informaci\u00f3n \u00fatil a los empleados interesados sobre la vida y el trabajo en Mainfranken, desde oportunidades profesionales en nuestros campeones ocultos hasta consejos \u00fatiles para todos aquellos que son nuevos en la regi\u00f3n. <\/p>\n<p>Lamentablemente, no nos es posible proporcionar asesoramiento jur\u00eddicamente vinculante o apoyo activo en las solicitudes. En estos casos, les rogamos que se pongan en contacto con las autoridades competentes.<\/p>\n<\/div><\/div><\/div><\/div><\/div><div class=\"fusion-fullwidth fullwidth-box fusion-builder-row-2 fusion-flex-container has-pattern-background has-mask-background nonhundred-percent-fullwidth non-hundred-percent-height-scrolling ort_inhalte\" style=\"--awb-border-radius-top-left:0px;--awb-border-radius-top-right:0px;--awb-border-radius-bottom-right:0px;--awb-border-radius-bottom-left:0px;--awb-padding-bottom:80px;--awb-padding-bottom-medium:55px;--awb-padding-bottom-small:30px;--awb-flex-wrap:wrap;\" ><div class=\"fusion-builder-row fusion-row fusion-flex-align-items-flex-start fusion-flex-justify-content-center fusion-flex-content-wrap\" style=\"max-width:1664px;margin-left: calc(-4% \/ 2 );margin-right: calc(-4% \/ 2 );\"><div class=\"fusion-layout-column fusion_builder_column fusion-builder-column-1 fusion_builder_column_4_5 4_5 fusion-flex-column\" style=\"--awb-bg-size:cover;--awb-width-large:80%;--awb-margin-top-large:0px;--awb-spacing-right-large:2.4%;--awb-margin-bottom-large:0px;--awb-spacing-left-large:2.4%;--awb-width-medium:80%;--awb-order-medium:0;--awb-spacing-right-medium:2.4%;--awb-spacing-left-medium:2.4%;--awb-width-small:100%;--awb-order-small:0;--awb-spacing-right-small:1.92%;--awb-spacing-left-small:1.92%;\" data-scroll-devices=\"small-visibility,medium-visibility,large-visibility\"><div class=\"fusion-column-wrapper fusion-column-has-shadow fusion-flex-justify-content-flex-start fusion-content-layout-column\"><div class=\"fusion-title title fusion-title-2 fusion-sep-none fusion-title-text fusion-title-size-two\" style=\"--awb-margin-top-small:0px;--awb-margin-right-small:0px;--awb-margin-bottom-small:0px;--awb-margin-left-small:0px;\"><h2 class=\"fusion-title-heading title-heading-left fusion-responsive-typography-calculated\" style=\"margin:0;--fontSize:40;line-height:1.25;\">Accionistas de Region Mainfranken GmbH<\/h2><\/div><div class=\"fusion-separator trenner_links\" style=\"align-self: flex-start;margin-right:auto;margin-top:25px;margin-bottom:25px;width:100%;max-width:100px;\"><div class=\"fusion-separator-border sep-single\" style=\"--awb-height:20px;--awb-amount:20px;border-color:var(--awb-custom_color_2);border-top-width:4px;\"><\/div><\/div><div class=\"fusion-text fusion-text-2\" style=\"--awb-margin-top:-18px;\"><ul>\n<li><a href=\"https:\/\/www.schweinfurt.de\/\" target=\"_blank\" rel=\"noopener\">Ciudad de Schweinfurt<\/a><\/li>\n<li><a href=\"https:\/\/www.wuerzburg.de\/\" target=\"_blank\" rel=\"noopener\">Ciudad de W\u00fcrzburg<\/a><\/li>\n<li><a href=\"https:\/\/www.landkreis-badkissingen.de\/\" target=\"_blank\" rel=\"noopener\">Distrito de Bad Kissingen<\/a><\/li>\n<li><a href=\"https:\/\/www.hassberge.de\/\" target=\"_blank\" rel=\"noopener\">Distrito de Ha\u00dfberge<\/a><\/li>\n<li><a href=\"https:\/\/www.kitzingen.de\/\" target=\"_blank\" rel=\"noopener\">Distrito de Kitzingen<\/a><\/li>\n<li><a href=\"https:\/\/www.main-spessart.de\/\" target=\"_blank\" rel=\"noopener\">Distrito de Main-Spessart<\/a><\/li>\n<li><a href=\"https:\/\/www.rhoen-grabfeld.de\/\" target=\"_blank\" rel=\"noopener\">Distrito de Rh\u00f6n-Grabfeld<\/a><\/li>\n<li><a href=\"https:\/\/www.landkreis-schweinfurt.de\/\" target=\"_blank\" rel=\"noopener\">Distrito de Schweinfurt<\/a><\/li>\n<li><a href=\"https:\/\/www.landkreis-wuerzburg.de\/\" target=\"_blank\" rel=\"noopener\">Distrito de W\u00fcrzburg<\/a><\/li>\n<li><a href=\"https:\/\/www.wuerzburg.ihk.de\/\" target=\"_blank\" rel=\"noopener\">C\u00e1mara de Industria y Comercio de W\u00fcrzburg-Schweinfurt<\/a><\/li>\n<li><a href=\"https:\/\/www.hwk-ufr.de\/\" target=\"_blank\" rel=\"noopener\">C\u00e1mara de Oficios para la Baja Franconia<\/a><\/li>\n<\/ul>\n<p>Obtenga m\u00e1s informaci\u00f3n sobre nuestro trabajo y las fortalezas econ\u00f3micas de la regi\u00f3n regiopolitana de Mainfranken en <a href=\"https:\/\/www.mainfranken.org\" target=\"_blank\" rel=\"noopener\">www.mainfranken.org<\/a><\/p>\n<\/div><\/div><\/div><\/div><\/div><div class=\"fusion-fullwidth fullwidth-box fusion-builder-row-3 fusion-flex-container has-pattern-background has-mask-background nonhundred-percent-fullwidth non-hundred-percent-height-scrolling ort_inhalte\" style=\"--awb-border-radius-top-left:0px;--awb-border-radius-top-right:0px;--awb-border-radius-bottom-right:0px;--awb-border-radius-bottom-left:0px;--awb-padding-bottom:80px;--awb-padding-bottom-medium:55px;--awb-padding-bottom-small:30px;--awb-flex-wrap:wrap;\" ><div class=\"fusion-builder-row fusion-row fusion-flex-align-items-flex-start fusion-flex-justify-content-center fusion-flex-content-wrap\" style=\"max-width:1664px;margin-left: calc(-4% \/ 2 );margin-right: calc(-4% \/ 2 );\"><div class=\"fusion-layout-column fusion_builder_column fusion-builder-column-2 fusion_builder_column_4_5 4_5 fusion-flex-column\" style=\"--awb-bg-size:cover;--awb-width-large:80%;--awb-margin-top-large:0px;--awb-spacing-right-large:2.4%;--awb-margin-bottom-large:0px;--awb-spacing-left-large:2.4%;--awb-width-medium:80%;--awb-order-medium:0;--awb-spacing-right-medium:2.4%;--awb-spacing-left-medium:2.4%;--awb-width-small:100%;--awb-order-small:0;--awb-spacing-right-small:1.92%;--awb-spacing-left-small:1.92%;\" data-scroll-devices=\"small-visibility,medium-visibility,large-visibility\"><div class=\"fusion-column-wrapper fusion-column-has-shadow fusion-flex-justify-content-flex-start fusion-content-layout-column\"><div class=\"fusion-title title fusion-title-3 fusion-sep-none fusion-title-text fusion-title-size-two\" style=\"--awb-margin-top-small:0px;--awb-margin-right-small:0px;--awb-margin-bottom-small:0px;--awb-margin-left-small:0px;\"><h2 class=\"fusion-title-heading title-heading-left fusion-responsive-typography-calculated\" style=\"margin:0;--fontSize:40;line-height:1.25;\">\u00bfQu\u00e9 es una regi\u00f3n regiopolitana?<\/h2><\/div><div class=\"fusion-separator trenner_links\" style=\"align-self: flex-start;margin-right:auto;margin-top:25px;margin-bottom:25px;width:100%;max-width:100px;\"><div class=\"fusion-separator-border sep-single\" style=\"--awb-height:20px;--awb-amount:20px;border-color:var(--awb-custom_color_2);border-top-width:4px;\"><\/div><\/div><div class=\"fusion-text fusion-text-3\"><p>Una regi\u00f3n regiopolitana es un concepto espacial situado entre la metr\u00f3polis y el \u00e1rea rural. El t\u00e9rmino se basa en la idea de que incluso las ciudades m\u00e1s peque\u00f1as, no metropolitanas, y sus alrededores pueden asumir funciones importantes para su entorno, especialmente en t\u00e9rminos econ\u00f3micos, culturales, cient\u00edficos o de infraestructura.<\/p>\n<\/div><div class=\"fusion-text fusion-text-4\" style=\"--awb-margin-top:20px;\"><p>Caracter\u00edsticas de una regi\u00f3n regiopolitana:<\/p>\n<\/div><div class=\"fusion-title title fusion-title-4 fusion-sep-none fusion-title-text fusion-title-size-three\" style=\"--awb-margin-top:20px;--awb-margin-bottom:20px;--awb-margin-top-small:15px;--awb-margin-right-small:0px;--awb-margin-bottom-small:15px;--awb-margin-left-small:0px;--awb-margin-top-medium:15px;--awb-margin-bottom-medium:15px;\"><h3 class=\"fusion-title-heading title-heading-left fusion-responsive-typography-calculated\" style=\"margin:0;--fontSize:26;--minFontSize:26;line-height:1.15;\">1. Ciudad de tama\u00f1o medio como centro: W\u00fcrzburg<\/h3><\/div><div class=\"fusion-text fusion-text-5\"><p>W\u00fcrzburg, con aproximadamente 130.000 habitantes, no es una gran ciudad como M\u00fanich o Frankfurt, pero asume un papel central para toda la regi\u00f3n de Mainfranken. Es el centro econ\u00f3mico, cient\u00edfico y cultural de la zona de la Baja Franconia.<\/p>\n<\/div><div class=\"fusion-title title fusion-title-5 fusion-sep-none fusion-title-text fusion-title-size-three\" style=\"--awb-margin-top:20px;--awb-margin-bottom:20px;--awb-margin-top-small:15px;--awb-margin-right-small:0px;--awb-margin-bottom-small:15px;--awb-margin-left-small:0px;--awb-margin-top-medium:15px;--awb-margin-bottom-medium:15px;\"><h3 class=\"fusion-title-heading title-heading-left fusion-responsive-typography-calculated\" style=\"margin:0;--fontSize:26;--minFontSize:26;line-height:1.15;\">2. Fuerte interconexi\u00f3n con el entorno<\/h3><\/div><div class=\"fusion-text fusion-text-6\"><p>La regi\u00f3n incluye, adem\u00e1s de W\u00fcrzburg, ciudades como Schweinfurt, Kitzingen, Bad Kissingen, Ha\u00dffurt y las zonas rurales circundantes. Existen estrechos v\u00ednculos econ\u00f3micos, de infraestructura y culturales, por ejemplo, a trav\u00e9s de flujos de desplazamientos, cooperaciones en el sector sanitario o proyectos econ\u00f3micos conjuntos.<\/p>\n<\/div><div class=\"fusion-title title fusion-title-6 fusion-sep-none fusion-title-text fusion-title-size-three\" style=\"--awb-margin-top:20px;--awb-margin-bottom:20px;--awb-margin-top-small:15px;--awb-margin-right-small:0px;--awb-margin-bottom-small:15px;--awb-margin-left-small:0px;--awb-margin-top-medium:15px;--awb-margin-bottom-medium:15px;\"><h3 class=\"fusion-title-heading title-heading-left fusion-responsive-typography-calculated\" style=\"margin:0;--fontSize:26;--minFontSize:26;line-height:1.15;\">3. Perfil independiente<\/h3><\/div><div class=\"fusion-text fusion-text-7\"><p>Mainfranken tiene un fuerte perfil regional con caracter\u00edsticas distintivas como:<\/p>\n<ul>\n<li>Viticultura (reconocida regi\u00f3n vin\u00edcola de Franconia),<\/li>\n<li>Medicina y salud, as\u00ed como ingenier\u00eda mec\u00e1nica y automoci\u00f3n<\/li>\n<li>Centro cient\u00edfico (Universidad de W\u00fcrzburg con reputaci\u00f3n internacional, por ejemplo, en biomedicina y la Universidad de Ciencias Aplicadas de W\u00fcrzburg-Schweinfurt)<\/li>\n<li>Identidad cultural (por ejemplo, la Residencia de W\u00fcrzburg como Patrimonio de la Humanidad de la UNESCO).<\/li>\n<\/ul>\n<p>Esta combinaci\u00f3n hace que Mainfranken sea una regi\u00f3n independiente y eficiente, incluso sin el estatus de regi\u00f3n metropolitana.<\/p>\n<\/div><div class=\"fusion-title title fusion-title-7 fusion-sep-none fusion-title-text fusion-title-size-three\" style=\"--awb-margin-top:20px;--awb-margin-bottom:20px;--awb-margin-top-small:15px;--awb-margin-right-small:0px;--awb-margin-bottom-small:15px;--awb-margin-left-small:0px;--awb-margin-top-medium:15px;--awb-margin-bottom-medium:15px;\"><h3 class=\"fusion-title-heading title-heading-left fusion-responsive-typography-calculated\" style=\"margin:0;--fontSize:26;--minFontSize:26;line-height:1.15;\">4. Buena accesibilidad<\/h3><\/div><div class=\"fusion-text fusion-text-8\"><p>Mainfranken tiene una ubicaci\u00f3n muy favorable en t\u00e9rminos de transporte:<\/p>\n<ul>\n<li>Autopistas A3, A7, A81,<\/li>\n<li>Nodo ICE de W\u00fcrzburg (conexi\u00f3n, por ejemplo, con Frankfurt, N\u00faremberg, M\u00fanich),<\/li>\n<li>Proximidad a aeropuertos internacionales (Frankfurt, N\u00faremberg).<\/li>\n<\/ul>\n<p>Esto facilita el acceso para empresas, estudiantes, profesionales cualificados y turistas.<\/p>\n<\/div><div class=\"fusion-title title fusion-title-8 fusion-sep-none fusion-title-text fusion-title-size-three\" style=\"--awb-margin-top:20px;--awb-margin-bottom:20px;--awb-margin-top-small:15px;--awb-margin-right-small:0px;--awb-margin-bottom-small:15px;--awb-margin-left-small:0px;--awb-margin-top-medium:15px;--awb-margin-bottom-medium:15px;\"><h3 class=\"fusion-title-heading title-heading-left fusion-responsive-typography-calculated\" style=\"margin:0;--fontSize:26;--minFontSize:26;line-height:1.15;\">5. Importancia suprarregional, pero no metr\u00f3polis<\/h3><\/div><div class=\"fusion-text fusion-text-9\"><p>La regi\u00f3n tiene importancia suprarregional, por ejemplo, a trav\u00e9s de:<\/p>\n<ul>\n<li>la Universidad Julius-Maximilians de W\u00fcrzburg y la Universidad de Ciencias Aplicadas de W\u00fcrzburg-Schweinfurt<\/li>\n<li>una multitud de empresas innovadoras,<\/li>\n<li>el atractivo tur\u00edstico (vino, naturaleza, cultura),<\/li>\n<li>y la funci\u00f3n como centro administrativo (por ejemplo, el gobierno regional de la Baja Franconia).<\/li>\n<\/ul>\n<\/div><div class=\"fusion-text fusion-text-10\" style=\"--awb-margin-top:20px;\"><p>A pesar de ello, Mainfranken no es una regi\u00f3n metropolitana: carece de grandes sedes corporativas o aeropuertos internacionales en las inmediaciones. No obstante, la <a href=\"https:\/\/www.mainfranken.org\" target=\"_blank\" rel=\"noopener\"><strong>regi\u00f3n regiopolitana de Mainfranken<\/strong><\/a> es un actor destacado \u201centre el campo y la metr\u00f3polis\u201d. <\/p>\n<p>Objetivo del concepto:<\/p>\n<p>El concepto se introdujo para hacer m\u00e1s visible el potencial m\u00e1s all\u00e1 de las grandes \u00e1reas metropolitanas y promover estas regiones de manera espec\u00edfica, por ejemplo, en el \u00e1mbito del desarrollo regional, el fomento estructural o como ubicaciones para la ciencia y la econom\u00eda.<\/p>\n<\/div><\/div><\/div><\/div><\/div><\/p>\n","protected":false},"excerpt":{"rendered":"","protected":false},"author":2,"featured_media":0,"parent":0,"menu_order":0,"comment_status":"closed","ping_status":"closed","template":"100-width.php","meta":{"footnotes":"","_links_to":"","_links_to_target":""},"class_list":["post-5215","page","type-page","status-publish","hentry"],"yoast_head":"<!-- This site is optimized with the Yoast SEO plugin v27.2 - https:\/\/yoast.com\/product\/yoast-seo-wordpress\/ -->\n<title>Acerca de nosotros - Region Mainfranken<\/title>\n<meta name=\"robots\" content=\"index, follow, max-snippet:-1, max-image-preview:large, max-video-preview:-1\" \/>\n<link rel=\"canonical\" href=\"https:\/\/career-mainfranken.com\/es\/acerca-de-nosotros\/\" \/>\n<meta property=\"og:locale\" content=\"es_ES\" \/>\n<meta property=\"og:type\" content=\"article\" \/>\n<meta property=\"og:title\" content=\"Acerca de nosotros - Region Mainfranken\" \/>\n<meta property=\"og:url\" content=\"https:\/\/career-mainfranken.com\/es\/acerca-de-nosotros\/\" \/>\n<meta property=\"og:site_name\" content=\"Region Mainfranken\" \/>\n<meta property=\"article:modified_time\" content=\"2025-05-16T16:56:22+00:00\" \/>\n<meta name=\"twitter:card\" content=\"summary_large_image\" \/>\n<meta name=\"twitter:label1\" content=\"Tiempo de lectura\" \/>\n\t<meta name=\"twitter:data1\" content=\"36 minutos\" \/>\n<script type=\"application\/ld+json\" class=\"yoast-schema-graph\">{\"@context\":\"https:\/\/schema.org\",\"@graph\":[{\"@type\":\"WebPage\",\"@id\":\"https:\/\/career-mainfranken.com\/es\/acerca-de-nosotros\/\",\"url\":\"https:\/\/career-mainfranken.com\/es\/acerca-de-nosotros\/\",\"name\":\"Acerca de nosotros - Region Mainfranken\",\"isPartOf\":{\"@id\":\"https:\/\/career-mainfranken.com\/es\/#website\"},\"datePublished\":\"2025-04-15T13:20:33+00:00\",\"dateModified\":\"2025-05-16T16:56:22+00:00\",\"breadcrumb\":{\"@id\":\"https:\/\/career-mainfranken.com\/es\/acerca-de-nosotros\/#breadcrumb\"},\"inLanguage\":\"es\",\"potentialAction\":[{\"@type\":\"ReadAction\",\"target\":[\"https:\/\/career-mainfranken.com\/es\/acerca-de-nosotros\/\"]}]},{\"@type\":\"BreadcrumbList\",\"@id\":\"https:\/\/career-mainfranken.com\/es\/acerca-de-nosotros\/#breadcrumb\",\"itemListElement\":[{\"@type\":\"ListItem\",\"position\":1,\"name\":\"P\u00e1gina principal\",\"item\":\"https:\/\/career-mainfranken.com\/es\/pagina-principal\/\"},{\"@type\":\"ListItem\",\"position\":2,\"name\":\"Acerca de nosotros\"}]},{\"@type\":\"WebSite\",\"@id\":\"https:\/\/career-mainfranken.com\/es\/#website\",\"url\":\"https:\/\/career-mainfranken.com\/es\/\",\"name\":\"Region Mainfranken\",\"description\":\"\",\"potentialAction\":[{\"@type\":\"SearchAction\",\"target\":{\"@type\":\"EntryPoint\",\"urlTemplate\":\"https:\/\/career-mainfranken.com\/es\/?s={search_term_string}\"},\"query-input\":{\"@type\":\"PropertyValueSpecification\",\"valueRequired\":true,\"valueName\":\"search_term_string\"}}],\"inLanguage\":\"es\"}]}<\/script>\n<!-- \/ Yoast SEO plugin. -->","yoast_head_json":{"title":"Acerca de nosotros - Region Mainfranken","robots":{"index":"index","follow":"follow","max-snippet":"max-snippet:-1","max-image-preview":"max-image-preview:large","max-video-preview":"max-video-preview:-1"},"canonical":"https:\/\/career-mainfranken.com\/es\/acerca-de-nosotros\/","og_locale":"es_ES","og_type":"article","og_title":"Acerca de nosotros - Region Mainfranken","og_url":"https:\/\/career-mainfranken.com\/es\/acerca-de-nosotros\/","og_site_name":"Region Mainfranken","article_modified_time":"2025-05-16T16:56:22+00:00","twitter_card":"summary_large_image","twitter_misc":{"Tiempo de lectura":"36 minutos"},"schema":{"@context":"https:\/\/schema.org","@graph":[{"@type":"WebPage","@id":"https:\/\/career-mainfranken.com\/es\/acerca-de-nosotros\/","url":"https:\/\/career-mainfranken.com\/es\/acerca-de-nosotros\/","name":"Acerca de nosotros - Region Mainfranken","isPartOf":{"@id":"https:\/\/career-mainfranken.com\/es\/#website"},"datePublished":"2025-04-15T13:20:33+00:00","dateModified":"2025-05-16T16:56:22+00:00","breadcrumb":{"@id":"https:\/\/career-mainfranken.com\/es\/acerca-de-nosotros\/#breadcrumb"},"inLanguage":"es","potentialAction":[{"@type":"ReadAction","target":["https:\/\/career-mainfranken.com\/es\/acerca-de-nosotros\/"]}]},{"@type":"BreadcrumbList","@id":"https:\/\/career-mainfranken.com\/es\/acerca-de-nosotros\/#breadcrumb","itemListElement":[{"@type":"ListItem","position":1,"name":"P\u00e1gina principal","item":"https:\/\/career-mainfranken.com\/es\/pagina-principal\/"},{"@type":"ListItem","position":2,"name":"Acerca de nosotros"}]},{"@type":"WebSite","@id":"https:\/\/career-mainfranken.com\/es\/#website","url":"https:\/\/career-mainfranken.com\/es\/","name":"Region Mainfranken","description":"","potentialAction":[{"@type":"SearchAction","target":{"@type":"EntryPoint","urlTemplate":"https:\/\/career-mainfranken.com\/es\/?s={search_term_string}"},"query-input":{"@type":"PropertyValueSpecification","valueRequired":true,"valueName":"search_term_string"}}],"inLanguage":"es"}]}},"_links":{"self":[{"href":"https:\/\/career-mainfranken.com\/es\/wp-json\/wp\/v2\/pages\/5215","targetHints":{"allow":["GET"]}}],"collection":[{"href":"https:\/\/career-mainfranken.com\/es\/wp-json\/wp\/v2\/pages"}],"about":[{"href":"https:\/\/career-mainfranken.com\/es\/wp-json\/wp\/v2\/types\/page"}],"author":[{"embeddable":true,"href":"https:\/\/career-mainfranken.com\/es\/wp-json\/wp\/v2\/users\/2"}],"replies":[{"embeddable":true,"href":"https:\/\/career-mainfranken.com\/es\/wp-json\/wp\/v2\/comments?post=5215"}],"version-history":[{"count":0,"href":"https:\/\/career-mainfranken.com\/es\/wp-json\/wp\/v2\/pages\/5215\/revisions"}],"wp:attachment":[{"href":"https:\/\/career-mainfranken.com\/es\/wp-json\/wp\/v2\/media?parent=5215"}],"curies":[{"name":"wp","href":"https:\/\/api.w.org\/{rel}","templated":true}]}}