{"id":5058,"date":"2025-05-06T12:10:36","date_gmt":"2025-05-06T10:10:36","guid":{"rendered":"https:\/\/career-mainfranken.com\/para-estudiantes\/universidades-e-instituciones-educativas\/"},"modified":"2025-05-21T10:37:13","modified_gmt":"2025-05-21T08:37:13","slug":"universidades-e-instituciones-educativas","status":"publish","type":"page","link":"https:\/\/career-mainfranken.com\/es\/para-estudiantes\/universidades-e-instituciones-educativas\/","title":{"rendered":"Universidades e instituciones educativas"},"content":{"rendered":"<p><div class=\"fusion-fullwidth fullwidth-box fusion-builder-row-1 fusion-flex-container has-pattern-background has-mask-background nonhundred-percent-fullwidth non-hundred-percent-height-scrolling header\" style=\"--awb-border-radius-top-left:0px;--awb-border-radius-top-right:0px;--awb-border-radius-bottom-right:0px;--awb-border-radius-bottom-left:0px;--awb-padding-top:100px;--awb-padding-top-medium:75px;--awb-padding-top-small:50px;--awb-flex-wrap:wrap;\" ><div class=\"fusion-builder-row fusion-row fusion-flex-align-items-flex-start fusion-flex-justify-content-center fusion-flex-content-wrap\" style=\"max-width:1664px;margin-left: calc(-4% \/ 2 );margin-right: calc(-4% \/ 2 );\"><div class=\"fusion-layout-column fusion_builder_column fusion-builder-column-0 fusion_builder_column_4_5 4_5 fusion-flex-column fusion-flex-align-self-center angebote_header\" style=\"--awb-bg-size:cover;--awb-width-large:80%;--awb-margin-top-large:0px;--awb-spacing-right-large:2.4%;--awb-margin-bottom-large:0px;--awb-spacing-left-large:2.4%;--awb-width-medium:80%;--awb-order-medium:0;--awb-spacing-right-medium:2.4%;--awb-spacing-left-medium:2.4%;--awb-width-small:100%;--awb-order-small:0;--awb-spacing-right-small:1.92%;--awb-spacing-left-small:1.92%;\" data-scroll-devices=\"small-visibility,medium-visibility,large-visibility\"><div class=\"fusion-column-wrapper fusion-column-has-shadow fusion-flex-justify-content-flex-start fusion-content-layout-column\"><div class=\"fusion-title title fusion-title-1 fusion-sep-none fusion-title-text fusion-title-size-one\" style=\"--awb-text-color:var(--awb-color5);--awb-margin-top-small:0px;--awb-margin-right-small:0px;--awb-margin-bottom-small:0px;--awb-margin-left-small:0px;--awb-font-size:var(--awb-typography2-font-size);\"><h1 class=\"fusion-title-heading title-heading-left fusion-responsive-typography-calculated\" style=\"font-family:var(--awb-typography2-font-family);font-weight:var(--awb-typography2-font-weight);font-style:var(--awb-typography2-font-style);margin:0;letter-spacing:var(--awb-typography2-letter-spacing);text-transform:var(--awb-typography2-text-transform);font-size:1em;--fontSize:70;line-height:1;\">Universidades e instituciones educativas<\/h1><\/div><div class=\"fusion-separator trenner_links\" style=\"align-self: flex-start;margin-right:auto;margin-top:25px;margin-bottom:25px;width:100%;max-width:100px;\"><div class=\"fusion-separator-border sep-single sep-solid\" style=\"--awb-height:20px;--awb-amount:20px;--awb-sep-color:var(--awb-color5);border-color:var(--awb-color5);border-top-width:4px;\"><\/div><\/div><div class=\"fusion-text fusion-text-1\"><p>Mainfranken ofrece a los estudiantes una amplia gama de oportunidades educativas con prestigiosas universidades y numerosas opciones de estudios duales.<\/p>\n<\/div><\/div><\/div><\/div><\/div><div class=\"fusion-fullwidth fullwidth-box fusion-builder-row-2 fusion-flex-container has-pattern-background has-mask-background nonhundred-percent-fullwidth non-hundred-percent-height-scrolling inhalte\" style=\"--awb-border-radius-top-left:0px;--awb-border-radius-top-right:0px;--awb-border-radius-bottom-right:0px;--awb-border-radius-bottom-left:0px;--awb-padding-top:80px;--awb-padding-top-medium:55px;--awb-padding-top-small:30px;--awb-flex-wrap:wrap;\" id=\"hochschulen_bildungseinrichtungen\" ><div class=\"fusion-builder-row fusion-row fusion-flex-align-items-flex-start fusion-flex-justify-content-center fusion-flex-content-wrap\" style=\"max-width:1664px;margin-left: calc(-4% \/ 2 );margin-right: calc(-4% \/ 2 );\"><div class=\"fusion-layout-column fusion_builder_column fusion-builder-column-1 fusion_builder_column_4_5 4_5 fusion-flex-column\" style=\"--awb-bg-size:cover;--awb-width-large:80%;--awb-margin-top-large:0px;--awb-spacing-right-large:2.4%;--awb-margin-bottom-large:0px;--awb-spacing-left-large:2.4%;--awb-width-medium:80%;--awb-order-medium:0;--awb-spacing-right-medium:2.4%;--awb-spacing-left-medium:2.4%;--awb-width-small:100%;--awb-order-small:0;--awb-spacing-right-small:1.92%;--awb-spacing-left-small:1.92%;\" data-scroll-devices=\"small-visibility,medium-visibility,large-visibility\"><div class=\"fusion-column-wrapper fusion-column-has-shadow fusion-flex-justify-content-flex-start fusion-content-layout-column\"><div class=\"fusion-title title fusion-title-2 fusion-sep-none fusion-title-text fusion-title-size-two\" style=\"--awb-margin-top-small:0px;--awb-margin-right-small:0px;--awb-margin-bottom-small:0px;--awb-margin-left-small:0px;--awb-font-size:var(--awb-custom_typography_1-font-size);\"><h2 class=\"fusion-title-heading title-heading-left fusion-responsive-typography-calculated\" style=\"font-family:var(--awb-custom_typography_1-font-family);font-weight:var(--awb-custom_typography_1-font-weight);font-style:var(--awb-custom_typography_1-font-style);margin:0;letter-spacing:var(--awb-custom_typography_1-letter-spacing);text-transform:var(--awb-custom_typography_1-text-transform);font-size:1em;--fontSize:26;--minFontSize:26;line-height:1.15;\">Universidades en Mainfranken<\/h2><\/div><div class=\"fusion-separator trenner_links\" style=\"align-self: flex-start;margin-right:auto;margin-top:15px;margin-bottom:15px;width:100%;max-width:100px;\"><div class=\"fusion-separator-border sep-single\" style=\"--awb-height:20px;--awb-amount:20px;border-color:var(--awb-custom_color_2);border-top-width:4px;\"><\/div><\/div><div class=\"fusion-text fusion-text-2\" style=\"--awb-margin-top:-18px;\"><ul>\n<li><a href=\"https:\/\/www.uni-wuerzburg.de\/\" target=\"_blank\" rel=\"noopener\"><strong>Universidad Julius Maximilians de W\u00fcrzburg (JMU)<\/strong><\/a>: Con m\u00e1s de 600 a\u00f1os de tradici\u00f3n, la JMU se encuentra entre las universidades de tama\u00f1o medio de Alemania y ofrece una amplia gama de disciplinas en diez facultades. Adem\u00e1s, el <a href=\"https:\/\/www.ukw.de\/startseite\/\" target=\"_blank\" rel=\"noopener\">Hospital Universitario de W\u00fcrzburg<\/a> ofrece diversas oportunidades bajo la direcci\u00f3n de prestigiosos profesores. <\/li>\n<li><a href=\"https:\/\/www.thws.de\/\" target=\"_blank\" rel=\"noopener\"><strong>Universidad de Ciencias Aplicadas de W\u00fcrzburg-Schweinfurt (THWS)<\/strong><\/a>: En sus sedes de W\u00fcrzburg y Schweinfurt, la THWS ofrece m\u00e1s de 50 programas de grado y m\u00e1ster en los campos de tecnolog\u00eda, econom\u00eda, ciencias sociales, inform\u00e1tica, dise\u00f1o y lengua.<\/li>\n<\/ul>\n<p>Adem\u00e1s, la THWS opera varios <a href=\"https:\/\/www.thws.de\/forschung\/institute\/\">institutos de investigaci\u00f3n<\/a> interdisciplinarios y orientados a la aplicaci\u00f3n en la regi\u00f3n. Entre estos se encuentran los Centros de Transferencia Tecnol\u00f3gica (TTZs) ubicados en toda la regi\u00f3n de Mainfranken: <\/p>\n<ul>\n<li><a href=\"https:\/\/ttz-emo.thws.de\/\" target=\"_blank\" rel=\"noopener\">Centro de Transferencia Tecnol\u00f3gica de Movilidad El\u00e9ctrica en Bad Neustadt (TTZ-EMO)<\/a><\/li>\n<li><a href=\"https:\/\/ttz-has.thws.de\/\" target=\"_blank\" rel=\"noopener\">Centro de Transferencia Tecnol\u00f3gica de Ha\u00dffurt (TTZ-HAS)<\/a>: Enfocado en la investigaci\u00f3n aplicada en el campo de la extrusi\u00f3n de tubos de pl\u00e1stico<\/li>\n<li><a href=\"https:\/\/ttz-kg.thws.de\/\" target=\"_blank\" rel=\"noopener\">Centro de Transferencia Tecnol\u00f3gica de Bad Kissingen (TTZ-KG)<\/a>: Enfocado en la investigaci\u00f3n aplicada en el campo de la transformaci\u00f3n digital sostenible de an\u00e1lisis de laboratorio y tecnolog\u00eda m\u00e9dica<\/li>\n<li><a href=\"https:\/\/ttz-kt.thws.de\/\" target=\"_blank\" rel=\"noopener\">Centro de Transferencia Tecnol\u00f3gica de Kitzingen (TTZ-KT)<\/a>: \u00c1reas tem\u00e1ticas de rob\u00f3tica, inteligencia artificial, transformaci\u00f3n del trabajo y digitalizaci\u00f3n<\/li>\n<li><a href=\"https:\/\/ttz-m.thws.de\/\" target=\"_blank\" rel=\"noopener\">Centro de Transferencia Tecnol\u00f3gica de Main-Spessart (TTZ-MSP): Enfocado en la fabricaci\u00f3n aditiva<br \/>\n<\/a><\/li>\n<li><a href=\"https:\/\/ttz-wue.thws.de\/\" target=\"_blank\" rel=\"noopener\">Centro de Transferencia Tecnol\u00f3gica de Ciberseguridad (TTZ-WUE)<\/a><\/li>\n<\/ul>\n<ul>\n<li><a href=\"https:\/\/hfm-wuerzburg.de\/\" target=\"_blank\" rel=\"noopener\"><strong>Escuela Superior de M\u00fasica de W\u00fcrzburg<\/strong><\/a>: Esta instituci\u00f3n ofrece programas de estudio especializados en el campo de la m\u00fasica.<\/li>\n<li><a href=\"https:\/\/www.iu.de\/campus\/wuerzburg\/\" target=\"_blank\" rel=\"noopener\"><strong>Universidad Internacional de Ciencias Aplicadas Campus W\u00fcrzburg (IU):<\/strong><\/a> La IU Universidad Internacional de Ciencias Aplicadas opera un campus en W\u00fcrzburg con programas de estudio orientados a la pr\u00e1ctica. La sede ofrece grupos de aprendizaje peque\u00f1os y atenci\u00f3n personalizada en una ubicaci\u00f3n c\u00e9ntrica de la ciudad. <strong><br \/>\n<\/strong><\/li>\n<\/ul>\n<\/div><\/div><\/div><\/div><\/div><div class=\"fusion-fullwidth fullwidth-box fusion-builder-row-3 fusion-flex-container has-pattern-background has-mask-background nonhundred-percent-fullwidth non-hundred-percent-height-scrolling inhalte\" style=\"--awb-border-radius-top-left:0px;--awb-border-radius-top-right:0px;--awb-border-radius-bottom-right:0px;--awb-border-radius-bottom-left:0px;--awb-padding-top:80px;--awb-padding-top-medium:55px;--awb-padding-top-small:30px;--awb-flex-wrap:wrap;\" id=\"hochschulen_bildungseinrichtungen\" ><div class=\"fusion-builder-row fusion-row fusion-flex-align-items-flex-start fusion-flex-justify-content-center fusion-flex-content-wrap\" style=\"max-width:1664px;margin-left: calc(-4% \/ 2 );margin-right: calc(-4% \/ 2 );\"><div class=\"fusion-layout-column fusion_builder_column fusion-builder-column-2 fusion_builder_column_4_5 4_5 fusion-flex-column\" style=\"--awb-bg-size:cover;--awb-width-large:80%;--awb-margin-top-large:0px;--awb-spacing-right-large:2.4%;--awb-margin-bottom-large:0px;--awb-spacing-left-large:2.4%;--awb-width-medium:80%;--awb-order-medium:0;--awb-spacing-right-medium:2.4%;--awb-spacing-left-medium:2.4%;--awb-width-small:100%;--awb-order-small:0;--awb-spacing-right-small:1.92%;--awb-spacing-left-small:1.92%;\" data-scroll-devices=\"small-visibility,medium-visibility,large-visibility\"><div class=\"fusion-column-wrapper fusion-column-has-shadow fusion-flex-justify-content-flex-start fusion-content-layout-column\"><div class=\"fusion-title title fusion-title-3 fusion-sep-none fusion-title-text fusion-title-size-two\" style=\"--awb-margin-top-small:0px;--awb-margin-right-small:0px;--awb-margin-bottom-small:0px;--awb-margin-left-small:0px;--awb-font-size:var(--awb-custom_typography_1-font-size);\"><h2 class=\"fusion-title-heading title-heading-left fusion-responsive-typography-calculated\" style=\"font-family:var(--awb-custom_typography_1-font-family);font-weight:var(--awb-custom_typography_1-font-weight);font-style:var(--awb-custom_typography_1-font-style);margin:0;letter-spacing:var(--awb-custom_typography_1-letter-spacing);text-transform:var(--awb-custom_typography_1-text-transform);font-size:1em;--fontSize:26;--minFontSize:26;line-height:1.15;\">Programas de estudios duales<\/h2><\/div><div class=\"fusion-separator trenner_links\" style=\"align-self: flex-start;margin-right:auto;margin-top:15px;margin-bottom:15px;width:100%;max-width:100px;\"><div class=\"fusion-separator-border sep-single\" style=\"--awb-height:20px;--awb-amount:20px;border-color:var(--awb-custom_color_2);border-top-width:4px;\"><\/div><\/div><div class=\"fusion-text fusion-text-3\"><p>Un programa de estudios dual combina estudios acad\u00e9micos universitarios con fases pr\u00e1cticas en empresas o instituciones. En Mainfranken existen diversas oportunidades para realizar estudios duales: <\/p>\n<ul>\n<li><strong>Universidad de Ciencias Aplicadas de W\u00fcrzburg-Schweinfurt (THWS)<\/strong>: La THWS ofrece <a href=\"https:\/\/www.thws.de\/studium-an-der-thws\/studieren\/duales-studium\/\" target=\"_blank\" rel=\"noopener\">programas de estudios duales<\/a> en los que las fases te\u00f3ricas del estudio se alternan con fases pr\u00e1cticas en empresas, generalmente durante los per\u00edodos sin clases.<\/li>\n<li><strong>Hospital Universitario de W\u00fcrzburg<\/strong>: En cooperaci\u00f3n con la Universidad Estatal Cooperativa de Baden-W\u00fcrttemberg (DHBW) en Bad Mergentheim, el Hospital Universitario de W\u00fcrzburg ofrece el programa de estudios dual <a href=\"https:\/\/www.mosbach.dhbw.de\/studium\/studienangebot-bachelor\/bwl-gesundheitsmanagement\/studieninhalte-profil\/\" target=\"_blank\" rel=\"noopener\">Gesti\u00f3n Empresarial en Salud<\/a>.<\/li>\n<li><strong>Empresas en la regi\u00f3n<\/strong>: Numerosas empresas en W\u00fcrzburg y sus alrededores ofrecen plazas de estudios duales en diversas disciplinas, incluyendo los siguientes empleadores destacados de la regi\u00f3n:<\/li>\n<\/ul>\n<\/div><div ><a class=\"fusion-button button-3d fusion-button-default-size button-default fusion-button-default button-1 fusion-button-default-span fusion-button-default-type button_gruen\" style=\"--button_margin-bottom:30px;\" target=\"_self\" href=\"\/top-arbeitgeber\"><span class=\"fusion-button-text awb-button__text awb-button__text--default\">Ir a los mejores empleadores<\/span><\/a><\/div><div class=\"fusion-text fusion-text-4\"><p>Encontrar\u00e1 m\u00e1s ofertas en el <a href=\"http:\/\/ausbildungskompass.de\/ausbildungsplatz-finden\" target=\"_blank\" rel=\"noopener\">Comp\u00e1s de Formaci\u00f3n de Mainfranken<\/a> bajo la secci\u00f3n \u201cEstudios con formaci\u00f3n profesional\u201d.<\/p>\n<\/div><\/div><\/div><\/div><\/div><div class=\"fusion-fullwidth fullwidth-box fusion-builder-row-4 fusion-flex-container has-pattern-background has-mask-background nonhundred-percent-fullwidth non-hundred-percent-height-scrolling inhalte\" style=\"--awb-border-radius-top-left:0px;--awb-border-radius-top-right:0px;--awb-border-radius-bottom-right:0px;--awb-border-radius-bottom-left:0px;--awb-padding-top:80px;--awb-padding-bottom:80px;--awb-padding-top-medium:55px;--awb-padding-bottom-medium:55px;--awb-padding-top-small:30px;--awb-padding-bottom-small:30px;--awb-flex-wrap:wrap;\" id=\"hochschulen_bildungseinrichtungen\" ><div class=\"fusion-builder-row fusion-row fusion-flex-align-items-flex-start fusion-flex-justify-content-center fusion-flex-content-wrap\" style=\"max-width:1664px;margin-left: calc(-4% \/ 2 );margin-right: calc(-4% \/ 2 );\"><div class=\"fusion-layout-column fusion_builder_column fusion-builder-column-3 fusion_builder_column_4_5 4_5 fusion-flex-column\" style=\"--awb-bg-size:cover;--awb-width-large:80%;--awb-margin-top-large:0px;--awb-spacing-right-large:2.4%;--awb-margin-bottom-large:0px;--awb-spacing-left-large:2.4%;--awb-width-medium:80%;--awb-order-medium:0;--awb-spacing-right-medium:2.4%;--awb-spacing-left-medium:2.4%;--awb-width-small:100%;--awb-order-small:0;--awb-spacing-right-small:1.92%;--awb-spacing-left-small:1.92%;\" data-scroll-devices=\"small-visibility,medium-visibility,large-visibility\"><div class=\"fusion-column-wrapper fusion-column-has-shadow fusion-flex-justify-content-flex-start fusion-content-layout-column\"><div class=\"fusion-title title fusion-title-4 fusion-sep-none fusion-title-text fusion-title-size-two\" style=\"--awb-margin-top-small:0px;--awb-margin-right-small:0px;--awb-margin-bottom-small:0px;--awb-margin-left-small:0px;--awb-font-size:var(--awb-custom_typography_1-font-size);\"><h2 class=\"fusion-title-heading title-heading-left fusion-responsive-typography-calculated\" style=\"font-family:var(--awb-custom_typography_1-font-family);font-weight:var(--awb-custom_typography_1-font-weight);font-style:var(--awb-custom_typography_1-font-style);margin:0;letter-spacing:var(--awb-custom_typography_1-letter-spacing);text-transform:var(--awb-custom_typography_1-text-transform);font-size:1em;--fontSize:26;--minFontSize:26;line-height:1.15;\">Apoyo para el inicio de la carrera<\/h2><\/div><div class=\"fusion-separator trenner_links\" style=\"align-self: flex-start;margin-right:auto;margin-top:15px;margin-bottom:15px;width:100%;max-width:100px;\"><div class=\"fusion-separator-border sep-single\" style=\"--awb-height:20px;--awb-amount:20px;border-color:var(--awb-custom_color_2);border-top-width:4px;\"><\/div><\/div><div class=\"fusion-text fusion-text-5\"><p>Tanto la <strong>Universidad de W\u00fcrzburg<\/strong> como la <strong>THWS<\/strong> ofrecen un amplio apoyo para la transici\u00f3n de los estudios a la vida profesional a trav\u00e9s de sus Centros de Carrera. Ayudan a los estudiantes con asesoramiento sobre solicitudes de empleo, pr\u00e1cticas y entrada al mundo laboral, facilitan contactos con empresas y organizan regularmente ferias de empleo y talleres. <\/p>\n<ul>\n<li><strong>Centro de Carreras de la Universidad de W\u00fcrzburg<\/strong>: <a href=\"https:\/\/www.uni-wuerzburg.de\/career\/\" target=\"_blank\" rel=\"noopener\">https:\/\/www.uni-wuerzburg.de\/career\/<\/a><\/li>\n<li><strong>Servicio de Carrera de la THWS<\/strong>: <a href=\"https:\/\/www.thws.de\/beratung-und-service\/career-service\/\" target=\"_blank\" rel=\"noopener\">https:\/\/www.thws.de\/beratung-und-service\/career-service\/<\/a><\/li>\n<\/ul>\n<\/div><div class=\"fusion-text fusion-text-6\" style=\"--awb-margin-top:20px;\"><p>Si despu\u00e9s de tus estudios deseas dar el paso hacia el emprendimiento o trabajar en proyectos innovadores, Mainfranken es el lugar ideal para ti. Los <a href=\"https:\/\/gim-bayern.de\/\" target=\"_blank\" rel=\"noopener\">Centros de Innovaci\u00f3n y Emprendimiento<\/a> de la regi\u00f3n te ofrecen un amplio apoyo, desde coaching y consejos de financiaci\u00f3n hasta espacios de coworking y programas de mentor\u00eda.<\/p>\n<\/div><\/div><\/div><\/div><\/div><\/p>\n","protected":false},"excerpt":{"rendered":"","protected":false},"author":2,"featured_media":0,"parent":4608,"menu_order":0,"comment_status":"closed","ping_status":"closed","template":"100-width.php","meta":{"footnotes":"","_links_to":"","_links_to_target":""},"class_list":["post-5058","page","type-page","status-publish","hentry"],"yoast_head":"<!-- This site is optimized with the Yoast SEO plugin v27.2 - https:\/\/yoast.com\/product\/yoast-seo-wordpress\/ -->\n<title>Universidades e instituciones educativas - Region Mainfranken<\/title>\n<meta name=\"robots\" content=\"index, follow, max-snippet:-1, max-image-preview:large, max-video-preview:-1\" \/>\n<link rel=\"canonical\" href=\"https:\/\/career-mainfranken.com\/es\/para-estudiantes\/universidades-e-instituciones-educativas\/\" \/>\n<meta property=\"og:locale\" content=\"es_ES\" \/>\n<meta property=\"og:type\" content=\"article\" \/>\n<meta property=\"og:title\" content=\"Universidades e instituciones educativas - Region Mainfranken\" \/>\n<meta property=\"og:url\" content=\"https:\/\/career-mainfranken.com\/es\/para-estudiantes\/universidades-e-instituciones-educativas\/\" \/>\n<meta property=\"og:site_name\" content=\"Region Mainfranken\" \/>\n<meta property=\"article:modified_time\" content=\"2025-05-21T08:37:13+00:00\" \/>\n<meta name=\"twitter:card\" content=\"summary_large_image\" \/>\n<meta name=\"twitter:label1\" content=\"Tiempo de lectura\" \/>\n\t<meta name=\"twitter:data1\" content=\"35 minutos\" \/>\n<script type=\"application\/ld+json\" class=\"yoast-schema-graph\">{\"@context\":\"https:\/\/schema.org\",\"@graph\":[{\"@type\":\"WebPage\",\"@id\":\"https:\/\/career-mainfranken.com\/es\/para-estudiantes\/universidades-e-instituciones-educativas\/\",\"url\":\"https:\/\/career-mainfranken.com\/es\/para-estudiantes\/universidades-e-instituciones-educativas\/\",\"name\":\"Universidades e instituciones educativas - Region Mainfranken\",\"isPartOf\":{\"@id\":\"https:\/\/career-mainfranken.com\/es\/#website\"},\"datePublished\":\"2025-05-06T10:10:36+00:00\",\"dateModified\":\"2025-05-21T08:37:13+00:00\",\"breadcrumb\":{\"@id\":\"https:\/\/career-mainfranken.com\/es\/para-estudiantes\/universidades-e-instituciones-educativas\/#breadcrumb\"},\"inLanguage\":\"es\",\"potentialAction\":[{\"@type\":\"ReadAction\",\"target\":[\"https:\/\/career-mainfranken.com\/es\/para-estudiantes\/universidades-e-instituciones-educativas\/\"]}]},{\"@type\":\"BreadcrumbList\",\"@id\":\"https:\/\/career-mainfranken.com\/es\/para-estudiantes\/universidades-e-instituciones-educativas\/#breadcrumb\",\"itemListElement\":[{\"@type\":\"ListItem\",\"position\":1,\"name\":\"P\u00e1gina principal\",\"item\":\"https:\/\/career-mainfranken.com\/es\/pagina-principal\/\"},{\"@type\":\"ListItem\",\"position\":2,\"name\":\"Para estudiantes\",\"item\":\"https:\/\/career-mainfranken.com\/es\/para-estudiantes\/\"},{\"@type\":\"ListItem\",\"position\":3,\"name\":\"Universidades e instituciones educativas\"}]},{\"@type\":\"WebSite\",\"@id\":\"https:\/\/career-mainfranken.com\/es\/#website\",\"url\":\"https:\/\/career-mainfranken.com\/es\/\",\"name\":\"Region Mainfranken\",\"description\":\"\",\"potentialAction\":[{\"@type\":\"SearchAction\",\"target\":{\"@type\":\"EntryPoint\",\"urlTemplate\":\"https:\/\/career-mainfranken.com\/es\/?s={search_term_string}\"},\"query-input\":{\"@type\":\"PropertyValueSpecification\",\"valueRequired\":true,\"valueName\":\"search_term_string\"}}],\"inLanguage\":\"es\"}]}<\/script>\n<!-- \/ Yoast SEO plugin. -->","yoast_head_json":{"title":"Universidades e instituciones educativas - Region Mainfranken","robots":{"index":"index","follow":"follow","max-snippet":"max-snippet:-1","max-image-preview":"max-image-preview:large","max-video-preview":"max-video-preview:-1"},"canonical":"https:\/\/career-mainfranken.com\/es\/para-estudiantes\/universidades-e-instituciones-educativas\/","og_locale":"es_ES","og_type":"article","og_title":"Universidades e instituciones educativas - Region Mainfranken","og_url":"https:\/\/career-mainfranken.com\/es\/para-estudiantes\/universidades-e-instituciones-educativas\/","og_site_name":"Region Mainfranken","article_modified_time":"2025-05-21T08:37:13+00:00","twitter_card":"summary_large_image","twitter_misc":{"Tiempo de lectura":"35 minutos"},"schema":{"@context":"https:\/\/schema.org","@graph":[{"@type":"WebPage","@id":"https:\/\/career-mainfranken.com\/es\/para-estudiantes\/universidades-e-instituciones-educativas\/","url":"https:\/\/career-mainfranken.com\/es\/para-estudiantes\/universidades-e-instituciones-educativas\/","name":"Universidades e instituciones educativas - Region Mainfranken","isPartOf":{"@id":"https:\/\/career-mainfranken.com\/es\/#website"},"datePublished":"2025-05-06T10:10:36+00:00","dateModified":"2025-05-21T08:37:13+00:00","breadcrumb":{"@id":"https:\/\/career-mainfranken.com\/es\/para-estudiantes\/universidades-e-instituciones-educativas\/#breadcrumb"},"inLanguage":"es","potentialAction":[{"@type":"ReadAction","target":["https:\/\/career-mainfranken.com\/es\/para-estudiantes\/universidades-e-instituciones-educativas\/"]}]},{"@type":"BreadcrumbList","@id":"https:\/\/career-mainfranken.com\/es\/para-estudiantes\/universidades-e-instituciones-educativas\/#breadcrumb","itemListElement":[{"@type":"ListItem","position":1,"name":"P\u00e1gina principal","item":"https:\/\/career-mainfranken.com\/es\/pagina-principal\/"},{"@type":"ListItem","position":2,"name":"Para estudiantes","item":"https:\/\/career-mainfranken.com\/es\/para-estudiantes\/"},{"@type":"ListItem","position":3,"name":"Universidades e instituciones educativas"}]},{"@type":"WebSite","@id":"https:\/\/career-mainfranken.com\/es\/#website","url":"https:\/\/career-mainfranken.com\/es\/","name":"Region Mainfranken","description":"","potentialAction":[{"@type":"SearchAction","target":{"@type":"EntryPoint","urlTemplate":"https:\/\/career-mainfranken.com\/es\/?s={search_term_string}"},"query-input":{"@type":"PropertyValueSpecification","valueRequired":true,"valueName":"search_term_string"}}],"inLanguage":"es"}]}},"_links":{"self":[{"href":"https:\/\/career-mainfranken.com\/es\/wp-json\/wp\/v2\/pages\/5058","targetHints":{"allow":["GET"]}}],"collection":[{"href":"https:\/\/career-mainfranken.com\/es\/wp-json\/wp\/v2\/pages"}],"about":[{"href":"https:\/\/career-mainfranken.com\/es\/wp-json\/wp\/v2\/types\/page"}],"author":[{"embeddable":true,"href":"https:\/\/career-mainfranken.com\/es\/wp-json\/wp\/v2\/users\/2"}],"replies":[{"embeddable":true,"href":"https:\/\/career-mainfranken.com\/es\/wp-json\/wp\/v2\/comments?post=5058"}],"version-history":[{"count":0,"href":"https:\/\/career-mainfranken.com\/es\/wp-json\/wp\/v2\/pages\/5058\/revisions"}],"up":[{"embeddable":true,"href":"https:\/\/career-mainfranken.com\/es\/wp-json\/wp\/v2\/pages\/4608"}],"wp:attachment":[{"href":"https:\/\/career-mainfranken.com\/es\/wp-json\/wp\/v2\/media?parent=5058"}],"curies":[{"name":"wp","href":"https:\/\/api.w.org\/{rel}","templated":true}]}}