{"id":4636,"date":"2025-05-02T14:14:12","date_gmt":"2025-05-02T12:14:12","guid":{"rendered":"https:\/\/career-mainfranken.com\/nuestras-ofertas\/"},"modified":"2025-09-17T13:21:31","modified_gmt":"2025-09-17T11:21:31","slug":"nuestras-ofertas","status":"publish","type":"page","link":"https:\/\/career-mainfranken.com\/es\/nuestras-ofertas\/","title":{"rendered":"Nuestras ofertas"},"content":{"rendered":"<p><div class=\"fusion-fullwidth fullwidth-box fusion-builder-row-1 fusion-flex-container has-pattern-background has-mask-background nonhundred-percent-fullwidth non-hundred-percent-height-scrolling header\" style=\"--awb-border-radius-top-left:0px;--awb-border-radius-top-right:0px;--awb-border-radius-bottom-right:0px;--awb-border-radius-bottom-left:0px;--awb-padding-top:100px;--awb-padding-bottom:80px;--awb-padding-top-medium:75px;--awb-padding-bottom-medium:55px;--awb-padding-top-small:50px;--awb-padding-bottom-small:30px;--awb-flex-wrap:wrap;\" ><div class=\"fusion-builder-row fusion-row fusion-flex-align-items-flex-start fusion-flex-justify-content-center fusion-flex-content-wrap\" style=\"max-width:1664px;margin-left: calc(-4% \/ 2 );margin-right: calc(-4% \/ 2 );\"><div class=\"fusion-layout-column fusion_builder_column fusion-builder-column-0 fusion_builder_column_4_5 4_5 fusion-flex-column fusion-flex-align-self-center angebote_header\" style=\"--awb-bg-size:cover;--awb-width-large:80%;--awb-margin-top-large:0px;--awb-spacing-right-large:2.4%;--awb-margin-bottom-large:0px;--awb-spacing-left-large:2.4%;--awb-width-medium:80%;--awb-order-medium:0;--awb-spacing-right-medium:2.4%;--awb-spacing-left-medium:2.4%;--awb-width-small:100%;--awb-order-small:0;--awb-spacing-right-small:1.92%;--awb-spacing-left-small:1.92%;\" data-scroll-devices=\"small-visibility,medium-visibility,large-visibility\"><div class=\"fusion-column-wrapper fusion-column-has-shadow fusion-flex-justify-content-flex-start fusion-content-layout-column\"><div class=\"fusion-title title fusion-title-1 fusion-sep-none fusion-title-text fusion-title-size-one\" style=\"--awb-text-color:var(--awb-color5);--awb-margin-top-small:0px;--awb-margin-right-small:0px;--awb-margin-bottom-small:0px;--awb-margin-left-small:0px;--awb-font-size:var(--awb-typography2-font-size);\"><h1 class=\"fusion-title-heading title-heading-left fusion-responsive-typography-calculated\" style=\"font-family:var(--awb-typography2-font-family);font-weight:var(--awb-typography2-font-weight);font-style:var(--awb-typography2-font-style);margin:0;letter-spacing:var(--awb-typography2-letter-spacing);text-transform:var(--awb-typography2-text-transform);font-size:1em;--fontSize:70;line-height:1;\">Nuestras ofertas<\/h1><\/div><div class=\"fusion-separator trenner_links\" style=\"align-self: flex-start;margin-right:auto;margin-top:25px;margin-bottom:25px;width:100%;max-width:100px;\"><div class=\"fusion-separator-border sep-single sep-solid\" style=\"--awb-height:20px;--awb-amount:20px;--awb-sep-color:var(--awb-color5);border-color:var(--awb-color5);border-top-width:4px;\"><\/div><\/div><div class=\"fusion-title title fusion-title-2 fusion-sep-none fusion-title-text fusion-title-size-two\" style=\"--awb-margin-top:15px;--awb-margin-bottom:30px;--awb-margin-top-small:5px;--awb-margin-right-small:0px;--awb-margin-bottom-small:20px;--awb-margin-left-small:0px;--awb-margin-top-medium:10px;--awb-margin-bottom-medium:25px;--awb-font-size:var(--awb-custom_typography_1-font-size);\"><h2 class=\"fusion-title-heading title-heading-left fusion-responsive-typography-calculated\" style=\"font-family:var(--awb-custom_typography_1-font-family);font-weight:var(--awb-custom_typography_1-font-weight);font-style:var(--awb-custom_typography_1-font-style);margin:0;letter-spacing:var(--awb-custom_typography_1-letter-spacing);text-transform:var(--awb-custom_typography_1-text-transform);font-size:1em;--fontSize:26;--minFontSize:26;line-height:1.15;\">Mainfranken work &amp; live \u2013 Aqu\u00ed crece el futuro<\/h2><\/div><div class=\"fusion-text fusion-text-1\"><p>Mainfranken es m\u00e1s que un centro econ\u00f3mico. Es un estilo de vida. Nuestra regi\u00f3n combina fortaleza empresarial con alta calidad de vida, en el coraz\u00f3n de Alemania.<br \/>\nCon <strong>Mainfranken work &amp; live<\/strong>, creamos una plataforma que inspira a las personas a forjar su futuro profesional y personal en Mainfranken. Unimos lo que debe estar unido: empleadores que dirigen sus empresas con pasi\u00f3n y profesionales que buscan nuevas perspectivas.   <\/p>\n<p>Como empresa asociada, se har\u00e1 visible para talentos de toda Alemania. Juntos, hacemos tangible la diversidad de oportunidades profesionales en Mainfranken, tanto en l\u00ednea como en eventos seleccionados. Aproveche la oportunidad de presentar su empresa de manera aut\u00e9ntica, atraer nuevos empleados y formar parte de una s\u00f3lida red regional.<\/p>\n<\/div><\/div><\/div><\/div><\/div><div class=\"fusion-fullwidth fullwidth-box fusion-builder-row-2 fusion-flex-container has-pattern-background has-mask-background nonhundred-percent-fullwidth non-hundred-percent-height-scrolling inhalte\" style=\"--awb-border-radius-top-left:0px;--awb-border-radius-top-right:0px;--awb-border-radius-bottom-right:0px;--awb-border-radius-bottom-left:0px;--awb-padding-bottom:80px;--awb-padding-bottom-medium:55px;--awb-padding-bottom-small:30px;--awb-flex-wrap:wrap;\" ><div class=\"fusion-builder-row fusion-row fusion-flex-align-items-flex-start fusion-flex-justify-content-center fusion-flex-content-wrap\" style=\"max-width:1664px;margin-left: calc(-4% \/ 2 );margin-right: calc(-4% \/ 2 );\"><div class=\"fusion-layout-column fusion_builder_column fusion-builder-column-1 fusion_builder_column_4_5 4_5 fusion-flex-column\" style=\"--awb-bg-size:cover;--awb-width-large:80%;--awb-margin-top-large:0px;--awb-spacing-right-large:2.4%;--awb-margin-bottom-large:0px;--awb-spacing-left-large:2.4%;--awb-width-medium:80%;--awb-order-medium:0;--awb-spacing-right-medium:2.4%;--awb-spacing-left-medium:2.4%;--awb-width-small:100%;--awb-order-small:0;--awb-spacing-right-small:1.92%;--awb-spacing-left-small:1.92%;\" data-scroll-devices=\"small-visibility,medium-visibility,large-visibility\"><div class=\"fusion-column-wrapper fusion-column-has-shadow fusion-flex-justify-content-flex-start fusion-content-layout-column\"><div class=\"fusion-title title fusion-title-3 fusion-sep-none fusion-title-text fusion-title-size-two\" style=\"--awb-margin-bottom:10px;--awb-margin-top-small:0px;--awb-margin-right-small:0px;--awb-margin-bottom-small:0px;--awb-margin-left-small:0px;--awb-font-size:var(--awb-custom_typography_1-font-size);\"><h2 class=\"fusion-title-heading title-heading-left fusion-responsive-typography-calculated\" style=\"font-family:var(--awb-custom_typography_1-font-family);font-weight:var(--awb-custom_typography_1-font-weight);font-style:var(--awb-custom_typography_1-font-style);margin:0;letter-spacing:var(--awb-custom_typography_1-letter-spacing);text-transform:var(--awb-custom_typography_1-text-transform);font-size:1em;--fontSize:26;--minFontSize:26;line-height:1.15;\">Por qu\u00e9 vale la pena convertirse en socio<\/h2><\/div><div class=\"fusion-separator trenner_links\" style=\"align-self: flex-start;margin-right:auto;margin-top:15px;margin-bottom:15px;width:100%;max-width:100px;\"><div class=\"fusion-separator-border sep-single\" style=\"--awb-height:20px;--awb-amount:20px;border-color:var(--awb-custom_color_2);border-top-width:4px;\"><\/div><\/div><div class=\"fusion-text fusion-text-2\"><p><strong>Lograr m\u00e1s juntos:<\/strong><br \/>\nLa b\u00fasqueda de profesionales cualificados se ha convertido desde hace tiempo en un desaf\u00edo para todos. Con Mainfranken work &amp; live, unimos fuerzas y ponemos en el centro de atenci\u00f3n las fortalezas de nuestra regi\u00f3n. Las empresas se benefician de una plataforma de alto impacto que conecta con las personas donde se informan e inspiran, tanto en l\u00ednea como in situ.  <\/p>\n<p><strong>Su empresa en el foco:<\/strong><br \/>\nYa sea arraigada regionalmente o exitosa internacionalmente, ofrecemos un escenario a los empleadores. Aproveche la oportunidad de mostrar la cultura, los valores y las visiones de su empresa. <\/p>\n<p><strong>Fortaleciendo nuestra regi\u00f3n:<\/strong><br \/>\nNuestra campa\u00f1a crece con cada empresa asociada. Juntos, aumentamos la visibilidad de Mainfranken como espacio econ\u00f3mico y vital, posicionando la regi\u00f3n como una ubicaci\u00f3n de primera clase para profesionales y directivos. <\/p>\n<p><strong>Sus ventajas:<\/strong><\/p>\n<ul>\n<li>Aumente su alcance y visibilidad<\/li>\n<li>Interact\u00fae con profesionales cualificados de igual a igual<\/li>\n<li>Benef\u00edciese de la red regional<\/li>\n<li>Utilice nuestra plataforma para una marca empleadora aut\u00e9ntica<\/li>\n<li>Demuestre su compromiso con Mainfranken como lugar para vivir y trabajar<\/li>\n<\/ul>\n<p><strong>\u00a1\u00danase ahora y muestre su presencia!<\/strong><br \/>\nSimplemente complete nuestro formulario de reserva y sea parte de la red:<\/p>\n<\/div><div ><a class=\"fusion-button button-3d fusion-button-default-size button-default fusion-button-default button-1 fusion-button-default-span fusion-button-default-type button_gruen\" style=\"--button_margin-bottom:30px;\" target=\"_blank\" rel=\"noopener noreferrer\" href=\"https:\/\/career-mainfranken.com\/wp-content\/uploads\/Buchungsformular_Kampagne.pdf\"><span class=\"fusion-button-text awb-button__text awb-button__text--default\">AL FORMULARIO DE RESERVA<\/span><\/a><\/div><div class=\"fusion-title title fusion-title-4 fusion-sep-none fusion-title-text fusion-title-size-two\" style=\"--awb-margin-top:50px;--awb-margin-bottom:10px;--awb-margin-top-small:0px;--awb-margin-right-small:0px;--awb-margin-bottom-small:0px;--awb-margin-left-small:0px;--awb-font-size:var(--awb-custom_typography_1-font-size);\"><h2 class=\"fusion-title-heading title-heading-left fusion-responsive-typography-calculated\" style=\"font-family:var(--awb-custom_typography_1-font-family);font-weight:var(--awb-custom_typography_1-font-weight);font-style:var(--awb-custom_typography_1-font-style);margin:0;letter-spacing:var(--awb-custom_typography_1-letter-spacing);text-transform:var(--awb-custom_typography_1-text-transform);font-size:1em;--fontSize:26;--minFontSize:26;line-height:1.15;\">\u00a1Nuevo: la br\u00fajula de formaci\u00f3n para Mainfranken!<\/h2><\/div><div class=\"fusion-separator trenner_links\" style=\"align-self: flex-start;margin-right:auto;margin-top:15px;margin-bottom:15px;width:100%;max-width:100px;\"><div class=\"fusion-separator-border sep-single\" style=\"--awb-height:20px;--awb-amount:20px;border-color:var(--awb-custom_color_2);border-top-width:4px;\"><\/div><\/div><div class=\"fusion-text fusion-text-3\"><p>La br\u00fajula de formaci\u00f3n profesional es un portal en l\u00ednea que ofrece una visi\u00f3n general de las profesiones de formaci\u00f3n y las pr\u00e1cticas en Mainfranken.<\/p>\n<p><strong>Sus ventajas como empresa:<\/strong><\/p>\n<ul>\n<li>\n<div role=\"presentation\" data-olk-copy-source=\"MessageBody\"><strong>Anuncio de empleo desde 120 \u20ac\/a\u00f1o (todos los socios de la campa\u00f1a reciben un anuncio de empleo gratuito) <\/strong><\/div>\n<\/li>\n<li>\n<div role=\"presentation\">La br\u00fajula de formaci\u00f3n profesional se utiliza directamente en las escuelas para el asesoramiento profesional<\/div>\n<\/li>\n<li>\n<div role=\"presentation\">Solicitudes adecuadas mediante la correspondencia basada en fortalezas<\/div>\n<\/li>\n<li>\n<div role=\"presentation\">Comunicaci\u00f3n directa con el grupo objetivo a trav\u00e9s de las redes sociales<\/div>\n<\/li>\n<\/ul>\n<\/div><div ><a class=\"fusion-button button-3d fusion-button-default-size button-default fusion-button-default button-2 fusion-button-default-span fusion-button-default-type button_gruen\" target=\"_blank\" rel=\"noopener noreferrer\" href=\"https:\/\/www.ausbildungskompass.de\/mainfranken\"><span class=\"fusion-button-text awb-button__text awb-button__text--default\">IR A LA BR\u00daJULA DE FORMACI\u00d3N PROFESIONAL<\/span><\/a><\/div><div class=\"fusion-separator trenner_links\" style=\"align-self: flex-start;margin-right:auto;margin-top:50px;margin-bottom:15px;width:100%;max-width:100px;\"><div class=\"fusion-separator-border sep-single\" style=\"--awb-height:20px;--awb-amount:20px;border-color:var(--awb-custom_color_2);border-top-width:4px;\"><\/div><\/div><div class=\"fusion-text fusion-text-4\" style=\"--awb-margin-top:50px;\"><p><strong>\u00bfDesea saber m\u00e1s? Estaremos encantados de asesorarle <\/strong><\/p>\n<p>Region Mainfranken GmbH<br \/>\nMaximilian Heil<br \/>\n<a href=\"mailto:heil@mainfranken.org\">heil@mainfranken.org<\/a><br \/>\nTel: <a href=\"tel:+4993145265215\">0931\/452652-15<\/a><br \/>\nLudwigstra\u00dfe 10a<br \/>\n97070 W\u00fcrzburg<\/p>\n<\/div><div class=\"fusion-text fusion-text-5\" style=\"--awb-margin-top:50px;\"><p><strong data-start=\"106\" data-end=\"140\">Mant\u00e9ngase al d\u00eda:<\/strong><br data-start=\"140\" data-end=\"143\">Reciba peri\u00f3dicamente informaci\u00f3n actualizada sobre temas de personal cualificado, fechas y eventos en Mainfranken, de forma compacta y directamente en su buz\u00f3n.<\/p>\n<\/div><div ><a class=\"fusion-button button-3d fusion-button-default-size button-default fusion-button-default button-3 fusion-button-default-span fusion-button-default-type button_gruen\" target=\"_blank\" rel=\"noopener noreferrer\" href=\"https:\/\/mainfranken.odoo.com\/newsletter-fachkraftekampagne\"><span class=\"fusion-button-text awb-button__text awb-button__text--default\">Suscribirse al bolet\u00edn<\/span><\/a><\/div><\/div><\/div><\/div><\/div><\/p>\n","protected":false},"excerpt":{"rendered":"","protected":false},"author":2,"featured_media":0,"parent":0,"menu_order":0,"comment_status":"closed","ping_status":"closed","template":"100-width.php","meta":{"footnotes":"","_links_to":"","_links_to_target":""},"class_list":["post-4636","page","type-page","status-publish","hentry"],"yoast_head":"<!-- This site is optimized with the Yoast SEO plugin v27.2 - https:\/\/yoast.com\/product\/yoast-seo-wordpress\/ -->\n<title>Nuestras ofertas - Region Mainfranken<\/title>\n<meta name=\"robots\" content=\"index, follow, max-snippet:-1, max-image-preview:large, max-video-preview:-1\" \/>\n<link rel=\"canonical\" href=\"https:\/\/career-mainfranken.com\/es\/nuestras-ofertas\/\" \/>\n<meta property=\"og:locale\" content=\"es_ES\" \/>\n<meta property=\"og:type\" content=\"article\" \/>\n<meta property=\"og:title\" content=\"Nuestras ofertas - Region Mainfranken\" \/>\n<meta property=\"og:url\" content=\"https:\/\/career-mainfranken.com\/es\/nuestras-ofertas\/\" \/>\n<meta property=\"og:site_name\" content=\"Region Mainfranken\" \/>\n<meta property=\"article:modified_time\" content=\"2025-09-17T11:21:31+00:00\" \/>\n<meta name=\"twitter:card\" content=\"summary_large_image\" \/>\n<meta name=\"twitter:label1\" content=\"Tiempo de lectura\" \/>\n\t<meta name=\"twitter:data1\" content=\"17 minutos\" \/>\n<script type=\"application\/ld+json\" class=\"yoast-schema-graph\">{\"@context\":\"https:\/\/schema.org\",\"@graph\":[{\"@type\":\"WebPage\",\"@id\":\"https:\/\/career-mainfranken.com\/es\/nuestras-ofertas\/\",\"url\":\"https:\/\/career-mainfranken.com\/es\/nuestras-ofertas\/\",\"name\":\"Nuestras ofertas - Region Mainfranken\",\"isPartOf\":{\"@id\":\"https:\/\/career-mainfranken.com\/es\/#website\"},\"datePublished\":\"2025-05-02T12:14:12+00:00\",\"dateModified\":\"2025-09-17T11:21:31+00:00\",\"breadcrumb\":{\"@id\":\"https:\/\/career-mainfranken.com\/es\/nuestras-ofertas\/#breadcrumb\"},\"inLanguage\":\"es\",\"potentialAction\":[{\"@type\":\"ReadAction\",\"target\":[\"https:\/\/career-mainfranken.com\/es\/nuestras-ofertas\/\"]}]},{\"@type\":\"BreadcrumbList\",\"@id\":\"https:\/\/career-mainfranken.com\/es\/nuestras-ofertas\/#breadcrumb\",\"itemListElement\":[{\"@type\":\"ListItem\",\"position\":1,\"name\":\"P\u00e1gina principal\",\"item\":\"https:\/\/career-mainfranken.com\/es\/pagina-principal\/\"},{\"@type\":\"ListItem\",\"position\":2,\"name\":\"Nuestras ofertas\"}]},{\"@type\":\"WebSite\",\"@id\":\"https:\/\/career-mainfranken.com\/es\/#website\",\"url\":\"https:\/\/career-mainfranken.com\/es\/\",\"name\":\"Region Mainfranken\",\"description\":\"\",\"potentialAction\":[{\"@type\":\"SearchAction\",\"target\":{\"@type\":\"EntryPoint\",\"urlTemplate\":\"https:\/\/career-mainfranken.com\/es\/?s={search_term_string}\"},\"query-input\":{\"@type\":\"PropertyValueSpecification\",\"valueRequired\":true,\"valueName\":\"search_term_string\"}}],\"inLanguage\":\"es\"}]}<\/script>\n<!-- \/ Yoast SEO plugin. -->","yoast_head_json":{"title":"Nuestras ofertas - Region Mainfranken","robots":{"index":"index","follow":"follow","max-snippet":"max-snippet:-1","max-image-preview":"max-image-preview:large","max-video-preview":"max-video-preview:-1"},"canonical":"https:\/\/career-mainfranken.com\/es\/nuestras-ofertas\/","og_locale":"es_ES","og_type":"article","og_title":"Nuestras ofertas - Region Mainfranken","og_url":"https:\/\/career-mainfranken.com\/es\/nuestras-ofertas\/","og_site_name":"Region Mainfranken","article_modified_time":"2025-09-17T11:21:31+00:00","twitter_card":"summary_large_image","twitter_misc":{"Tiempo de lectura":"17 minutos"},"schema":{"@context":"https:\/\/schema.org","@graph":[{"@type":"WebPage","@id":"https:\/\/career-mainfranken.com\/es\/nuestras-ofertas\/","url":"https:\/\/career-mainfranken.com\/es\/nuestras-ofertas\/","name":"Nuestras ofertas - Region Mainfranken","isPartOf":{"@id":"https:\/\/career-mainfranken.com\/es\/#website"},"datePublished":"2025-05-02T12:14:12+00:00","dateModified":"2025-09-17T11:21:31+00:00","breadcrumb":{"@id":"https:\/\/career-mainfranken.com\/es\/nuestras-ofertas\/#breadcrumb"},"inLanguage":"es","potentialAction":[{"@type":"ReadAction","target":["https:\/\/career-mainfranken.com\/es\/nuestras-ofertas\/"]}]},{"@type":"BreadcrumbList","@id":"https:\/\/career-mainfranken.com\/es\/nuestras-ofertas\/#breadcrumb","itemListElement":[{"@type":"ListItem","position":1,"name":"P\u00e1gina principal","item":"https:\/\/career-mainfranken.com\/es\/pagina-principal\/"},{"@type":"ListItem","position":2,"name":"Nuestras ofertas"}]},{"@type":"WebSite","@id":"https:\/\/career-mainfranken.com\/es\/#website","url":"https:\/\/career-mainfranken.com\/es\/","name":"Region Mainfranken","description":"","potentialAction":[{"@type":"SearchAction","target":{"@type":"EntryPoint","urlTemplate":"https:\/\/career-mainfranken.com\/es\/?s={search_term_string}"},"query-input":{"@type":"PropertyValueSpecification","valueRequired":true,"valueName":"search_term_string"}}],"inLanguage":"es"}]}},"_links":{"self":[{"href":"https:\/\/career-mainfranken.com\/es\/wp-json\/wp\/v2\/pages\/4636","targetHints":{"allow":["GET"]}}],"collection":[{"href":"https:\/\/career-mainfranken.com\/es\/wp-json\/wp\/v2\/pages"}],"about":[{"href":"https:\/\/career-mainfranken.com\/es\/wp-json\/wp\/v2\/types\/page"}],"author":[{"embeddable":true,"href":"https:\/\/career-mainfranken.com\/es\/wp-json\/wp\/v2\/users\/2"}],"replies":[{"embeddable":true,"href":"https:\/\/career-mainfranken.com\/es\/wp-json\/wp\/v2\/comments?post=4636"}],"version-history":[{"count":0,"href":"https:\/\/career-mainfranken.com\/es\/wp-json\/wp\/v2\/pages\/4636\/revisions"}],"wp:attachment":[{"href":"https:\/\/career-mainfranken.com\/es\/wp-json\/wp\/v2\/media?parent=4636"}],"curies":[{"name":"wp","href":"https:\/\/api.w.org\/{rel}","templated":true}]}}