{"id":4584,"date":"2025-05-03T17:35:54","date_gmt":"2025-05-03T15:35:54","guid":{"rendered":"https:\/\/career-mainfranken.com\/areas-de-competencia\/"},"modified":"2025-09-15T13:44:04","modified_gmt":"2025-09-15T11:44:04","slug":"areas-de-competencia","status":"publish","type":"page","link":"https:\/\/career-mainfranken.com\/es\/areas-de-competencia\/","title":{"rendered":"\u00c1reas de competencia"},"content":{"rendered":"<div class=\"fusion-fullwidth fullwidth-box fusion-builder-row-1 fusion-flex-container has-pattern-background has-mask-background nonhundred-percent-fullwidth non-hundred-percent-height-scrolling header\" style=\"--awb-border-radius-top-left:0px;--awb-border-radius-top-right:0px;--awb-border-radius-bottom-right:0px;--awb-border-radius-bottom-left:0px;--awb-padding-top:100px;--awb-padding-bottom:80px;--awb-padding-top-medium:75px;--awb-padding-bottom-medium:55px;--awb-padding-top-small:50px;--awb-padding-bottom-small:30px;--awb-flex-wrap:wrap;\" ><div class=\"fusion-builder-row fusion-row fusion-flex-align-items-flex-start fusion-flex-justify-content-center fusion-flex-content-wrap\" style=\"max-width:1664px;margin-left: calc(-4% \/ 2 );margin-right: calc(-4% \/ 2 );\"><div class=\"fusion-layout-column fusion_builder_column fusion-builder-column-0 fusion_builder_column_4_5 4_5 fusion-flex-column fusion-flex-align-self-center angebote_header\" style=\"--awb-bg-size:cover;--awb-width-large:80%;--awb-margin-top-large:0px;--awb-spacing-right-large:2.4%;--awb-margin-bottom-large:0px;--awb-spacing-left-large:2.4%;--awb-width-medium:80%;--awb-order-medium:0;--awb-spacing-right-medium:2.4%;--awb-spacing-left-medium:2.4%;--awb-width-small:100%;--awb-order-small:0;--awb-spacing-right-small:1.92%;--awb-spacing-left-small:1.92%;\" data-scroll-devices=\"small-visibility,medium-visibility,large-visibility\"><div class=\"fusion-column-wrapper fusion-column-has-shadow fusion-flex-justify-content-flex-start fusion-content-layout-column\"><div class=\"fusion-title title fusion-title-1 fusion-sep-none fusion-title-text fusion-title-size-one\" style=\"--awb-text-color:var(--awb-color5);--awb-margin-top-small:0px;--awb-margin-right-small:0px;--awb-margin-bottom-small:0px;--awb-margin-left-small:0px;--awb-font-size:var(--awb-typography2-font-size);\"><h1 class=\"fusion-title-heading title-heading-left fusion-responsive-typography-calculated\" style=\"font-family:var(--awb-typography2-font-family);font-weight:var(--awb-typography2-font-weight);font-style:var(--awb-typography2-font-style);margin:0;letter-spacing:var(--awb-typography2-letter-spacing);text-transform:var(--awb-typography2-text-transform);font-size:1em;--fontSize:70;line-height:1;\">\u00c1reas de competencia<\/h1><\/div><div class=\"fusion-separator trenner_links\" style=\"align-self: flex-start;margin-right:auto;margin-top:25px;margin-bottom:25px;width:100%;max-width:100px;\"><div class=\"fusion-separator-border sep-single sep-solid\" style=\"--awb-height:20px;--awb-amount:20px;--awb-sep-color:var(--awb-color5);border-color:var(--awb-color5);border-top-width:4px;\"><\/div><\/div><div class=\"fusion-text fusion-text-1\"><p>Se han definido cinco \u00e1reas para Mainfranken en las que la regi\u00f3n es particularmente fuerte en t\u00e9rminos econ\u00f3micos y cient\u00edficos, lo que la convierte en un lugar de primer nivel para la innovaci\u00f3n y el desarrollo profesional: Ingenier\u00eda Mec\u00e1nica &amp; Automoci\u00f3n, Energ\u00eda &amp; Medio Ambiente, TI &amp; IA, Nuevos Materiales &amp; Pl\u00e1sticos, as\u00ed como Medicina &amp; Salud. En estas \u00e1reas se est\u00e1n creando los productos del ma\u00f1ana y los empleos del futuro. Las empresas de la regi\u00f3n desarrollan soluciones que son demandadas en todo el mundo, desde tecnolog\u00edas sostenibles hasta innovaciones m\u00e9dicas.  <\/p>\n<p>Ya sea en exitosas empresas medianas, en multinacionales o en startups: en Mainfranken usted puede participar activamente en el progreso. Especialmente la conexi\u00f3n entre TI &amp; IA con las industrias tradicionales aporta nuevos impulsos. Los profesionales y aprendices se benefician de s\u00f3lidas redes, formaci\u00f3n pr\u00e1ctica y diversas oportunidades de carrera. Aqu\u00ed se construye el futuro y se fomenta el desarrollo personal.   <\/p>\n<p>Obtenga m\u00e1s informaci\u00f3n sobre la regi\u00f3n econ\u00f3mica de Mainfranken en <a href=\"https:\/\/www.mainfranken.org\/\" target=\"_blank\" rel=\"noopener\">www.mainfranken.org<\/a><\/p>\n<\/div><div ><a class=\"fusion-button button-3d fusion-button-default-size button-default fusion-button-default button-1 fusion-button-default-span fusion-button-default-type button_gruen\" style=\"--button_margin-bottom:30px;\" target=\"_blank\" rel=\"noopener noreferrer\" href=\"https:\/\/www.mainfranken.org\/innovationsregion\/kompetenzfelder\/index.html\"><span class=\"fusion-button-text awb-button__text awb-button__text--default\">Ir a las \u00e1reas de competencia<\/span><\/a><\/div><div class=\"fusion-text fusion-text-2\"><p>Nuestros libros blancos le proporcionan una visi\u00f3n m\u00e1s detallada de las industrias del futuro en nuestra regi\u00f3n. Obtenga valiosas perspectivas sobre las \u00e1reas de competencia m\u00e1s importantes de la regi\u00f3n: de forma concisa, pr\u00e1ctica y llena de impulsos para su carrera. <\/p>\n<p>Aqu\u00ed puede acceder a las descargas gratuitas<\/p>\n<ul>\n<li><a href=\"https:\/\/career-mainfranken.com\/wp-content\/uploads\/300-006_Whitepaper_Maschinenbau_u_Automotive_Web_low_Res.pdf\" target=\"_blank\" rel=\"noopener\">Ingenier\u00eda Mec\u00e1nica &amp; Automoci\u00f3n (PDF)<\/a><\/li>\n<li><a href=\"https:\/\/career-mainfranken.com\/wp-content\/uploads\/White-Paper-Energie-Umwelt.pdf\" target=\"_blank\" rel=\"noopener\">Energ\u00eda &amp; Medio Ambiente (PDF)<\/a><\/li>\n<li><a href=\"https:\/\/career-mainfranken.com\/wp-content\/uploads\/Whitepaper_ITKI-Region-Mainfranken-GmbH.pdf\" target=\"_blank\" rel=\"noopener\">TI &amp; IA (PDF)<\/a><\/li>\n<li><a href=\"https:\/\/career-mainfranken.com\/wp-content\/uploads\/2025-07-14_RMF_Whitepaper_Kunststoffe_Druckdatei_gepfadet.pdf\" target=\"_blank\" rel=\"noopener\">Nuevos materiales y pl\u00e1sticos (PDF)<\/a><\/li>\n<li>As\u00ed como <a href=\"https:\/\/career-mainfranken.com\/wp-content\/uploads\/2025-07-14_RMF_Whitepaper_Medizin_Druckdatei_gepfadet.pdf\" target=\"_blank\" rel=\"noopener\">Medicina y salud (PDF)<\/a><\/li>\n<\/ul>\n<\/div><\/div><\/div><\/div><\/div>\n","protected":false},"excerpt":{"rendered":"","protected":false},"author":2,"featured_media":0,"parent":0,"menu_order":0,"comment_status":"closed","ping_status":"closed","template":"100-width.php","meta":{"footnotes":"","_links_to":"","_links_to_target":""},"class_list":["post-4584","page","type-page","status-publish","hentry"],"yoast_head":"<!-- This site is optimized with the Yoast SEO plugin v27.2 - https:\/\/yoast.com\/product\/yoast-seo-wordpress\/ -->\n<title>\u00c1reas de competencia - Region Mainfranken<\/title>\n<meta name=\"robots\" content=\"index, follow, max-snippet:-1, max-image-preview:large, max-video-preview:-1\" \/>\n<link rel=\"canonical\" href=\"https:\/\/career-mainfranken.com\/es\/areas-de-competencia\/\" \/>\n<meta property=\"og:locale\" content=\"es_ES\" \/>\n<meta property=\"og:type\" content=\"article\" \/>\n<meta property=\"og:title\" content=\"\u00c1reas de competencia - Region Mainfranken\" \/>\n<meta property=\"og:url\" content=\"https:\/\/career-mainfranken.com\/es\/areas-de-competencia\/\" \/>\n<meta property=\"og:site_name\" content=\"Region Mainfranken\" \/>\n<meta property=\"article:modified_time\" content=\"2025-09-15T11:44:04+00:00\" \/>\n<meta name=\"twitter:card\" content=\"summary_large_image\" \/>\n<meta name=\"twitter:label1\" content=\"Tiempo de lectura\" \/>\n\t<meta name=\"twitter:data1\" content=\"10 minutos\" \/>\n<script type=\"application\/ld+json\" class=\"yoast-schema-graph\">{\"@context\":\"https:\/\/schema.org\",\"@graph\":[{\"@type\":\"WebPage\",\"@id\":\"https:\/\/career-mainfranken.com\/es\/areas-de-competencia\/\",\"url\":\"https:\/\/career-mainfranken.com\/es\/areas-de-competencia\/\",\"name\":\"\u00c1reas de competencia - Region Mainfranken\",\"isPartOf\":{\"@id\":\"https:\/\/career-mainfranken.com\/es\/#website\"},\"datePublished\":\"2025-05-03T15:35:54+00:00\",\"dateModified\":\"2025-09-15T11:44:04+00:00\",\"breadcrumb\":{\"@id\":\"https:\/\/career-mainfranken.com\/es\/areas-de-competencia\/#breadcrumb\"},\"inLanguage\":\"es\",\"potentialAction\":[{\"@type\":\"ReadAction\",\"target\":[\"https:\/\/career-mainfranken.com\/es\/areas-de-competencia\/\"]}]},{\"@type\":\"BreadcrumbList\",\"@id\":\"https:\/\/career-mainfranken.com\/es\/areas-de-competencia\/#breadcrumb\",\"itemListElement\":[{\"@type\":\"ListItem\",\"position\":1,\"name\":\"P\u00e1gina principal\",\"item\":\"https:\/\/career-mainfranken.com\/es\/pagina-principal\/\"},{\"@type\":\"ListItem\",\"position\":2,\"name\":\"\u00c1reas de competencia\"}]},{\"@type\":\"WebSite\",\"@id\":\"https:\/\/career-mainfranken.com\/es\/#website\",\"url\":\"https:\/\/career-mainfranken.com\/es\/\",\"name\":\"Region Mainfranken\",\"description\":\"\",\"potentialAction\":[{\"@type\":\"SearchAction\",\"target\":{\"@type\":\"EntryPoint\",\"urlTemplate\":\"https:\/\/career-mainfranken.com\/es\/?s={search_term_string}\"},\"query-input\":{\"@type\":\"PropertyValueSpecification\",\"valueRequired\":true,\"valueName\":\"search_term_string\"}}],\"inLanguage\":\"es\"}]}<\/script>\n<!-- \/ Yoast SEO plugin. -->","yoast_head_json":{"title":"\u00c1reas de competencia - Region Mainfranken","robots":{"index":"index","follow":"follow","max-snippet":"max-snippet:-1","max-image-preview":"max-image-preview:large","max-video-preview":"max-video-preview:-1"},"canonical":"https:\/\/career-mainfranken.com\/es\/areas-de-competencia\/","og_locale":"es_ES","og_type":"article","og_title":"\u00c1reas de competencia - Region Mainfranken","og_url":"https:\/\/career-mainfranken.com\/es\/areas-de-competencia\/","og_site_name":"Region Mainfranken","article_modified_time":"2025-09-15T11:44:04+00:00","twitter_card":"summary_large_image","twitter_misc":{"Tiempo de lectura":"10 minutos"},"schema":{"@context":"https:\/\/schema.org","@graph":[{"@type":"WebPage","@id":"https:\/\/career-mainfranken.com\/es\/areas-de-competencia\/","url":"https:\/\/career-mainfranken.com\/es\/areas-de-competencia\/","name":"\u00c1reas de competencia - Region Mainfranken","isPartOf":{"@id":"https:\/\/career-mainfranken.com\/es\/#website"},"datePublished":"2025-05-03T15:35:54+00:00","dateModified":"2025-09-15T11:44:04+00:00","breadcrumb":{"@id":"https:\/\/career-mainfranken.com\/es\/areas-de-competencia\/#breadcrumb"},"inLanguage":"es","potentialAction":[{"@type":"ReadAction","target":["https:\/\/career-mainfranken.com\/es\/areas-de-competencia\/"]}]},{"@type":"BreadcrumbList","@id":"https:\/\/career-mainfranken.com\/es\/areas-de-competencia\/#breadcrumb","itemListElement":[{"@type":"ListItem","position":1,"name":"P\u00e1gina principal","item":"https:\/\/career-mainfranken.com\/es\/pagina-principal\/"},{"@type":"ListItem","position":2,"name":"\u00c1reas de competencia"}]},{"@type":"WebSite","@id":"https:\/\/career-mainfranken.com\/es\/#website","url":"https:\/\/career-mainfranken.com\/es\/","name":"Region Mainfranken","description":"","potentialAction":[{"@type":"SearchAction","target":{"@type":"EntryPoint","urlTemplate":"https:\/\/career-mainfranken.com\/es\/?s={search_term_string}"},"query-input":{"@type":"PropertyValueSpecification","valueRequired":true,"valueName":"search_term_string"}}],"inLanguage":"es"}]}},"_links":{"self":[{"href":"https:\/\/career-mainfranken.com\/es\/wp-json\/wp\/v2\/pages\/4584","targetHints":{"allow":["GET"]}}],"collection":[{"href":"https:\/\/career-mainfranken.com\/es\/wp-json\/wp\/v2\/pages"}],"about":[{"href":"https:\/\/career-mainfranken.com\/es\/wp-json\/wp\/v2\/types\/page"}],"author":[{"embeddable":true,"href":"https:\/\/career-mainfranken.com\/es\/wp-json\/wp\/v2\/users\/2"}],"replies":[{"embeddable":true,"href":"https:\/\/career-mainfranken.com\/es\/wp-json\/wp\/v2\/comments?post=4584"}],"version-history":[{"count":0,"href":"https:\/\/career-mainfranken.com\/es\/wp-json\/wp\/v2\/pages\/4584\/revisions"}],"wp:attachment":[{"href":"https:\/\/career-mainfranken.com\/es\/wp-json\/wp\/v2\/media?parent=4584"}],"curies":[{"name":"wp","href":"https:\/\/api.w.org\/{rel}","templated":true}]}}