{"id":3465,"date":"2025-05-06T15:38:57","date_gmt":"2025-05-06T13:38:57","guid":{"rendered":"https:\/\/career-mainfranken.com\/orientacion-profesional\/plataformas-asociadas-de-formacion\/"},"modified":"2025-05-21T10:39:05","modified_gmt":"2025-05-21T08:39:05","slug":"plataformas-asociadas-de-formacion","status":"publish","type":"page","link":"https:\/\/career-mainfranken.com\/es\/orientacion-profesional\/plataformas-asociadas-de-formacion\/","title":{"rendered":"Plataformas asociadas de formaci\u00f3n"},"content":{"rendered":"<p><div class=\"fusion-fullwidth fullwidth-box fusion-builder-row-1 fusion-flex-container has-pattern-background has-mask-background nonhundred-percent-fullwidth non-hundred-percent-height-scrolling header\" style=\"--awb-border-radius-top-left:0px;--awb-border-radius-top-right:0px;--awb-border-radius-bottom-right:0px;--awb-border-radius-bottom-left:0px;--awb-padding-top:100px;--awb-padding-top-medium:75px;--awb-padding-top-small:50px;--awb-flex-wrap:wrap;\" ><div class=\"fusion-builder-row fusion-row fusion-flex-align-items-flex-start fusion-flex-justify-content-center fusion-flex-content-wrap\" style=\"max-width:1664px;margin-left: calc(-4% \/ 2 );margin-right: calc(-4% \/ 2 );\"><div class=\"fusion-layout-column fusion_builder_column fusion-builder-column-0 fusion_builder_column_4_5 4_5 fusion-flex-column fusion-flex-align-self-center angebote_header\" style=\"--awb-bg-size:cover;--awb-width-large:80%;--awb-margin-top-large:0px;--awb-spacing-right-large:2.4%;--awb-margin-bottom-large:0px;--awb-spacing-left-large:2.4%;--awb-width-medium:80%;--awb-order-medium:0;--awb-spacing-right-medium:2.4%;--awb-spacing-left-medium:2.4%;--awb-width-small:100%;--awb-order-small:0;--awb-spacing-right-small:1.92%;--awb-spacing-left-small:1.92%;\" data-scroll-devices=\"small-visibility,medium-visibility,large-visibility\"><div class=\"fusion-column-wrapper fusion-column-has-shadow fusion-flex-justify-content-flex-start fusion-content-layout-column\"><div class=\"fusion-title title fusion-title-1 fusion-sep-none fusion-title-text fusion-title-size-one\" style=\"--awb-text-color:var(--awb-color5);--awb-margin-top-small:0px;--awb-margin-right-small:0px;--awb-margin-bottom-small:0px;--awb-margin-left-small:0px;--awb-font-size:var(--awb-typography2-font-size);\"><h1 class=\"fusion-title-heading title-heading-left fusion-responsive-typography-calculated\" style=\"font-family:var(--awb-typography2-font-family);font-weight:var(--awb-typography2-font-weight);font-style:var(--awb-typography2-font-style);margin:0;letter-spacing:var(--awb-typography2-letter-spacing);text-transform:var(--awb-typography2-text-transform);font-size:1em;--fontSize:70;line-height:1;\">Plataformas de Colaboraci\u00f3n para la Formaci\u00f3n<\/h1><\/div><div class=\"fusion-separator trenner_links\" style=\"align-self: flex-start;margin-right:auto;margin-top:25px;margin-bottom:25px;width:100%;max-width:100px;\"><div class=\"fusion-separator-border sep-single sep-solid\" style=\"--awb-height:20px;--awb-amount:20px;--awb-sep-color:var(--awb-color5);border-color:var(--awb-color5);border-top-width:4px;\"><\/div><\/div><\/div><\/div><\/div><\/div><div class=\"fusion-fullwidth fullwidth-box fusion-builder-row-2 fusion-flex-container has-pattern-background has-mask-background nonhundred-percent-fullwidth non-hundred-percent-height-scrolling inhalte\" style=\"--awb-border-radius-top-left:0px;--awb-border-radius-top-right:0px;--awb-border-radius-bottom-right:0px;--awb-border-radius-bottom-left:0px;--awb-padding-bottom:80px;--awb-padding-bottom-medium:55px;--awb-padding-bottom-small:30px;--awb-flex-wrap:wrap;\" ><div class=\"fusion-builder-row fusion-row fusion-flex-align-items-flex-start fusion-flex-justify-content-center fusion-flex-content-wrap\" style=\"max-width:1664px;margin-left: calc(-4% \/ 2 );margin-right: calc(-4% \/ 2 );\"><div class=\"fusion-layout-column fusion_builder_column fusion-builder-column-1 fusion_builder_column_4_5 4_5 fusion-flex-column\" style=\"--awb-bg-size:cover;--awb-width-large:80%;--awb-margin-top-large:30px;--awb-spacing-right-large:2.4%;--awb-margin-bottom-large:0px;--awb-spacing-left-large:2.4%;--awb-width-medium:80%;--awb-order-medium:0;--awb-spacing-right-medium:2.4%;--awb-spacing-left-medium:2.4%;--awb-width-small:100%;--awb-order-small:0;--awb-spacing-right-small:1.92%;--awb-spacing-left-small:1.92%;\" data-scroll-devices=\"small-visibility,medium-visibility,large-visibility\"><div class=\"fusion-column-wrapper fusion-column-has-shadow fusion-flex-justify-content-flex-start fusion-content-layout-column\"><div class=\"fusion-title title fusion-title-2 fusion-sep-none fusion-title-text fusion-title-size-two\" style=\"--awb-margin-bottom:10px;--awb-margin-top-small:0px;--awb-margin-right-small:0px;--awb-margin-bottom-small:10px;--awb-margin-left-small:0px;--awb-margin-bottom-medium:10px;--awb-font-size:var(--awb-custom_typography_1-font-size);\"><h2 class=\"fusion-title-heading title-heading-left fusion-responsive-typography-calculated\" style=\"font-family:var(--awb-custom_typography_1-font-family);font-weight:var(--awb-custom_typography_1-font-weight);font-style:var(--awb-custom_typography_1-font-style);margin:0;letter-spacing:var(--awb-custom_typography_1-letter-spacing);text-transform:var(--awb-custom_typography_1-text-transform);font-size:1em;--fontSize:26;--minFontSize:26;line-height:1.15;\">Agencia de Empleo<\/h2><\/div><div class=\"fusion-text fusion-text-1\"><p>La <a href=\"https:\/\/www.arbeitsagentur.de\/\" target=\"_blank\" rel=\"noopener\">Agencia de Empleo<\/a> le apoya con asesoramiento profesional individualizado y le asiste en la b\u00fasqueda de puestos de formaci\u00f3n adecuados. A trav\u00e9s de la <a href=\"https:\/\/www.arbeitsagentur.de\/jobsuche\/\" target=\"_blank\" rel=\"noopener\">Bolsa de Empleo<\/a>, encontrar\u00e1 plazas de formaci\u00f3n en la regi\u00f3n, y la orientaci\u00f3n profesional ofrece asistencia para la orientaci\u00f3n, incluso en conversaciones personales o en eventos en las escuelas. En <a href=\"https:\/\/abenteuer-berufe.planet-beruf.de\/\" target=\"_blank\" rel=\"noopener\">Aventura Profesiones<\/a> encontrar\u00e1 diversos perfiles profesionales.<\/p>\n<\/div><\/div><\/div><div class=\"fusion-layout-column fusion_builder_column fusion-builder-column-2 fusion_builder_column_4_5 4_5 fusion-flex-column\" style=\"--awb-bg-size:cover;--awb-width-large:80%;--awb-margin-top-large:30px;--awb-spacing-right-large:2.4%;--awb-margin-bottom-large:0px;--awb-spacing-left-large:2.4%;--awb-width-medium:80%;--awb-order-medium:0;--awb-spacing-right-medium:2.4%;--awb-spacing-left-medium:2.4%;--awb-width-small:100%;--awb-order-small:0;--awb-spacing-right-small:1.92%;--awb-spacing-left-small:1.92%;\" data-scroll-devices=\"small-visibility,medium-visibility,large-visibility\"><div class=\"fusion-column-wrapper fusion-column-has-shadow fusion-flex-justify-content-flex-start fusion-content-layout-column\"><div class=\"fusion-title title fusion-title-3 fusion-sep-none fusion-title-text fusion-title-size-two\" style=\"--awb-margin-bottom:10px;--awb-margin-top-small:0px;--awb-margin-right-small:0px;--awb-margin-bottom-small:10px;--awb-margin-left-small:0px;--awb-margin-bottom-medium:10px;--awb-font-size:var(--awb-custom_typography_1-font-size);\"><h2 class=\"fusion-title-heading title-heading-left fusion-responsive-typography-calculated\" style=\"font-family:var(--awb-custom_typography_1-font-family);font-weight:var(--awb-custom_typography_1-font-weight);font-style:var(--awb-custom_typography_1-font-style);margin:0;letter-spacing:var(--awb-custom_typography_1-letter-spacing);text-transform:var(--awb-custom_typography_1-text-transform);font-size:1em;--fontSize:26;--minFontSize:26;line-height:1.15;\">Bolsa de Oportunidades stadt.land.wue<\/h2><\/div><div class=\"fusion-text fusion-text-2\"><p>La <a href=\"https:\/\/www.stadt-land-wue.de\/stadtlandwue\/chancenboerse-deine-karriere-startet-hier\/index.html\" target=\"_blank\" rel=\"noopener\">Bolsa de Oportunidades del distrito de W\u00fcrzburg<\/a> es su plataforma para plazas de formaci\u00f3n, pr\u00e1cticas y programas de estudios duales en la regi\u00f3n. Aqu\u00ed encontrar\u00e1 ofertas actuales de empresas del distrito de W\u00fcrzburg \u2013 de forma clara, actualizada y con enlaces directos a las empresas.<\/p>\n<\/div><\/div><\/div><div class=\"fusion-layout-column fusion_builder_column fusion-builder-column-3 fusion_builder_column_4_5 4_5 fusion-flex-column\" style=\"--awb-bg-size:cover;--awb-width-large:80%;--awb-margin-top-large:30px;--awb-spacing-right-large:2.4%;--awb-margin-bottom-large:0px;--awb-spacing-left-large:2.4%;--awb-width-medium:80%;--awb-order-medium:0;--awb-spacing-right-medium:2.4%;--awb-spacing-left-medium:2.4%;--awb-width-small:100%;--awb-order-small:0;--awb-spacing-right-small:1.92%;--awb-spacing-left-small:1.92%;\" data-scroll-devices=\"small-visibility,medium-visibility,large-visibility\"><div class=\"fusion-column-wrapper fusion-column-has-shadow fusion-flex-justify-content-flex-start fusion-content-layout-column\"><div class=\"fusion-title title fusion-title-4 fusion-sep-none fusion-title-text fusion-title-size-two\" style=\"--awb-margin-bottom:10px;--awb-margin-top-small:0px;--awb-margin-right-small:0px;--awb-margin-bottom-small:10px;--awb-margin-left-small:0px;--awb-margin-bottom-medium:10px;--awb-font-size:var(--awb-custom_typography_1-font-size);\"><h2 class=\"fusion-title-heading title-heading-left fusion-responsive-typography-calculated\" style=\"font-family:var(--awb-custom_typography_1-font-family);font-weight:var(--awb-custom_typography_1-font-weight);font-style:var(--awb-custom_typography_1-font-style);margin:0;letter-spacing:var(--awb-custom_typography_1-letter-spacing);text-transform:var(--awb-custom_typography_1-text-transform);font-size:1em;--fontSize:26;--minFontSize:26;line-height:1.15;\">Estudios Duales<\/h2><\/div><div class=\"fusion-text fusion-text-3\"><p>Combine inteligentemente estudios y pr\u00e1ctica: Con un programa de estudios duales, usted combina la teor\u00eda cient\u00edfica en una instituci\u00f3n de educaci\u00f3n superior con experiencias pr\u00e1cticas en una empresa. En Mainfranken, se le abren muchas v\u00edas para ello \u2013 desde tecnolog\u00eda hasta gesti\u00f3n sanitaria. Ya sea en la THWS, en cl\u00ednicas regionales o directamente en uno de los muchos empleadores de primer nivel \u2013 <a href=\"https:\/\/career-mainfranken.com\/es\/empleadores-de-prestigio\/\">aqu\u00ed encontrar\u00e1 el modelo que se adapta a usted<\/a>.<\/p>\n<\/div><\/div><\/div><div class=\"fusion-layout-column fusion_builder_column fusion-builder-column-4 fusion_builder_column_4_5 4_5 fusion-flex-column\" style=\"--awb-bg-size:cover;--awb-width-large:80%;--awb-margin-top-large:30px;--awb-spacing-right-large:2.4%;--awb-margin-bottom-large:0px;--awb-spacing-left-large:2.4%;--awb-width-medium:80%;--awb-order-medium:0;--awb-spacing-right-medium:2.4%;--awb-spacing-left-medium:2.4%;--awb-width-small:100%;--awb-order-small:0;--awb-spacing-right-small:1.92%;--awb-spacing-left-small:1.92%;\" data-scroll-devices=\"small-visibility,medium-visibility,large-visibility\"><div class=\"fusion-column-wrapper fusion-column-has-shadow fusion-flex-justify-content-flex-start fusion-content-layout-column\"><div class=\"fusion-title title fusion-title-5 fusion-sep-none fusion-title-text fusion-title-size-two\" style=\"--awb-margin-bottom:10px;--awb-margin-top-small:0px;--awb-margin-right-small:0px;--awb-margin-bottom-small:10px;--awb-margin-left-small:0px;--awb-margin-bottom-medium:10px;--awb-font-size:var(--awb-custom_typography_1-font-size);\"><h2 class=\"fusion-title-heading title-heading-left fusion-responsive-typography-calculated\" style=\"font-family:var(--awb-custom_typography_1-font-family);font-weight:var(--awb-custom_typography_1-font-weight);font-style:var(--awb-custom_typography_1-font-style);margin:0;letter-spacing:var(--awb-custom_typography_1-letter-spacing);text-transform:var(--awb-custom_typography_1-text-transform);font-size:1em;--fontSize:26;--minFontSize:26;line-height:1.15;\">HWK \u2013 con aplicaci\u00f3n propia<\/h2><\/div><div class=\"fusion-text fusion-text-4\"><p>La <a href=\"https:\/\/www.hwk-ufr.de\/\" target=\"_blank\" rel=\"noopener\">C\u00e1mara de Oficios (HWK)<\/a> dispone ahora de una aplicaci\u00f3n propia para <a href=\"https:\/\/play.google.com\/store\/apps\/details?id=de.odav.lehrstellenradar&amp;pli=1\" target=\"_blank\" rel=\"noopener\">Android<\/a> e <a href=\"https:\/\/apps.apple.com\/de\/app\/lehrstellenradar\/id606159804?ign-mpt=uo%3D4\" target=\"_blank\" rel=\"noopener\">iPhone<\/a>, que le proporciona directamente en su smartphone toda la informaci\u00f3n importante relacionada con los oficios artesanales. Aqu\u00ed encontrar\u00e1 puestos de formaci\u00f3n disponibles, informaci\u00f3n sobre profesiones, noticias y anuncios de eventos. Aspecto pr\u00e1ctico: Tambi\u00e9n puede concertar citas para asesoramiento directamente en la aplicaci\u00f3n.<\/p>\n<\/div><\/div><\/div><div class=\"fusion-layout-column fusion_builder_column fusion-builder-column-5 fusion_builder_column_4_5 4_5 fusion-flex-column\" style=\"--awb-bg-size:cover;--awb-width-large:80%;--awb-margin-top-large:30px;--awb-spacing-right-large:2.4%;--awb-margin-bottom-large:0px;--awb-spacing-left-large:2.4%;--awb-width-medium:80%;--awb-order-medium:0;--awb-spacing-right-medium:2.4%;--awb-spacing-left-medium:2.4%;--awb-width-small:100%;--awb-order-small:0;--awb-spacing-right-small:1.92%;--awb-spacing-left-small:1.92%;\" data-scroll-devices=\"small-visibility,medium-visibility,large-visibility\"><div class=\"fusion-column-wrapper fusion-column-has-shadow fusion-flex-justify-content-flex-start fusion-content-layout-column\"><div class=\"fusion-title title fusion-title-6 fusion-sep-none fusion-title-text fusion-title-size-two\" style=\"--awb-margin-bottom:10px;--awb-margin-top-small:0px;--awb-margin-right-small:0px;--awb-margin-bottom-small:10px;--awb-margin-left-small:0px;--awb-margin-bottom-medium:10px;--awb-font-size:var(--awb-custom_typography_1-font-size);\"><h2 class=\"fusion-title-heading title-heading-left fusion-responsive-typography-calculated\" style=\"font-family:var(--awb-custom_typography_1-font-family);font-weight:var(--awb-custom_typography_1-font-weight);font-style:var(--awb-custom_typography_1-font-style);margin:0;letter-spacing:var(--awb-custom_typography_1-letter-spacing);text-transform:var(--awb-custom_typography_1-text-transform);font-size:1em;--fontSize:26;--minFontSize:26;line-height:1.15;\">IHK<\/h2><\/div><div class=\"fusion-text fusion-text-5\"><p>La C\u00e1mara de Industria y Comercio (IHK) de W\u00fcrzburg-Schweinfurt es un punto de contacto central para los interesados en formaci\u00f3n en la industria, el comercio y los servicios. Gestiona su propia <a href=\"https:\/\/www.ihk-lehrstellenboerse.de\/\" target=\"_blank\" rel=\"noopener\">Bolsa de Aprendizaje<\/a>, organiza jornadas de informaci\u00f3n profesional y ofrece asesoramiento integral sobre formaci\u00f3n y programas de estudios duales. <\/p>\n<p>#aprenderapoder: La campa\u00f1a nacional <a href=\"https:\/\/www.ausbildung-macht-mehr-aus-uns.de\/\" target=\"_blank\" rel=\"noopener\">\u201cAusbildung macht mehr aus uns\u201d<\/a> demuestra cu\u00e1n diversa y orientada al futuro puede ser una formaci\u00f3n profesional. Aqu\u00ed encontrar\u00e1 historias de aprendices, informaci\u00f3n sobre diversas profesiones y consejos para la solicitud de empleo, lo cual constituye una verdadera ventaja para su orientaci\u00f3n profesional.<\/p>\n<\/div><\/div><\/div><\/div><\/div><\/p>\n","protected":false},"excerpt":{"rendered":"","protected":false},"author":2,"featured_media":0,"parent":3452,"menu_order":0,"comment_status":"closed","ping_status":"closed","template":"100-width.php","meta":{"footnotes":"","_links_to":"","_links_to_target":""},"class_list":["post-3465","page","type-page","status-publish","hentry"],"yoast_head":"<!-- This site is optimized with the Yoast SEO plugin v27.2 - https:\/\/yoast.com\/product\/yoast-seo-wordpress\/ -->\n<title>Plataformas asociadas de formaci\u00f3n - Region Mainfranken<\/title>\n<meta name=\"robots\" content=\"index, follow, max-snippet:-1, max-image-preview:large, max-video-preview:-1\" \/>\n<link rel=\"canonical\" href=\"https:\/\/career-mainfranken.com\/es\/orientacion-profesional\/plataformas-asociadas-de-formacion\/\" \/>\n<meta property=\"og:locale\" content=\"es_ES\" \/>\n<meta property=\"og:type\" content=\"article\" \/>\n<meta property=\"og:title\" content=\"Plataformas asociadas de formaci\u00f3n - Region Mainfranken\" \/>\n<meta property=\"og:url\" content=\"https:\/\/career-mainfranken.com\/es\/orientacion-profesional\/plataformas-asociadas-de-formacion\/\" \/>\n<meta property=\"og:site_name\" content=\"Region Mainfranken\" \/>\n<meta property=\"article:modified_time\" content=\"2025-05-21T08:39:05+00:00\" \/>\n<meta name=\"twitter:card\" content=\"summary_large_image\" \/>\n<meta name=\"twitter:label1\" content=\"Tiempo de lectura\" \/>\n\t<meta name=\"twitter:data1\" content=\"34 minutos\" \/>\n<script type=\"application\/ld+json\" class=\"yoast-schema-graph\">{\"@context\":\"https:\/\/schema.org\",\"@graph\":[{\"@type\":\"WebPage\",\"@id\":\"https:\/\/career-mainfranken.com\/es\/orientacion-profesional\/plataformas-asociadas-de-formacion\/\",\"url\":\"https:\/\/career-mainfranken.com\/es\/orientacion-profesional\/plataformas-asociadas-de-formacion\/\",\"name\":\"Plataformas asociadas de formaci\u00f3n - Region Mainfranken\",\"isPartOf\":{\"@id\":\"https:\/\/career-mainfranken.com\/es\/#website\"},\"datePublished\":\"2025-05-06T13:38:57+00:00\",\"dateModified\":\"2025-05-21T08:39:05+00:00\",\"breadcrumb\":{\"@id\":\"https:\/\/career-mainfranken.com\/es\/orientacion-profesional\/plataformas-asociadas-de-formacion\/#breadcrumb\"},\"inLanguage\":\"es\",\"potentialAction\":[{\"@type\":\"ReadAction\",\"target\":[\"https:\/\/career-mainfranken.com\/es\/orientacion-profesional\/plataformas-asociadas-de-formacion\/\"]}]},{\"@type\":\"BreadcrumbList\",\"@id\":\"https:\/\/career-mainfranken.com\/es\/orientacion-profesional\/plataformas-asociadas-de-formacion\/#breadcrumb\",\"itemListElement\":[{\"@type\":\"ListItem\",\"position\":1,\"name\":\"P\u00e1gina principal\",\"item\":\"https:\/\/career-mainfranken.com\/es\/pagina-principal\/\"},{\"@type\":\"ListItem\",\"position\":2,\"name\":\"Orientaci\u00f3n profesional\",\"item\":\"https:\/\/career-mainfranken.com\/es\/orientacion-profesional\/\"},{\"@type\":\"ListItem\",\"position\":3,\"name\":\"Plataformas asociadas de formaci\u00f3n\"}]},{\"@type\":\"WebSite\",\"@id\":\"https:\/\/career-mainfranken.com\/es\/#website\",\"url\":\"https:\/\/career-mainfranken.com\/es\/\",\"name\":\"Region Mainfranken\",\"description\":\"\",\"potentialAction\":[{\"@type\":\"SearchAction\",\"target\":{\"@type\":\"EntryPoint\",\"urlTemplate\":\"https:\/\/career-mainfranken.com\/es\/?s={search_term_string}\"},\"query-input\":{\"@type\":\"PropertyValueSpecification\",\"valueRequired\":true,\"valueName\":\"search_term_string\"}}],\"inLanguage\":\"es\"}]}<\/script>\n<!-- \/ Yoast SEO plugin. -->","yoast_head_json":{"title":"Plataformas asociadas de formaci\u00f3n - Region Mainfranken","robots":{"index":"index","follow":"follow","max-snippet":"max-snippet:-1","max-image-preview":"max-image-preview:large","max-video-preview":"max-video-preview:-1"},"canonical":"https:\/\/career-mainfranken.com\/es\/orientacion-profesional\/plataformas-asociadas-de-formacion\/","og_locale":"es_ES","og_type":"article","og_title":"Plataformas asociadas de formaci\u00f3n - Region Mainfranken","og_url":"https:\/\/career-mainfranken.com\/es\/orientacion-profesional\/plataformas-asociadas-de-formacion\/","og_site_name":"Region Mainfranken","article_modified_time":"2025-05-21T08:39:05+00:00","twitter_card":"summary_large_image","twitter_misc":{"Tiempo de lectura":"34 minutos"},"schema":{"@context":"https:\/\/schema.org","@graph":[{"@type":"WebPage","@id":"https:\/\/career-mainfranken.com\/es\/orientacion-profesional\/plataformas-asociadas-de-formacion\/","url":"https:\/\/career-mainfranken.com\/es\/orientacion-profesional\/plataformas-asociadas-de-formacion\/","name":"Plataformas asociadas de formaci\u00f3n - Region Mainfranken","isPartOf":{"@id":"https:\/\/career-mainfranken.com\/es\/#website"},"datePublished":"2025-05-06T13:38:57+00:00","dateModified":"2025-05-21T08:39:05+00:00","breadcrumb":{"@id":"https:\/\/career-mainfranken.com\/es\/orientacion-profesional\/plataformas-asociadas-de-formacion\/#breadcrumb"},"inLanguage":"es","potentialAction":[{"@type":"ReadAction","target":["https:\/\/career-mainfranken.com\/es\/orientacion-profesional\/plataformas-asociadas-de-formacion\/"]}]},{"@type":"BreadcrumbList","@id":"https:\/\/career-mainfranken.com\/es\/orientacion-profesional\/plataformas-asociadas-de-formacion\/#breadcrumb","itemListElement":[{"@type":"ListItem","position":1,"name":"P\u00e1gina principal","item":"https:\/\/career-mainfranken.com\/es\/pagina-principal\/"},{"@type":"ListItem","position":2,"name":"Orientaci\u00f3n profesional","item":"https:\/\/career-mainfranken.com\/es\/orientacion-profesional\/"},{"@type":"ListItem","position":3,"name":"Plataformas asociadas de formaci\u00f3n"}]},{"@type":"WebSite","@id":"https:\/\/career-mainfranken.com\/es\/#website","url":"https:\/\/career-mainfranken.com\/es\/","name":"Region Mainfranken","description":"","potentialAction":[{"@type":"SearchAction","target":{"@type":"EntryPoint","urlTemplate":"https:\/\/career-mainfranken.com\/es\/?s={search_term_string}"},"query-input":{"@type":"PropertyValueSpecification","valueRequired":true,"valueName":"search_term_string"}}],"inLanguage":"es"}]}},"_links":{"self":[{"href":"https:\/\/career-mainfranken.com\/es\/wp-json\/wp\/v2\/pages\/3465","targetHints":{"allow":["GET"]}}],"collection":[{"href":"https:\/\/career-mainfranken.com\/es\/wp-json\/wp\/v2\/pages"}],"about":[{"href":"https:\/\/career-mainfranken.com\/es\/wp-json\/wp\/v2\/types\/page"}],"author":[{"embeddable":true,"href":"https:\/\/career-mainfranken.com\/es\/wp-json\/wp\/v2\/users\/2"}],"replies":[{"embeddable":true,"href":"https:\/\/career-mainfranken.com\/es\/wp-json\/wp\/v2\/comments?post=3465"}],"version-history":[{"count":0,"href":"https:\/\/career-mainfranken.com\/es\/wp-json\/wp\/v2\/pages\/3465\/revisions"}],"up":[{"embeddable":true,"href":"https:\/\/career-mainfranken.com\/es\/wp-json\/wp\/v2\/pages\/3452"}],"wp:attachment":[{"href":"https:\/\/career-mainfranken.com\/es\/wp-json\/wp\/v2\/media?parent=3465"}],"curies":[{"name":"wp","href":"https:\/\/api.w.org\/{rel}","templated":true}]}}