{"id":3434,"date":"2025-05-07T09:29:46","date_gmt":"2025-05-07T07:29:46","guid":{"rendered":"https:\/\/career-mainfranken.com\/llegada\/vivienda\/"},"modified":"2025-05-28T15:46:25","modified_gmt":"2025-05-28T13:46:25","slug":"vivienda","status":"publish","type":"page","link":"https:\/\/career-mainfranken.com\/es\/llegada\/vivienda\/","title":{"rendered":"Vivienda"},"content":{"rendered":"<p><div class=\"fusion-fullwidth fullwidth-box fusion-builder-row-1 fusion-flex-container has-pattern-background has-mask-background nonhundred-percent-fullwidth non-hundred-percent-height-scrolling header\" style=\"--awb-border-radius-top-left:0px;--awb-border-radius-top-right:0px;--awb-border-radius-bottom-right:0px;--awb-border-radius-bottom-left:0px;--awb-padding-top:100px;--awb-padding-bottom:80px;--awb-padding-top-medium:75px;--awb-padding-bottom-medium:55px;--awb-padding-top-small:50px;--awb-padding-bottom-small:30px;--awb-flex-wrap:wrap;\" ><div class=\"fusion-builder-row fusion-row fusion-flex-align-items-flex-start fusion-flex-align-content-flex-start fusion-flex-justify-content-center fusion-flex-content-wrap\" style=\"max-width:1664px;margin-left: calc(-4% \/ 2 );margin-right: calc(-4% \/ 2 );\"><div class=\"fusion-layout-column fusion_builder_column fusion-builder-column-0 fusion_builder_column_4_5 4_5 fusion-flex-column fusion-flex-align-self-center angebote_header\" style=\"--awb-bg-size:cover;--awb-width-large:80%;--awb-margin-top-large:0px;--awb-spacing-right-large:2.4%;--awb-margin-bottom-large:0px;--awb-spacing-left-large:2.4%;--awb-width-medium:80%;--awb-order-medium:0;--awb-spacing-right-medium:2.4%;--awb-spacing-left-medium:2.4%;--awb-width-small:100%;--awb-order-small:0;--awb-spacing-right-small:1.92%;--awb-spacing-left-small:1.92%;\" data-scroll-devices=\"small-visibility,medium-visibility,large-visibility\"><div class=\"fusion-column-wrapper fusion-column-has-shadow fusion-flex-justify-content-flex-start fusion-content-layout-column\"><div class=\"fusion-title title fusion-title-1 fusion-sep-none fusion-title-text fusion-title-size-one\" style=\"--awb-text-color:var(--awb-color5);--awb-margin-top-small:0px;--awb-margin-right-small:0px;--awb-margin-bottom-small:0px;--awb-margin-left-small:0px;--awb-font-size:var(--awb-typography2-font-size);\"><h1 class=\"fusion-title-heading title-heading-left fusion-responsive-typography-calculated\" style=\"font-family:var(--awb-typography2-font-family);font-weight:var(--awb-typography2-font-weight);font-style:var(--awb-typography2-font-style);margin:0;letter-spacing:var(--awb-typography2-letter-spacing);text-transform:var(--awb-typography2-text-transform);font-size:1em;--fontSize:70;line-height:1;\">Vivienda<\/h1><\/div><div class=\"fusion-separator trenner_links\" style=\"align-self: flex-start;margin-right:auto;margin-top:25px;margin-bottom:25px;width:100%;max-width:100px;\"><div class=\"fusion-separator-border sep-single sep-solid\" style=\"--awb-height:20px;--awb-amount:20px;--awb-sep-color:var(--awb-color5);border-color:var(--awb-color5);border-top-width:4px;\"><\/div><\/div><div class=\"fusion-text fusion-text-1\"><p>\u00bfEs usted nuevo en la regi\u00f3n y busca una habitaci\u00f3n o un apartamento? En <a href=\"https:\/\/www.immonet.de\/\" target=\"_blank\" rel=\"noopener\">Immonet<\/a>, <a href=\"https:\/\/www.immobilienscout24.de\/\" target=\"_blank\" rel=\"noopener\">Immobilienscout24<\/a> o <a href=\"https:\/\/www.immowelt.de\/\" target=\"_blank\" rel=\"noopener\">Immowelt<\/a> encontrar\u00e1 numerosas ofertas adecuadas. Para pisos compartidos, vale la pena echar un vistazo a <a href=\"https:\/\/www.wg-gesucht.de\/\" target=\"_blank\" rel=\"noopener\">WG-gesucht<\/a>. Una alternativa econ\u00f3mica son las residencias de estudiantes, que est\u00e1n enumeradas por el <a href=\"https:\/\/www.swerk-wue.de\/wuerzburg\/wohnen\/wohnheime\" target=\"_blank\" rel=\"noopener\">Studierendenwerk W\u00fcrzburg und Schweinfurt<\/a>.   <\/p>\n<p>Aquellos con presupuesto limitado tambi\u00e9n pueden informarse sobre viviendas subvencionadas. En <a href=\"https:\/\/budenheld.de\/immobilien\/mieten\/wohnung\/sozialwohnung?query=unterfranken+#sb\" target=\"_blank\" rel=\"noopener\">Budenheld<\/a> se encuentran ofertas actuales de viviendas sociales en la Baja Franconia, una opci\u00f3n particularmente sensata para personas con ingresos bajos.<\/p>\n<\/div><\/div><\/div><\/div><\/div><div class=\"fusion-fullwidth fullwidth-box fusion-builder-row-2 fusion-flex-container has-pattern-background has-mask-background nonhundred-percent-fullwidth non-hundred-percent-height-scrolling inhalte\" style=\"--awb-border-radius-top-left:0px;--awb-border-radius-top-right:0px;--awb-border-radius-bottom-right:0px;--awb-border-radius-bottom-left:0px;--awb-padding-bottom:80px;--awb-padding-bottom-medium:55px;--awb-padding-bottom-small:30px;--awb-flex-wrap:wrap;\" id=\"hochschulen_bildungseinrichtungen\" ><div class=\"fusion-builder-row fusion-row fusion-flex-align-items-flex-start fusion-flex-justify-content-center fusion-flex-content-wrap\" style=\"max-width:1664px;margin-left: calc(-4% \/ 2 );margin-right: calc(-4% \/ 2 );\"><div class=\"fusion-layout-column fusion_builder_column fusion-builder-column-1 fusion_builder_column_4_5 4_5 fusion-flex-column\" style=\"--awb-bg-size:cover;--awb-width-large:80%;--awb-margin-top-large:0px;--awb-spacing-right-large:2.4%;--awb-margin-bottom-large:0px;--awb-spacing-left-large:2.4%;--awb-width-medium:80%;--awb-order-medium:0;--awb-spacing-right-medium:2.4%;--awb-spacing-left-medium:2.4%;--awb-width-small:100%;--awb-order-small:0;--awb-spacing-right-small:1.92%;--awb-spacing-left-small:1.92%;\" data-scroll-devices=\"small-visibility,medium-visibility,large-visibility\"><div class=\"fusion-column-wrapper fusion-column-has-shadow fusion-flex-justify-content-flex-start fusion-content-layout-column\"><div class=\"fusion-title title fusion-title-2 fusion-sep-none fusion-title-text fusion-title-size-two\" style=\"--awb-margin-top-small:0px;--awb-margin-right-small:0px;--awb-margin-bottom-small:0px;--awb-margin-left-small:0px;--awb-font-size:var(--awb-custom_typography_1-font-size);\"><h2 class=\"fusion-title-heading title-heading-left fusion-responsive-typography-calculated\" style=\"font-family:var(--awb-custom_typography_1-font-family);font-weight:var(--awb-custom_typography_1-font-weight);font-style:var(--awb-custom_typography_1-font-style);margin:0;letter-spacing:var(--awb-custom_typography_1-letter-spacing);text-transform:var(--awb-custom_typography_1-text-transform);font-size:1em;--fontSize:26;--minFontSize:26;line-height:1.15;\">Vivir en el campo \u2013 por qu\u00e9 puede ser atractivo en Mainfranken<\/h2><\/div><div class=\"fusion-separator trenner_links\" style=\"align-self: flex-start;margin-right:auto;margin-top:15px;margin-bottom:15px;width:100%;max-width:100px;\"><div class=\"fusion-separator-border sep-single\" style=\"--awb-height:20px;--awb-amount:20px;border-color:var(--awb-custom_color_2);border-top-width:4px;\"><\/div><\/div><div class=\"fusion-text fusion-text-2\"><p>En las ciudades m\u00e1s grandes, el espacio habitable suele ser m\u00e1s escaso y costoso que en los municipios perif\u00e9ricos. Gracias a la excelente conexi\u00f3n con autob\u00fas y tren, puede resultar bastante interesante buscar un nuevo hogar en las afueras. La asociaci\u00f3n de transporte p\u00fablico de Mainfranken (NVM) le ofrece la soluci\u00f3n perfecta bajo el lema \u201cuna red. Un billete. Una tarifa. Para toda la regi\u00f3n de Mainfranken\u201d.  <\/p>\n<p>Desde Himmelstadt se tarda 20 minutos en tren hasta la ciudad de W\u00fcrzburg. Los trenes circulan cada hora. <\/p>\n<p>Desde W\u00fcrzburg, a su vez, se tarda 23 minutos en tren hasta la ciudad de Schweinfurt y 50 minutos hasta la ciudad de Bad Kissingen.<\/p>\n<p>Como estudiante, puede incluso utilizar el transporte p\u00fablico de forma gratuita con su billete de semestre. Sin embargo, tenga en cuenta que para los billetes de semestre de <a href=\"https:\/\/www.wvv.de\/mobil-b2c\/semesterticket\/\" target=\"_blank\" rel=\"noopener\">W\u00fcrzburg<\/a> y <a href=\"https:\/\/www.swerk-wue.de\/schweinfurt\/infos-fuer-studierende\/semesterticket\" target=\"_blank\" rel=\"noopener\">Schweinfurt<\/a> existen diferentes \u00e1reas de validez. <\/p>\n<p>Para una mayor flexibilidad, tambi\u00e9n tiene la opci\u00f3n de adquirir un <a href=\"https:\/\/www.dein-semesterticket.de\/\" target=\"_blank\" rel=\"noopener\">Deutschlandticket con descuento<\/a>.<\/p>\n<p>Pero la buena conectividad no se limita solo a las ciudades. El servicio de movilidad inteligente y flexible <a href=\"https:\/\/www.callheinz.de\/\" target=\"_blank\" rel=\"noopener\">callheinz<\/a> es una oferta de los distritos de Mainfranken que le llevar\u00e1 de forma r\u00e1pida y eficiente de un punto a otro incluso en zonas rurales.<\/p>\n<\/div><\/div><\/div><\/div><\/div><\/p>\n","protected":false},"excerpt":{"rendered":"","protected":false},"author":2,"featured_media":0,"parent":3330,"menu_order":0,"comment_status":"closed","ping_status":"closed","template":"100-width.php","meta":{"footnotes":"","_links_to":"","_links_to_target":""},"class_list":["post-3434","page","type-page","status-publish","hentry"],"yoast_head":"<!-- This site is optimized with the Yoast SEO plugin v27.2 - https:\/\/yoast.com\/product\/yoast-seo-wordpress\/ -->\n<title>Vivienda - Region Mainfranken<\/title>\n<meta name=\"robots\" content=\"index, follow, max-snippet:-1, max-image-preview:large, max-video-preview:-1\" \/>\n<link rel=\"canonical\" href=\"https:\/\/career-mainfranken.com\/es\/llegada\/vivienda\/\" \/>\n<meta property=\"og:locale\" content=\"es_ES\" \/>\n<meta property=\"og:type\" content=\"article\" \/>\n<meta property=\"og:title\" content=\"Vivienda - Region Mainfranken\" \/>\n<meta property=\"og:url\" content=\"https:\/\/career-mainfranken.com\/es\/llegada\/vivienda\/\" \/>\n<meta property=\"og:site_name\" content=\"Region Mainfranken\" \/>\n<meta property=\"article:modified_time\" content=\"2025-05-28T13:46:25+00:00\" \/>\n<meta name=\"twitter:card\" content=\"summary_large_image\" \/>\n<meta name=\"twitter:label1\" content=\"Tiempo de lectura\" \/>\n\t<meta name=\"twitter:data1\" content=\"16 minutos\" \/>\n<script type=\"application\/ld+json\" class=\"yoast-schema-graph\">{\"@context\":\"https:\/\/schema.org\",\"@graph\":[{\"@type\":\"WebPage\",\"@id\":\"https:\/\/career-mainfranken.com\/es\/llegada\/vivienda\/\",\"url\":\"https:\/\/career-mainfranken.com\/es\/llegada\/vivienda\/\",\"name\":\"Vivienda - Region Mainfranken\",\"isPartOf\":{\"@id\":\"https:\/\/career-mainfranken.com\/es\/#website\"},\"datePublished\":\"2025-05-07T07:29:46+00:00\",\"dateModified\":\"2025-05-28T13:46:25+00:00\",\"breadcrumb\":{\"@id\":\"https:\/\/career-mainfranken.com\/es\/llegada\/vivienda\/#breadcrumb\"},\"inLanguage\":\"es\",\"potentialAction\":[{\"@type\":\"ReadAction\",\"target\":[\"https:\/\/career-mainfranken.com\/es\/llegada\/vivienda\/\"]}]},{\"@type\":\"BreadcrumbList\",\"@id\":\"https:\/\/career-mainfranken.com\/es\/llegada\/vivienda\/#breadcrumb\",\"itemListElement\":[{\"@type\":\"ListItem\",\"position\":1,\"name\":\"P\u00e1gina principal\",\"item\":\"https:\/\/career-mainfranken.com\/es\/pagina-principal\/\"},{\"@type\":\"ListItem\",\"position\":2,\"name\":\"Llegada\",\"item\":\"https:\/\/career-mainfranken.com\/es\/llegada\/\"},{\"@type\":\"ListItem\",\"position\":3,\"name\":\"Vivienda\"}]},{\"@type\":\"WebSite\",\"@id\":\"https:\/\/career-mainfranken.com\/es\/#website\",\"url\":\"https:\/\/career-mainfranken.com\/es\/\",\"name\":\"Region Mainfranken\",\"description\":\"\",\"potentialAction\":[{\"@type\":\"SearchAction\",\"target\":{\"@type\":\"EntryPoint\",\"urlTemplate\":\"https:\/\/career-mainfranken.com\/es\/?s={search_term_string}\"},\"query-input\":{\"@type\":\"PropertyValueSpecification\",\"valueRequired\":true,\"valueName\":\"search_term_string\"}}],\"inLanguage\":\"es\"}]}<\/script>\n<!-- \/ Yoast SEO plugin. -->","yoast_head_json":{"title":"Vivienda - Region Mainfranken","robots":{"index":"index","follow":"follow","max-snippet":"max-snippet:-1","max-image-preview":"max-image-preview:large","max-video-preview":"max-video-preview:-1"},"canonical":"https:\/\/career-mainfranken.com\/es\/llegada\/vivienda\/","og_locale":"es_ES","og_type":"article","og_title":"Vivienda - Region Mainfranken","og_url":"https:\/\/career-mainfranken.com\/es\/llegada\/vivienda\/","og_site_name":"Region Mainfranken","article_modified_time":"2025-05-28T13:46:25+00:00","twitter_card":"summary_large_image","twitter_misc":{"Tiempo de lectura":"16 minutos"},"schema":{"@context":"https:\/\/schema.org","@graph":[{"@type":"WebPage","@id":"https:\/\/career-mainfranken.com\/es\/llegada\/vivienda\/","url":"https:\/\/career-mainfranken.com\/es\/llegada\/vivienda\/","name":"Vivienda - Region Mainfranken","isPartOf":{"@id":"https:\/\/career-mainfranken.com\/es\/#website"},"datePublished":"2025-05-07T07:29:46+00:00","dateModified":"2025-05-28T13:46:25+00:00","breadcrumb":{"@id":"https:\/\/career-mainfranken.com\/es\/llegada\/vivienda\/#breadcrumb"},"inLanguage":"es","potentialAction":[{"@type":"ReadAction","target":["https:\/\/career-mainfranken.com\/es\/llegada\/vivienda\/"]}]},{"@type":"BreadcrumbList","@id":"https:\/\/career-mainfranken.com\/es\/llegada\/vivienda\/#breadcrumb","itemListElement":[{"@type":"ListItem","position":1,"name":"P\u00e1gina principal","item":"https:\/\/career-mainfranken.com\/es\/pagina-principal\/"},{"@type":"ListItem","position":2,"name":"Llegada","item":"https:\/\/career-mainfranken.com\/es\/llegada\/"},{"@type":"ListItem","position":3,"name":"Vivienda"}]},{"@type":"WebSite","@id":"https:\/\/career-mainfranken.com\/es\/#website","url":"https:\/\/career-mainfranken.com\/es\/","name":"Region Mainfranken","description":"","potentialAction":[{"@type":"SearchAction","target":{"@type":"EntryPoint","urlTemplate":"https:\/\/career-mainfranken.com\/es\/?s={search_term_string}"},"query-input":{"@type":"PropertyValueSpecification","valueRequired":true,"valueName":"search_term_string"}}],"inLanguage":"es"}]}},"_links":{"self":[{"href":"https:\/\/career-mainfranken.com\/es\/wp-json\/wp\/v2\/pages\/3434","targetHints":{"allow":["GET"]}}],"collection":[{"href":"https:\/\/career-mainfranken.com\/es\/wp-json\/wp\/v2\/pages"}],"about":[{"href":"https:\/\/career-mainfranken.com\/es\/wp-json\/wp\/v2\/types\/page"}],"author":[{"embeddable":true,"href":"https:\/\/career-mainfranken.com\/es\/wp-json\/wp\/v2\/users\/2"}],"replies":[{"embeddable":true,"href":"https:\/\/career-mainfranken.com\/es\/wp-json\/wp\/v2\/comments?post=3434"}],"version-history":[{"count":0,"href":"https:\/\/career-mainfranken.com\/es\/wp-json\/wp\/v2\/pages\/3434\/revisions"}],"up":[{"embeddable":true,"href":"https:\/\/career-mainfranken.com\/es\/wp-json\/wp\/v2\/pages\/3330"}],"wp:attachment":[{"href":"https:\/\/career-mainfranken.com\/es\/wp-json\/wp\/v2\/media?parent=3434"}],"curies":[{"name":"wp","href":"https:\/\/api.w.org\/{rel}","templated":true}]}}