{"id":3407,"date":"2025-05-07T10:01:52","date_gmt":"2025-05-07T08:01:52","guid":{"rendered":"https:\/\/career-mainfranken.com\/llegada\/seguros-y-cajas\/"},"modified":"2025-05-16T17:34:54","modified_gmt":"2025-05-16T15:34:54","slug":"seguros-y-cajas","status":"publish","type":"page","link":"https:\/\/career-mainfranken.com\/es\/llegada\/seguros-y-cajas\/","title":{"rendered":"Seguros y cajas"},"content":{"rendered":"<div class=\"fusion-fullwidth fullwidth-box fusion-builder-row-1 fusion-flex-container has-pattern-background has-mask-background nonhundred-percent-fullwidth non-hundred-percent-height-scrolling header\" style=\"--awb-border-radius-top-left:0px;--awb-border-radius-top-right:0px;--awb-border-radius-bottom-right:0px;--awb-border-radius-bottom-left:0px;--awb-padding-top:100px;--awb-padding-bottom:80px;--awb-padding-top-medium:75px;--awb-padding-bottom-medium:55px;--awb-padding-top-small:50px;--awb-padding-bottom-small:30px;--awb-flex-wrap:wrap;\" ><div class=\"fusion-builder-row fusion-row fusion-flex-align-items-flex-start fusion-flex-align-content-flex-start fusion-flex-justify-content-center fusion-flex-content-wrap\" style=\"max-width:1664px;margin-left: calc(-4% \/ 2 );margin-right: calc(-4% \/ 2 );\"><div class=\"fusion-layout-column fusion_builder_column fusion-builder-column-0 fusion_builder_column_4_5 4_5 fusion-flex-column fusion-flex-align-self-center angebote_header\" style=\"--awb-padding-bottom:80px;--awb-padding-bottom-medium:55px;--awb-padding-bottom-small:30px;--awb-bg-size:cover;--awb-width-large:80%;--awb-margin-top-large:0px;--awb-spacing-right-large:2.4%;--awb-margin-bottom-large:0px;--awb-spacing-left-large:2.4%;--awb-width-medium:80%;--awb-order-medium:0;--awb-spacing-right-medium:2.4%;--awb-spacing-left-medium:2.4%;--awb-width-small:100%;--awb-order-small:0;--awb-spacing-right-small:1.92%;--awb-spacing-left-small:1.92%;\" data-scroll-devices=\"small-visibility,medium-visibility,large-visibility\"><div class=\"fusion-column-wrapper fusion-column-has-shadow fusion-flex-justify-content-flex-start fusion-content-layout-column\"><div class=\"fusion-title title fusion-title-1 fusion-sep-none fusion-title-text fusion-title-size-one\" style=\"--awb-text-color:var(--awb-color5);--awb-margin-top-small:0px;--awb-margin-right-small:0px;--awb-margin-bottom-small:0px;--awb-margin-left-small:0px;--awb-font-size:var(--awb-typography2-font-size);\"><h1 class=\"fusion-title-heading title-heading-left fusion-responsive-typography-calculated\" style=\"font-family:var(--awb-typography2-font-family);font-weight:var(--awb-typography2-font-weight);font-style:var(--awb-typography2-font-style);margin:0;letter-spacing:var(--awb-typography2-letter-spacing);text-transform:var(--awb-typography2-text-transform);font-size:1em;--fontSize:70;line-height:1;\">Seguros y cajas<\/h1><\/div><div class=\"fusion-separator trenner_links\" style=\"align-self: flex-start;margin-right:auto;margin-top:25px;margin-bottom:25px;width:100%;max-width:100px;\"><div class=\"fusion-separator-border sep-single sep-solid\" style=\"--awb-height:20px;--awb-amount:20px;--awb-sep-color:var(--awb-color5);border-color:var(--awb-color5);border-top-width:4px;\"><\/div><\/div><div class=\"fusion-text fusion-text-1\"><p>En Alemania, la contrataci\u00f3n de un seguro m\u00e9dico es obligatoria. Usted tiene la opci\u00f3n de elegir entre el seguro m\u00e9dico p\u00fablico y el privado. Una particularidad es que su empleador paga la mitad de sus contribuciones y tambi\u00e9n realiza otras cotizaciones sociales en su nombre.  <\/p>\n<p>El seguro m\u00e9dico es especialmente importante al principio. Sin embargo, tambi\u00e9n debe tener en cuenta otros seguros, como por ejemplo un seguro de responsabilidad civil. Este le protege de altos costes en caso de que le ocurra un percance en la vida cotidiana y tenga que reemplazar un objeto da\u00f1ado.  <\/p>\n<p>En <a href=\"http:\/\/www.make-it-in-germany.com\" target=\"_blank\" rel=\"noopener\">make-it-in-germany.com<\/a> encontrar\u00e1 una \u00fatil visi\u00f3n general sobre el <a href=\"https:\/\/www.make-it-in-germany.com\/de\/leben-in-deutschland\/geld-versicherung\/krankenversicherung\" target=\"_blank\" rel=\"noopener\">seguro m\u00e9dico<\/a> y <a href=\"https:\/\/www.make-it-in-germany.com\/de\/leben-in-deutschland\/geld-versicherung\/weitere\" target=\"_blank\" rel=\"noopener\">otros seguros<\/a>. Muchas compa\u00f1\u00edas de seguros m\u00e9dicos ofrecen servicios en varios idiomas, por lo que puede valer la pena hacer una llamada. <\/p>\n<p>Consejo: Si a\u00fan est\u00e1 buscando trabajo, se recomienda contratar un seguro m\u00e9dico de viaje en su pa\u00eds de origen para los primeros d\u00edas o semanas. De esta manera, estar\u00e1 cubierto en caso de enfermedad, especialmente porque a menudo se requiere un comprobante de seguro m\u00e9dico al solicitar el visado.<\/p>\n<\/div><\/div><\/div><\/div><\/div>\n","protected":false},"excerpt":{"rendered":"","protected":false},"author":2,"featured_media":0,"parent":3330,"menu_order":0,"comment_status":"closed","ping_status":"closed","template":"100-width.php","meta":{"footnotes":"","_links_to":"","_links_to_target":""},"class_list":["post-3407","page","type-page","status-publish","hentry"],"yoast_head":"<!-- This site is optimized with the Yoast SEO plugin v27.2 - https:\/\/yoast.com\/product\/yoast-seo-wordpress\/ -->\n<title>Seguros y cajas - Region Mainfranken<\/title>\n<meta name=\"robots\" content=\"index, follow, max-snippet:-1, max-image-preview:large, max-video-preview:-1\" \/>\n<link rel=\"canonical\" href=\"https:\/\/career-mainfranken.com\/es\/llegada\/seguros-y-cajas\/\" \/>\n<meta property=\"og:locale\" content=\"es_ES\" \/>\n<meta property=\"og:type\" content=\"article\" \/>\n<meta property=\"og:title\" content=\"Seguros y cajas - Region Mainfranken\" \/>\n<meta property=\"og:url\" content=\"https:\/\/career-mainfranken.com\/es\/llegada\/seguros-y-cajas\/\" \/>\n<meta property=\"og:site_name\" content=\"Region Mainfranken\" \/>\n<meta property=\"article:modified_time\" content=\"2025-05-16T15:34:54+00:00\" \/>\n<meta name=\"twitter:card\" content=\"summary_large_image\" \/>\n<meta name=\"twitter:label1\" content=\"Tiempo de lectura\" \/>\n\t<meta name=\"twitter:data1\" content=\"8 minutos\" \/>\n<script type=\"application\/ld+json\" class=\"yoast-schema-graph\">{\"@context\":\"https:\/\/schema.org\",\"@graph\":[{\"@type\":\"WebPage\",\"@id\":\"https:\/\/career-mainfranken.com\/es\/llegada\/seguros-y-cajas\/\",\"url\":\"https:\/\/career-mainfranken.com\/es\/llegada\/seguros-y-cajas\/\",\"name\":\"Seguros y cajas - Region Mainfranken\",\"isPartOf\":{\"@id\":\"https:\/\/career-mainfranken.com\/es\/#website\"},\"datePublished\":\"2025-05-07T08:01:52+00:00\",\"dateModified\":\"2025-05-16T15:34:54+00:00\",\"breadcrumb\":{\"@id\":\"https:\/\/career-mainfranken.com\/es\/llegada\/seguros-y-cajas\/#breadcrumb\"},\"inLanguage\":\"es\",\"potentialAction\":[{\"@type\":\"ReadAction\",\"target\":[\"https:\/\/career-mainfranken.com\/es\/llegada\/seguros-y-cajas\/\"]}]},{\"@type\":\"BreadcrumbList\",\"@id\":\"https:\/\/career-mainfranken.com\/es\/llegada\/seguros-y-cajas\/#breadcrumb\",\"itemListElement\":[{\"@type\":\"ListItem\",\"position\":1,\"name\":\"P\u00e1gina principal\",\"item\":\"https:\/\/career-mainfranken.com\/es\/pagina-principal\/\"},{\"@type\":\"ListItem\",\"position\":2,\"name\":\"Llegada\",\"item\":\"https:\/\/career-mainfranken.com\/es\/llegada\/\"},{\"@type\":\"ListItem\",\"position\":3,\"name\":\"Seguros y cajas\"}]},{\"@type\":\"WebSite\",\"@id\":\"https:\/\/career-mainfranken.com\/es\/#website\",\"url\":\"https:\/\/career-mainfranken.com\/es\/\",\"name\":\"Region Mainfranken\",\"description\":\"\",\"potentialAction\":[{\"@type\":\"SearchAction\",\"target\":{\"@type\":\"EntryPoint\",\"urlTemplate\":\"https:\/\/career-mainfranken.com\/es\/?s={search_term_string}\"},\"query-input\":{\"@type\":\"PropertyValueSpecification\",\"valueRequired\":true,\"valueName\":\"search_term_string\"}}],\"inLanguage\":\"es\"}]}<\/script>\n<!-- \/ Yoast SEO plugin. -->","yoast_head_json":{"title":"Seguros y cajas - Region Mainfranken","robots":{"index":"index","follow":"follow","max-snippet":"max-snippet:-1","max-image-preview":"max-image-preview:large","max-video-preview":"max-video-preview:-1"},"canonical":"https:\/\/career-mainfranken.com\/es\/llegada\/seguros-y-cajas\/","og_locale":"es_ES","og_type":"article","og_title":"Seguros y cajas - Region Mainfranken","og_url":"https:\/\/career-mainfranken.com\/es\/llegada\/seguros-y-cajas\/","og_site_name":"Region Mainfranken","article_modified_time":"2025-05-16T15:34:54+00:00","twitter_card":"summary_large_image","twitter_misc":{"Tiempo de lectura":"8 minutos"},"schema":{"@context":"https:\/\/schema.org","@graph":[{"@type":"WebPage","@id":"https:\/\/career-mainfranken.com\/es\/llegada\/seguros-y-cajas\/","url":"https:\/\/career-mainfranken.com\/es\/llegada\/seguros-y-cajas\/","name":"Seguros y cajas - Region Mainfranken","isPartOf":{"@id":"https:\/\/career-mainfranken.com\/es\/#website"},"datePublished":"2025-05-07T08:01:52+00:00","dateModified":"2025-05-16T15:34:54+00:00","breadcrumb":{"@id":"https:\/\/career-mainfranken.com\/es\/llegada\/seguros-y-cajas\/#breadcrumb"},"inLanguage":"es","potentialAction":[{"@type":"ReadAction","target":["https:\/\/career-mainfranken.com\/es\/llegada\/seguros-y-cajas\/"]}]},{"@type":"BreadcrumbList","@id":"https:\/\/career-mainfranken.com\/es\/llegada\/seguros-y-cajas\/#breadcrumb","itemListElement":[{"@type":"ListItem","position":1,"name":"P\u00e1gina principal","item":"https:\/\/career-mainfranken.com\/es\/pagina-principal\/"},{"@type":"ListItem","position":2,"name":"Llegada","item":"https:\/\/career-mainfranken.com\/es\/llegada\/"},{"@type":"ListItem","position":3,"name":"Seguros y cajas"}]},{"@type":"WebSite","@id":"https:\/\/career-mainfranken.com\/es\/#website","url":"https:\/\/career-mainfranken.com\/es\/","name":"Region Mainfranken","description":"","potentialAction":[{"@type":"SearchAction","target":{"@type":"EntryPoint","urlTemplate":"https:\/\/career-mainfranken.com\/es\/?s={search_term_string}"},"query-input":{"@type":"PropertyValueSpecification","valueRequired":true,"valueName":"search_term_string"}}],"inLanguage":"es"}]}},"_links":{"self":[{"href":"https:\/\/career-mainfranken.com\/es\/wp-json\/wp\/v2\/pages\/3407","targetHints":{"allow":["GET"]}}],"collection":[{"href":"https:\/\/career-mainfranken.com\/es\/wp-json\/wp\/v2\/pages"}],"about":[{"href":"https:\/\/career-mainfranken.com\/es\/wp-json\/wp\/v2\/types\/page"}],"author":[{"embeddable":true,"href":"https:\/\/career-mainfranken.com\/es\/wp-json\/wp\/v2\/users\/2"}],"replies":[{"embeddable":true,"href":"https:\/\/career-mainfranken.com\/es\/wp-json\/wp\/v2\/comments?post=3407"}],"version-history":[{"count":0,"href":"https:\/\/career-mainfranken.com\/es\/wp-json\/wp\/v2\/pages\/3407\/revisions"}],"up":[{"embeddable":true,"href":"https:\/\/career-mainfranken.com\/es\/wp-json\/wp\/v2\/pages\/3330"}],"wp:attachment":[{"href":"https:\/\/career-mainfranken.com\/es\/wp-json\/wp\/v2\/media?parent=3407"}],"curies":[{"name":"wp","href":"https:\/\/api.w.org\/{rel}","templated":true}]}}