{"id":3395,"date":"2025-05-07T11:05:06","date_gmt":"2025-05-07T09:05:06","guid":{"rendered":"https:\/\/career-mainfranken.com\/llegada\/noticias-locales\/"},"modified":"2025-05-16T17:30:44","modified_gmt":"2025-05-16T15:30:44","slug":"noticias-locales","status":"publish","type":"page","link":"https:\/\/career-mainfranken.com\/es\/llegada\/noticias-locales\/","title":{"rendered":"Noticias locales"},"content":{"rendered":"<p><div class=\"fusion-fullwidth fullwidth-box fusion-builder-row-1 fusion-flex-container has-pattern-background has-mask-background nonhundred-percent-fullwidth non-hundred-percent-height-scrolling header\" style=\"--awb-border-radius-top-left:0px;--awb-border-radius-top-right:0px;--awb-border-radius-bottom-right:0px;--awb-border-radius-bottom-left:0px;--awb-padding-top:100px;--awb-padding-top-medium:75px;--awb-padding-top-small:50px;--awb-flex-wrap:wrap;\" ><div class=\"fusion-builder-row fusion-row fusion-flex-align-items-flex-start fusion-flex-justify-content-center fusion-flex-content-wrap\" style=\"max-width:1664px;margin-left: calc(-4% \/ 2 );margin-right: calc(-4% \/ 2 );\"><div class=\"fusion-layout-column fusion_builder_column fusion-builder-column-0 fusion_builder_column_4_5 4_5 fusion-flex-column fusion-flex-align-self-center angebote_header\" style=\"--awb-bg-size:cover;--awb-width-large:80%;--awb-margin-top-large:0px;--awb-spacing-right-large:2.4%;--awb-margin-bottom-large:0px;--awb-spacing-left-large:2.4%;--awb-width-medium:80%;--awb-order-medium:0;--awb-spacing-right-medium:2.4%;--awb-spacing-left-medium:2.4%;--awb-width-small:100%;--awb-order-small:0;--awb-spacing-right-small:1.92%;--awb-spacing-left-small:1.92%;\" data-scroll-devices=\"small-visibility,medium-visibility,large-visibility\"><div class=\"fusion-column-wrapper fusion-column-has-shadow fusion-flex-justify-content-flex-start fusion-content-layout-column\"><div class=\"fusion-title title fusion-title-1 fusion-sep-none fusion-title-text fusion-title-size-one\" style=\"--awb-text-color:var(--awb-color5);--awb-margin-top-small:0px;--awb-margin-right-small:0px;--awb-margin-bottom-small:0px;--awb-margin-left-small:0px;--awb-font-size:var(--awb-typography2-font-size);\"><h1 class=\"fusion-title-heading title-heading-left fusion-responsive-typography-calculated\" style=\"font-family:var(--awb-typography2-font-family);font-weight:var(--awb-typography2-font-weight);font-style:var(--awb-typography2-font-style);margin:0;letter-spacing:var(--awb-typography2-letter-spacing);text-transform:var(--awb-typography2-text-transform);font-size:1em;--fontSize:70;line-height:1;\">Noticias locales<\/h1><\/div><div class=\"fusion-separator trenner_links\" style=\"align-self: flex-start;margin-right:auto;margin-top:25px;margin-bottom:25px;width:100%;max-width:100px;\"><div class=\"fusion-separator-border sep-single sep-solid\" style=\"--awb-height:20px;--awb-amount:20px;--awb-sep-color:var(--awb-color5);border-color:var(--awb-color5);border-top-width:4px;\"><\/div><\/div><\/div><\/div><\/div><\/div><div class=\"fusion-fullwidth fullwidth-box fusion-builder-row-2 fusion-flex-container has-pattern-background has-mask-background nonhundred-percent-fullwidth non-hundred-percent-height-scrolling inhalte\" style=\"--awb-border-radius-top-left:0px;--awb-border-radius-top-right:0px;--awb-border-radius-bottom-right:0px;--awb-border-radius-bottom-left:0px;--awb-padding-bottom:80px;--awb-padding-bottom-medium:55px;--awb-padding-bottom-small:30px;--awb-flex-wrap:wrap;\" ><div class=\"fusion-builder-row fusion-row fusion-flex-align-items-flex-start fusion-flex-justify-content-center fusion-flex-content-wrap\" style=\"max-width:1664px;margin-left: calc(-4% \/ 2 );margin-right: calc(-4% \/ 2 );\"><div class=\"fusion-layout-column fusion_builder_column fusion-builder-column-1 fusion_builder_column_4_5 4_5 fusion-flex-column\" style=\"--awb-bg-size:cover;--awb-width-large:80%;--awb-margin-top-large:30px;--awb-spacing-right-large:2.4%;--awb-margin-bottom-large:0px;--awb-spacing-left-large:2.4%;--awb-width-medium:80%;--awb-order-medium:0;--awb-spacing-right-medium:2.4%;--awb-spacing-left-medium:2.4%;--awb-width-small:100%;--awb-order-small:0;--awb-spacing-right-small:1.92%;--awb-spacing-left-small:1.92%;\" data-scroll-devices=\"small-visibility,medium-visibility,large-visibility\"><div class=\"fusion-column-wrapper fusion-column-has-shadow fusion-flex-justify-content-flex-start fusion-content-layout-column\"><div class=\"fusion-title title fusion-title-2 fusion-sep-none fusion-title-text fusion-title-size-two\" style=\"--awb-margin-bottom:10px;--awb-margin-top-small:0px;--awb-margin-right-small:0px;--awb-margin-bottom-small:0px;--awb-margin-left-small:0px;--awb-margin-bottom-medium:5px;--awb-font-size:var(--awb-custom_typography_1-font-size);\"><h2 class=\"fusion-title-heading title-heading-left fusion-responsive-typography-calculated\" style=\"font-family:var(--awb-custom_typography_1-font-family);font-weight:var(--awb-custom_typography_1-font-weight);font-style:var(--awb-custom_typography_1-font-style);margin:0;letter-spacing:var(--awb-custom_typography_1-letter-spacing);text-transform:var(--awb-custom_typography_1-text-transform);font-size:1em;--fontSize:26;--minFontSize:26;line-height:1.15;\">Peri\u00f3dicos y portales de noticias en l\u00ednea<\/h2><\/div><div class=\"fusion-text fusion-text-1\"><ul>\n<li>inFranken.de<br \/>\nPortal de noticias con informes regionales de Franconia, incluyendo la Baja Franconia.<br \/>\n<a href=\"https:\/\/www.infranken.de\" target=\"_blank\" rel=\"noopener\">https:\/\/www.infranken.de<\/a><\/li>\n<li>Main-Echo<br \/>\nPeri\u00f3dico diario con noticias del Bajo Meno b\u00e1varo y el Cuadril\u00e1tero del Meno<br \/>\n<a href=\"https:\/\/www.main-echo.de\" target=\"_blank\" rel=\"noopener\">https:\/\/www.main-echo.de<\/a><\/li>\n<li>Mainfranken24.de<br \/>\nPeri\u00f3dico en l\u00ednea con noticias actuales, deportes, clima y eventos de W\u00fcrzburg, Karlstadt, Kitzingen y Schweinfurt.<br \/>\n<a href=\"https:\/\/www.mainfranken24.de\" target=\"_blank\" rel=\"noopener\">https:\/\/www.mainfranken24.de<\/a><\/li>\n<li>Main-Post<br \/>\nPeri\u00f3dico diario con noticias de W\u00fcrzburg, Schweinfurt, Ha\u00dfberge y la regi\u00f3n de la Baja Franconia.<br \/>\n<a href=\"https:\/\/www.mainpost.de\" target=\"_blank\" rel=\"noopener\">https:\/\/www.mainpost.de<\/a><\/li>\n<li>nuus.de<br \/>\nRevista en l\u00ednea local para W\u00fcrzburg, Schweinfurt y Kitzingen.<br \/>\n<a href=\"https:\/\/www.nuus.de\" target=\"_blank\" rel=\"noopener\">https:\/\/www.nuus.de<\/a><\/li>\n<li>Region Mainfranken Aktuell<br \/>\nPortal de econom\u00eda, ciencia y temas regionales en Mainfranken.<br \/>\n<a href=\"https:\/\/www.mainfranken.org\/aktuelles\/index.html\" target=\"_blank\" rel=\"noopener\">https:\/\/www.mainfranken.org\/aktuelles\/index.html<\/a><\/li>\n<li>Saale-Zeitung<strong><br \/>\n<\/strong>Peri\u00f3dico regional para el distrito de Bad Kissingen y la Rh\u00f6n francona.<br \/>\n<a href=\"https:\/\/www.saale-zeitung.de\" target=\"_blank\" rel=\"noopener\">https:\/\/www.saale-zeitung.de<\/a><\/li>\n<li>Schweinfurt24.info<br \/>\nNoticias locales para Schweinfurt y la regi\u00f3n.<br \/>\n<a href=\"https:\/\/www.schweinfurt24.info\" target=\"_blank\" rel=\"noopener\">https:\/\/www.schweinfurt24.info<\/a><\/li>\n<li>SW1.News<br \/>\nPortal de noticias regional para Schweinfurt y sus alrededores.<br \/>\n<a href=\"https:\/\/sw1.news\" target=\"_blank\" rel=\"noopener\">https:\/\/sw1.news<\/a><\/li>\n<\/ul>\n<\/div><\/div><\/div><div class=\"fusion-layout-column fusion_builder_column fusion-builder-column-2 fusion_builder_column_4_5 4_5 fusion-flex-column\" style=\"--awb-bg-size:cover;--awb-width-large:80%;--awb-margin-top-large:30px;--awb-spacing-right-large:2.4%;--awb-margin-bottom-large:0px;--awb-spacing-left-large:2.4%;--awb-width-medium:80%;--awb-order-medium:0;--awb-spacing-right-medium:2.4%;--awb-spacing-left-medium:2.4%;--awb-width-small:100%;--awb-order-small:0;--awb-spacing-right-small:1.92%;--awb-spacing-left-small:1.92%;\" data-scroll-devices=\"small-visibility,medium-visibility,large-visibility\"><div class=\"fusion-column-wrapper fusion-column-has-shadow fusion-flex-justify-content-flex-start fusion-content-layout-column\"><div class=\"fusion-title title fusion-title-3 fusion-sep-none fusion-title-text fusion-title-size-two\" style=\"--awb-margin-bottom:10px;--awb-margin-top-small:0px;--awb-margin-right-small:0px;--awb-margin-bottom-small:0px;--awb-margin-left-small:0px;--awb-margin-bottom-medium:5px;--awb-font-size:var(--awb-custom_typography_1-font-size);\"><h2 class=\"fusion-title-heading title-heading-left fusion-responsive-typography-calculated\" style=\"font-family:var(--awb-custom_typography_1-font-family);font-weight:var(--awb-custom_typography_1-font-weight);font-style:var(--awb-custom_typography_1-font-style);margin:0;letter-spacing:var(--awb-custom_typography_1-letter-spacing);text-transform:var(--awb-custom_typography_1-text-transform);font-size:1em;--fontSize:26;--minFontSize:26;line-height:1.15;\">Emisoras de radio con oferta informativa<\/h2><\/div><div class=\"fusion-text fusion-text-2\"><ul>\n<li>Bayern 1 (BR Studio W\u00fcrzburg)<br \/>\nEmite noticias regionales de Mainfranken a la media hora en d\u00edas laborables.<br \/>\n<a href=\"https:\/\/www.br.de\/nachricht\/unterfranken\/br-kontakt-unterfranken-wuerzburg-schweinfurt-aschaffenburg100.html\" target=\"_blank\" rel=\"noopener\">https:\/\/www.br.de\/nachricht\/unterfranken\/br-kontakt-unterfranken-wuerzburg-schweinfurt-aschaffenburg100.html<\/a><\/li>\n<li>BR Mainfranken (Bayerischer Rundfunk)<br \/>\nCobertura de la Baja Franconia a trav\u00e9s de radio, televisi\u00f3n y plataformas en l\u00ednea como BR24.<br \/>\n<a href=\"https:\/\/www.br.de\/nachrichten\/bayern\/das-br-team-fuer-mainfranken,R0JE7hy\" target=\"_blank\" rel=\"noopener\">https:\/\/www.br.de\/nachrichten\/bayern\/das-br-team-fuer-mainfranken,R0JE7hy<\/a><\/li>\n<li>Radio Charivari W\u00fcrzburg<br \/>\nInformes regionales y m\u00fasica para Mainfranken.<br \/>\n<a href=\"https:\/\/www.charivari.fm\" target=\"_blank\" rel=\"noopener\">https:\/\/www.charivari.fm<\/a><\/li>\n<li>Radio Gong W\u00fcrzburg<br \/>\nNoticias locales y entretenimiento para W\u00fcrzburg y sus alrededores.<br \/>\n<a href=\"https:\/\/www.radiogong.com\" target=\"_blank\" rel=\"noopener\">https:\/\/www.radiogong.com<\/a><\/li>\n<li>Radio Hashtag+ (Schweinfurt)<br \/>\nRadio juvenil con noticias de Mainfranken.<br \/>\n<a href=\"https:\/\/www.radiohashtagplus.de\" target=\"_blank\" rel=\"noopener\">https:\/\/www.radiohashtagplus.de<\/a><\/li>\n<li>Radio Primaton (Schweinfurt)<br \/>\nEmisora de radio local para Schweinfurt y sus alrededores con noticias actuales.<br \/>\n<a href=\"https:\/\/www.radioprimaton.de\" target=\"_blank\" rel=\"noopener\">https:\/\/www.radioprimaton.de<\/a><\/li>\n<\/ul>\n<\/div><\/div><\/div><div class=\"fusion-layout-column fusion_builder_column fusion-builder-column-3 fusion_builder_column_4_5 4_5 fusion-flex-column\" style=\"--awb-bg-size:cover;--awb-width-large:80%;--awb-margin-top-large:30px;--awb-spacing-right-large:2.4%;--awb-margin-bottom-large:0px;--awb-spacing-left-large:2.4%;--awb-width-medium:80%;--awb-order-medium:0;--awb-spacing-right-medium:2.4%;--awb-spacing-left-medium:2.4%;--awb-width-small:100%;--awb-order-small:0;--awb-spacing-right-small:1.92%;--awb-spacing-left-small:1.92%;\" data-scroll-devices=\"small-visibility,medium-visibility,large-visibility\"><div class=\"fusion-column-wrapper fusion-column-has-shadow fusion-flex-justify-content-flex-start fusion-content-layout-column\"><div class=\"fusion-title title fusion-title-4 fusion-sep-none fusion-title-text fusion-title-size-two\" style=\"--awb-margin-bottom:10px;--awb-margin-top-small:0px;--awb-margin-right-small:0px;--awb-margin-bottom-small:0px;--awb-margin-left-small:0px;--awb-margin-bottom-medium:5px;--awb-font-size:var(--awb-custom_typography_1-font-size);\"><h2 class=\"fusion-title-heading title-heading-left fusion-responsive-typography-calculated\" style=\"font-family:var(--awb-custom_typography_1-font-family);font-weight:var(--awb-custom_typography_1-font-weight);font-style:var(--awb-custom_typography_1-font-style);margin:0;letter-spacing:var(--awb-custom_typography_1-letter-spacing);text-transform:var(--awb-custom_typography_1-text-transform);font-size:1em;--fontSize:26;--minFontSize:26;line-height:1.15;\">Canales de televisi\u00f3n<\/h2><\/div><div class=\"fusion-text fusion-text-3\"><ul>\n<li>BR-Studio W\u00fcrzburg<br \/>\nNoticias diarias actualizadas de Mainfranken<br \/>\n<a href=\"https:\/\/www.br.de\/franken\/inhalt\/mainfranken\/index.html\" target=\"_blank\" rel=\"noopener\">https:\/\/www.br.de\/franken\/inhalt\/mainfranken\/index.html<\/a><\/li>\n<li>TV Mainfranken<br \/>\nCanal de televisi\u00f3n regional con noticias y v\u00eddeos de W\u00fcrzburg, Mainfranken y Schweinfurt.<br \/>\n<a href=\"https:\/\/www.tvmainfranken.de\" target=\"_blank\" rel=\"noopener\">https:\/\/www.tvmainfranken.de<\/a><\/li>\n<\/ul>\n<\/div><\/div><\/div><\/div><\/div><\/p>\n","protected":false},"excerpt":{"rendered":"","protected":false},"author":2,"featured_media":0,"parent":3330,"menu_order":0,"comment_status":"closed","ping_status":"closed","template":"100-width.php","meta":{"footnotes":"","_links_to":"","_links_to_target":""},"class_list":["post-3395","page","type-page","status-publish","hentry"],"yoast_head":"<!-- This site is optimized with the Yoast SEO plugin v27.2 - https:\/\/yoast.com\/product\/yoast-seo-wordpress\/ -->\n<title>Noticias locales - Region Mainfranken<\/title>\n<meta name=\"robots\" content=\"index, follow, max-snippet:-1, max-image-preview:large, max-video-preview:-1\" \/>\n<link rel=\"canonical\" href=\"https:\/\/career-mainfranken.com\/es\/llegada\/noticias-locales\/\" \/>\n<meta property=\"og:locale\" content=\"es_ES\" \/>\n<meta property=\"og:type\" content=\"article\" \/>\n<meta property=\"og:title\" content=\"Noticias locales - Region Mainfranken\" \/>\n<meta property=\"og:url\" content=\"https:\/\/career-mainfranken.com\/es\/llegada\/noticias-locales\/\" \/>\n<meta property=\"og:site_name\" content=\"Region Mainfranken\" \/>\n<meta property=\"article:modified_time\" content=\"2025-05-16T15:30:44+00:00\" \/>\n<meta name=\"twitter:card\" content=\"summary_large_image\" \/>\n<meta name=\"twitter:label1\" content=\"Tiempo de lectura\" \/>\n\t<meta name=\"twitter:data1\" content=\"25 minutos\" \/>\n<script type=\"application\/ld+json\" class=\"yoast-schema-graph\">{\"@context\":\"https:\/\/schema.org\",\"@graph\":[{\"@type\":\"WebPage\",\"@id\":\"https:\/\/career-mainfranken.com\/es\/llegada\/noticias-locales\/\",\"url\":\"https:\/\/career-mainfranken.com\/es\/llegada\/noticias-locales\/\",\"name\":\"Noticias locales - Region Mainfranken\",\"isPartOf\":{\"@id\":\"https:\/\/career-mainfranken.com\/es\/#website\"},\"datePublished\":\"2025-05-07T09:05:06+00:00\",\"dateModified\":\"2025-05-16T15:30:44+00:00\",\"breadcrumb\":{\"@id\":\"https:\/\/career-mainfranken.com\/es\/llegada\/noticias-locales\/#breadcrumb\"},\"inLanguage\":\"es\",\"potentialAction\":[{\"@type\":\"ReadAction\",\"target\":[\"https:\/\/career-mainfranken.com\/es\/llegada\/noticias-locales\/\"]}]},{\"@type\":\"BreadcrumbList\",\"@id\":\"https:\/\/career-mainfranken.com\/es\/llegada\/noticias-locales\/#breadcrumb\",\"itemListElement\":[{\"@type\":\"ListItem\",\"position\":1,\"name\":\"P\u00e1gina principal\",\"item\":\"https:\/\/career-mainfranken.com\/es\/pagina-principal\/\"},{\"@type\":\"ListItem\",\"position\":2,\"name\":\"Llegada\",\"item\":\"https:\/\/career-mainfranken.com\/es\/llegada\/\"},{\"@type\":\"ListItem\",\"position\":3,\"name\":\"Noticias locales\"}]},{\"@type\":\"WebSite\",\"@id\":\"https:\/\/career-mainfranken.com\/es\/#website\",\"url\":\"https:\/\/career-mainfranken.com\/es\/\",\"name\":\"Region Mainfranken\",\"description\":\"\",\"potentialAction\":[{\"@type\":\"SearchAction\",\"target\":{\"@type\":\"EntryPoint\",\"urlTemplate\":\"https:\/\/career-mainfranken.com\/es\/?s={search_term_string}\"},\"query-input\":{\"@type\":\"PropertyValueSpecification\",\"valueRequired\":true,\"valueName\":\"search_term_string\"}}],\"inLanguage\":\"es\"}]}<\/script>\n<!-- \/ Yoast SEO plugin. -->","yoast_head_json":{"title":"Noticias locales - Region Mainfranken","robots":{"index":"index","follow":"follow","max-snippet":"max-snippet:-1","max-image-preview":"max-image-preview:large","max-video-preview":"max-video-preview:-1"},"canonical":"https:\/\/career-mainfranken.com\/es\/llegada\/noticias-locales\/","og_locale":"es_ES","og_type":"article","og_title":"Noticias locales - Region Mainfranken","og_url":"https:\/\/career-mainfranken.com\/es\/llegada\/noticias-locales\/","og_site_name":"Region Mainfranken","article_modified_time":"2025-05-16T15:30:44+00:00","twitter_card":"summary_large_image","twitter_misc":{"Tiempo de lectura":"25 minutos"},"schema":{"@context":"https:\/\/schema.org","@graph":[{"@type":"WebPage","@id":"https:\/\/career-mainfranken.com\/es\/llegada\/noticias-locales\/","url":"https:\/\/career-mainfranken.com\/es\/llegada\/noticias-locales\/","name":"Noticias locales - Region Mainfranken","isPartOf":{"@id":"https:\/\/career-mainfranken.com\/es\/#website"},"datePublished":"2025-05-07T09:05:06+00:00","dateModified":"2025-05-16T15:30:44+00:00","breadcrumb":{"@id":"https:\/\/career-mainfranken.com\/es\/llegada\/noticias-locales\/#breadcrumb"},"inLanguage":"es","potentialAction":[{"@type":"ReadAction","target":["https:\/\/career-mainfranken.com\/es\/llegada\/noticias-locales\/"]}]},{"@type":"BreadcrumbList","@id":"https:\/\/career-mainfranken.com\/es\/llegada\/noticias-locales\/#breadcrumb","itemListElement":[{"@type":"ListItem","position":1,"name":"P\u00e1gina principal","item":"https:\/\/career-mainfranken.com\/es\/pagina-principal\/"},{"@type":"ListItem","position":2,"name":"Llegada","item":"https:\/\/career-mainfranken.com\/es\/llegada\/"},{"@type":"ListItem","position":3,"name":"Noticias locales"}]},{"@type":"WebSite","@id":"https:\/\/career-mainfranken.com\/es\/#website","url":"https:\/\/career-mainfranken.com\/es\/","name":"Region Mainfranken","description":"","potentialAction":[{"@type":"SearchAction","target":{"@type":"EntryPoint","urlTemplate":"https:\/\/career-mainfranken.com\/es\/?s={search_term_string}"},"query-input":{"@type":"PropertyValueSpecification","valueRequired":true,"valueName":"search_term_string"}}],"inLanguage":"es"}]}},"_links":{"self":[{"href":"https:\/\/career-mainfranken.com\/es\/wp-json\/wp\/v2\/pages\/3395","targetHints":{"allow":["GET"]}}],"collection":[{"href":"https:\/\/career-mainfranken.com\/es\/wp-json\/wp\/v2\/pages"}],"about":[{"href":"https:\/\/career-mainfranken.com\/es\/wp-json\/wp\/v2\/types\/page"}],"author":[{"embeddable":true,"href":"https:\/\/career-mainfranken.com\/es\/wp-json\/wp\/v2\/users\/2"}],"replies":[{"embeddable":true,"href":"https:\/\/career-mainfranken.com\/es\/wp-json\/wp\/v2\/comments?post=3395"}],"version-history":[{"count":0,"href":"https:\/\/career-mainfranken.com\/es\/wp-json\/wp\/v2\/pages\/3395\/revisions"}],"up":[{"embeddable":true,"href":"https:\/\/career-mainfranken.com\/es\/wp-json\/wp\/v2\/pages\/3330"}],"wp:attachment":[{"href":"https:\/\/career-mainfranken.com\/es\/wp-json\/wp\/v2\/media?parent=3395"}],"curies":[{"name":"wp","href":"https:\/\/api.w.org\/{rel}","templated":true}]}}