{"id":11619,"date":"2025-09-24T09:51:42","date_gmt":"2025-09-24T07:51:42","guid":{"rendered":"https:\/\/career-mainfranken.com\/jugend-forscht-2026\/"},"modified":"2026-02-04T07:55:42","modified_gmt":"2026-02-04T06:55:42","slug":"jugend-forscht-2026","status":"publish","type":"page","link":"https:\/\/career-mainfranken.com\/en\/jugend-forscht-2026\/","title":{"rendered":"Jugend Forscht 2026"},"content":{"rendered":"<style id=\"wpforms-css-vars-11608\">\n\t\t\t\t#wpforms-11608 {\n\t\t\t\t--wpforms-field-size-input-height: 43px;\n--wpforms-field-size-input-spacing: 15px;\n--wpforms-field-size-font-size: 16px;\n--wpforms-field-size-line-height: 19px;\n--wpforms-field-size-padding-h: 14px;\n--wpforms-field-size-checkbox-size: 16px;\n--wpforms-field-size-sublabel-spacing: 5px;\n--wpforms-field-size-icon-size: 1;\n--wpforms-label-size-font-size: 16px;\n--wpforms-label-size-line-height: 19px;\n--wpforms-label-size-sublabel-font-size: 14px;\n--wpforms-label-size-sublabel-line-height: 17px;\n--wpforms-button-size-font-size: 17px;\n--wpforms-button-size-height: 41px;\n--wpforms-button-size-padding-h: 15px;\n--wpforms-button-size-margin-top: 10px;\n--wpforms-container-shadow-size-box-shadow: none;\n\t\t\t}\n\t\t\t<\/style><div class=\"wpforms-container wpforms-container-full wpforms-render-modern\" id=\"wpforms-11608\"><form id=\"wpforms-form-11608\" class=\"wpforms-validate wpforms-form wpforms-ajax-form\" data-formid=\"11608\" method=\"post\" enctype=\"multipart\/form-data\" action=\"\/en\/wp-json\/wp\/v2\/pages\/11619?wpforms_form_id=11608\" data-token=\"ce2af0f0d96dab60bb1e35250349c1fe\" data-token-time=\"1777515727\"><noscript class=\"wpforms-error-noscript\">Please enable JavaScript in your browser to complete this form.<\/noscript><div id=\"wpforms-error-noscript\" style=\"display: none;\">Please enable JavaScript in your browser to complete this form.<\/div><div class=\"wpforms-field-container\"><div id=\"wpforms-11608-field_3-container\" class=\"wpforms-field wpforms-field-text\" data-field-id=\"3\"><label class=\"wpforms-field-label\" for=\"wpforms-11608-field_3\">Vorname <span class=\"wpforms-required-label\" aria-hidden=\"true\">*<\/span><\/label><input type=\"text\" id=\"wpforms-11608-field_3\" class=\"wpforms-field-medium wpforms-field-required\" name=\"wpforms[fields][3]\" aria-errormessage=\"wpforms-11608-field_3-error\" required><\/div><div id=\"wpforms-11608-field_4-container\" class=\"wpforms-field wpforms-field-text\" data-field-id=\"4\"><label class=\"wpforms-field-label\" for=\"wpforms-11608-field_4\">Nachname <span class=\"wpforms-required-label\" aria-hidden=\"true\">*<\/span><\/label><input type=\"text\" id=\"wpforms-11608-field_4\" class=\"wpforms-field-medium wpforms-field-required\" name=\"wpforms[fields][4]\" aria-errormessage=\"wpforms-11608-field_4-error\" required><\/div><div id=\"wpforms-11608-field_11-container\" class=\"wpforms-field wpforms-field-radio\" data-field-id=\"11\"><fieldset><legend class=\"wpforms-field-label\">Sparte <span class=\"wpforms-required-label\" aria-hidden=\"true\">*<\/span><\/legend><ul id=\"wpforms-11608-field_11\" class=\"wpforms-field-required\"><li class=\"choice-1 depth-1\"><input type=\"radio\" id=\"wpforms-11608-field_11_1\" name=\"wpforms[fields][11]\" value=\"Jugend forscht\" aria-errormessage=\"wpforms-11608-field_11_1-error\" required ><label class=\"wpforms-field-label-inline\" for=\"wpforms-11608-field_11_1\">Jugend forscht<\/label><\/li><li class=\"choice-2 depth-1\"><input type=\"radio\" id=\"wpforms-11608-field_11_2\" name=\"wpforms[fields][11]\" value=\"Jugend forscht Junior\" aria-errormessage=\"wpforms-11608-field_11_2-error\" required ><label class=\"wpforms-field-label-inline\" for=\"wpforms-11608-field_11_2\">Jugend forscht Junior<\/label><\/li><\/ul><\/fieldset><\/div><div id=\"wpforms-11608-field_5-container\" class=\"wpforms-field wpforms-field-radio\" data-field-id=\"5\"><fieldset><legend class=\"wpforms-field-label\">\u00dcbernachtung <span class=\"wpforms-required-label\" aria-hidden=\"true\">*<\/span><\/legend><ul id=\"wpforms-11608-field_5\" class=\"wpforms-field-required\"><li class=\"choice-1 depth-1\"><input type=\"radio\" id=\"wpforms-11608-field_5_1\" name=\"wpforms[fields][5]\" value=\"Ja\" aria-errormessage=\"wpforms-11608-field_5_1-error\" aria-describedby=\"wpforms-11608-field_5-description\" required ><label class=\"wpforms-field-label-inline\" for=\"wpforms-11608-field_5_1\">Ja<\/label><\/li><li class=\"choice-2 depth-1\"><input type=\"radio\" id=\"wpforms-11608-field_5_2\" name=\"wpforms[fields][5]\" value=\"Nein\" aria-errormessage=\"wpforms-11608-field_5_2-error\" aria-describedby=\"wpforms-11608-field_5-description\" required ><label class=\"wpforms-field-label-inline\" for=\"wpforms-11608-field_5_2\">Nein<\/label><\/li><\/ul><div id=\"wpforms-11608-field_5-description\" class=\"wpforms-field-description\">Wenn man nicht \u00fcbernachtet, kann man leider nicht am Abendprogramm teilnehmen.<\/div><\/fieldset><\/div>\t\t<div id=\"wpforms-11608-field_2-container\"\n\t\t\tclass=\"wpforms-field wpforms-field-text\"\n\t\t\tdata-field-type=\"text\"\n\t\t\tdata-field-id=\"2\"\n\t\t\t>\n\t\t\t<label class=\"wpforms-field-label\" for=\"wpforms-11608-field_2\" >+ ist Krankenkasse<\/label>\n\t\t\t<input type=\"text\" id=\"wpforms-11608-field_2\" class=\"wpforms-field-medium\" name=\"wpforms[fields][2]\" >\n\t\t<\/div>\n\t\t<div id=\"wpforms-11608-field_12-container\" class=\"wpforms-field wpforms-field-text\" data-field-id=\"12\"><label class=\"wpforms-field-label\" for=\"wpforms-11608-field_12\">Falls \u00dcbernachtung, bitte gew\u00fcnschte Zimmerpartner*in angeben (eine Person)<\/label><input type=\"text\" id=\"wpforms-11608-field_12\" class=\"wpforms-field-medium\" name=\"wpforms[fields][12]\" aria-errormessage=\"wpforms-11608-field_12-error\" ><\/div><div id=\"wpforms-11608-field_6-container\" class=\"wpforms-field wpforms-field-select wpforms-field-select-style-classic\" data-field-id=\"6\"><label class=\"wpforms-field-label\" for=\"wpforms-11608-field_6\">Ern\u00e4hrung <span class=\"wpforms-required-label\" aria-hidden=\"true\">*<\/span><\/label><select id=\"wpforms-11608-field_6\" class=\"wpforms-field-medium wpforms-field-required\" name=\"wpforms[fields][6]\" required=\"required\"><option value=\"\" class=\"placeholder\" disabled  selected='selected'>--- Auswahl treffen ---<\/option><option value=\"keine Einschr\u00e4nkungen\"  class=\"choice-1 depth-1\"  >keine Einschr\u00e4nkungen<\/option><option value=\"Vegan\"  class=\"choice-2 depth-1\"  >Vegan<\/option><option value=\"Vegetarisch\"  class=\"choice-3 depth-1\"  >Vegetarisch<\/option><option value=\"Sonstiges (bitte im Kommentarfeld angeben)\"  class=\"choice-4 depth-1\"  >Sonstiges (bitte im Kommentarfeld angeben)<\/option><\/select><\/div><div id=\"wpforms-11608-field_7-container\" class=\"wpforms-field wpforms-field-text\" data-field-id=\"7\"><label class=\"wpforms-field-label\" for=\"wpforms-11608-field_7\">Kommentar <\/label><input type=\"text\" id=\"wpforms-11608-field_7\" class=\"wpforms-field-medium\" name=\"wpforms[fields][7]\" aria-errormessage=\"wpforms-11608-field_7-error\" ><\/div><div id=\"wpforms-11608-field_14-container\" class=\"wpforms-field wpforms-field-textarea\" data-field-id=\"14\"><label class=\"wpforms-field-label\" for=\"wpforms-11608-field_14\">Wir sind in der Zeit des o.g. Wettbewerbs telefonisch unter folgender Nummer zu erreichen (Name + Telefonnummer): <span class=\"wpforms-required-label\" aria-hidden=\"true\">*<\/span><\/label><textarea id=\"wpforms-11608-field_14\" class=\"wpforms-field-medium wpforms-field-required\" name=\"wpforms[fields][14]\" aria-errormessage=\"wpforms-11608-field_14-error\" required><\/textarea><\/div><div id=\"wpforms-11608-field_17-container\" class=\"wpforms-field wpforms-field-text\" data-field-id=\"17\"><label class=\"wpforms-field-label\" for=\"wpforms-11608-field_17\">Wir sind bei folgender Krankenkasse versichert: (Bitte geben Sie Ihrem Kind die Krankenversicherungskarte mit.) <span class=\"wpforms-required-label\" aria-hidden=\"true\">*<\/span><\/label><input type=\"text\" id=\"wpforms-11608-field_17\" class=\"wpforms-field-medium wpforms-field-required\" name=\"wpforms[fields][17]\" aria-errormessage=\"wpforms-11608-field_17-error\" required><\/div><div id=\"wpforms-11608-field_18-container\" class=\"wpforms-field wpforms-field-radio\" data-field-id=\"18\"><fieldset><legend class=\"wpforms-field-label\">Unser Kind ist gegen Tetanus geimpft:    <span class=\"wpforms-required-label\" aria-hidden=\"true\">*<\/span><\/legend><ul id=\"wpforms-11608-field_18\" class=\"wpforms-field-required\"><li class=\"choice-1 depth-1\"><input type=\"radio\" id=\"wpforms-11608-field_18_1\" name=\"wpforms[fields][18]\" value=\"Ja\" aria-errormessage=\"wpforms-11608-field_18_1-error\" required ><label class=\"wpforms-field-label-inline\" for=\"wpforms-11608-field_18_1\">Ja<\/label><\/li><li class=\"choice-2 depth-1\"><input type=\"radio\" id=\"wpforms-11608-field_18_2\" name=\"wpforms[fields][18]\" value=\"Nein\" aria-errormessage=\"wpforms-11608-field_18_2-error\" required ><label class=\"wpforms-field-label-inline\" for=\"wpforms-11608-field_18_2\">Nein<\/label><\/li><\/ul><\/fieldset><\/div><div id=\"wpforms-11608-field_15-container\" class=\"wpforms-field wpforms-field-textarea\" data-field-id=\"15\"><label class=\"wpforms-field-label\" for=\"wpforms-11608-field_15\">Unser Kind leidet an folgender Krankheit: <\/label><textarea id=\"wpforms-11608-field_15\" class=\"wpforms-field-medium\" name=\"wpforms[fields][15]\" aria-errormessage=\"wpforms-11608-field_15-error\" ><\/textarea><\/div><div id=\"wpforms-11608-field_16-container\" class=\"wpforms-field wpforms-field-textarea\" data-field-id=\"16\"><label class=\"wpforms-field-label\" for=\"wpforms-11608-field_16\">Unser Kind hat folgende Allergie\/n (z.B. gegen bestimmte Medikamente und\/oder Lebensmittel):<\/label><textarea id=\"wpforms-11608-field_16\" class=\"wpforms-field-medium\" name=\"wpforms[fields][16]\" aria-errormessage=\"wpforms-11608-field_16-error\" ><\/textarea><\/div><div id=\"wpforms-11608-field_1-container\" class=\"wpforms-field wpforms-field-file-upload\" data-field-id=\"1\"><label class=\"wpforms-field-label\" for=\"wpforms-11608-field_1\">Einverst\u00e4ndniserkl\u00e4rung f\u00fcr Teilnehmer*innen unter 18 Jahren <span class=\"wpforms-required-label\" aria-hidden=\"true\">*<\/span><\/label><div\n\t\tclass=\"wpforms-uploader wpforms-field-required\"\n\t\tdata-field-id=\"1\"\n\t\tdata-form-id=\"11608\"\n\t\tdata-input-name=\"wpforms_11608_1\"\n\t\tdata-extensions=\"jpg,jpeg,jpe,gif,png,bmp,tiff,tif,webp,avif,ico,heic,heif,heics,heifs,asf,asx,wmv,wmx,wm,avi,divx,mov,qt,mpeg,mpg,mpe,mp4,m4v,ogv,webm,mkv,3gp,3gpp,3g2,3gp2,txt,asc,c,cc,h,srt,csv,tsv,ics,rtx,css,vtt,mp3,m4a,m4b,aac,ra,ram,wav,x-wav,ogg,oga,flac,mid,midi,wma,wax,mka,rtf,pdf,class,tar,zip,gz,gzip,rar,7z,psd,xcf,doc,pot,pps,ppt,wri,xla,xls,xlt,xlw,mpp,docx,docm,dotx,dotm,xlsx,xlsm,xlsb,xltx,xltm,xlam,pptx,pptm,ppsx,ppsm,potx,potm,ppam,sldx,sldm,onetoc,onetoc2,onepkg,oxps,xps,odt,odp,ods,odg,odc,odb,odf,wp,wpd,key,numbers,pages,gpx,svg,json\"\n\t\tdata-max-size=\"33554432\"\n\t\tdata-max-file-number=\"1\"\n\t\tdata-post-max-size=\"33554432\"\n\t\tdata-max-parallel-uploads=\"4\"\n\t\tdata-parallel-uploads=\"true\"\n\t\tdata-file-chunk-size=\"2097152\">\n\t<div class=\"dz-message\">\n\t\t<svg  viewBox=\"0 0 640 640\" focusable=\"false\" data-icon=\"inbox\" width=\"50px\" height=\"50px\" fill=\"currentColor\" aria-hidden=\"true\">\n\t\t\t<path d=\"M352 173.3L352 384C352 401.7 337.7 416 320 416C302.3 416 288 401.7 288 384L288 173.3L246.6 214.7C234.1 227.2 213.8 227.2 201.3 214.7C188.8 202.2 188.8 181.9 201.3 169.4L297.3 73.4C309.8 60.9 330.1 60.9 342.6 73.4L438.6 169.4C451.1 181.9 451.1 202.2 438.6 214.7C426.1 227.2 405.8 227.2 393.3 214.7L352 173.3zM320 464C364.2 464 400 428.2 400 384L480 384C515.3 384 544 412.7 544 448L544 480C544 515.3 515.3 544 480 544L160 544C124.7 544 96 515.3 96 480L96 448C96 412.7 124.7 384 160 384L240 384C240 428.2 275.8 464 320 464zM464 488C477.3 488 488 477.3 488 464C488 450.7 477.3 440 464 440C450.7 440 440 450.7 440 464C440 477.3 450.7 488 464 488z\"\/>\n\t\t<\/svg>\n\n\t\t<span class=\"modern-title\">\n\t\t\t\t\t\t\tDrag &amp; Drop Files, \t\t\t\t<span>Choose Files to Upload<\/span>\n\t\t\t\t\t<\/span>\n\n\t\t\t<\/div>\n<\/div>\n\n<input\n\t\ttype=\"text\"\n\t\tautocomplete=\"off\"\n\t\treadonly\n\t\tclass=\"dropzone-input\"\n\t\tstyle=\"position:absolute!important;clip:rect(0,0,0,0)!important;height:1px!important;width:1px!important;border:0!important;overflow:hidden!important;padding:0!important;margin:0!important;\"\n\t\tid=\"wpforms-11608-field_1\"\n\t\tname=\"wpforms_11608_1\" required\t\tvalue=\"\">\n<\/div><div id=\"wpforms-11608-field_9-container\" class=\"wpforms-field wpforms-field-file-upload\" data-field-id=\"9\"><label class=\"wpforms-field-label\" for=\"wpforms-11608-field_9\">Foto f\u00fcr die Wettbewerbsdokumentation<\/label><div\n\t\tclass=\"wpforms-uploader \"\n\t\tdata-field-id=\"9\"\n\t\tdata-form-id=\"11608\"\n\t\tdata-input-name=\"wpforms_11608_9\"\n\t\tdata-extensions=\"jpg,jpeg,jpe,gif,png,bmp,tiff,tif,webp,avif,ico,heic,heif,heics,heifs,asf,asx,wmv,wmx,wm,avi,divx,mov,qt,mpeg,mpg,mpe,mp4,m4v,ogv,webm,mkv,3gp,3gpp,3g2,3gp2,txt,asc,c,cc,h,srt,csv,tsv,ics,rtx,css,vtt,mp3,m4a,m4b,aac,ra,ram,wav,x-wav,ogg,oga,flac,mid,midi,wma,wax,mka,rtf,pdf,class,tar,zip,gz,gzip,rar,7z,psd,xcf,doc,pot,pps,ppt,wri,xla,xls,xlt,xlw,mpp,docx,docm,dotx,dotm,xlsx,xlsm,xlsb,xltx,xltm,xlam,pptx,pptm,ppsx,ppsm,potx,potm,ppam,sldx,sldm,onetoc,onetoc2,onepkg,oxps,xps,odt,odp,ods,odg,odc,odb,odf,wp,wpd,key,numbers,pages,gpx,svg,json\"\n\t\tdata-max-size=\"33554432\"\n\t\tdata-max-file-number=\"1\"\n\t\tdata-post-max-size=\"33554432\"\n\t\tdata-max-parallel-uploads=\"4\"\n\t\tdata-parallel-uploads=\"true\"\n\t\tdata-file-chunk-size=\"2097152\">\n\t<div class=\"dz-message\">\n\t\t<svg  viewBox=\"0 0 640 640\" focusable=\"false\" data-icon=\"inbox\" width=\"50px\" height=\"50px\" fill=\"currentColor\" aria-hidden=\"true\">\n\t\t\t<path d=\"M352 173.3L352 384C352 401.7 337.7 416 320 416C302.3 416 288 401.7 288 384L288 173.3L246.6 214.7C234.1 227.2 213.8 227.2 201.3 214.7C188.8 202.2 188.8 181.9 201.3 169.4L297.3 73.4C309.8 60.9 330.1 60.9 342.6 73.4L438.6 169.4C451.1 181.9 451.1 202.2 438.6 214.7C426.1 227.2 405.8 227.2 393.3 214.7L352 173.3zM320 464C364.2 464 400 428.2 400 384L480 384C515.3 384 544 412.7 544 448L544 480C544 515.3 515.3 544 480 544L160 544C124.7 544 96 515.3 96 480L96 448C96 412.7 124.7 384 160 384L240 384C240 428.2 275.8 464 320 464zM464 488C477.3 488 488 477.3 488 464C488 450.7 477.3 440 464 440C450.7 440 440 450.7 440 464C440 477.3 450.7 488 464 488z\"\/>\n\t\t<\/svg>\n\n\t\t<span class=\"modern-title\">\n\t\t\t\t\t\t\tDrag &amp; Drop Files, \t\t\t\t<span>Choose Files to Upload<\/span>\n\t\t\t\t\t<\/span>\n\n\t\t\t<\/div>\n<\/div>\n\n<input\n\t\ttype=\"text\"\n\t\tautocomplete=\"off\"\n\t\treadonly\n\t\tclass=\"dropzone-input\"\n\t\tstyle=\"position:absolute!important;clip:rect(0,0,0,0)!important;height:1px!important;width:1px!important;border:0!important;overflow:hidden!important;padding:0!important;margin:0!important;\"\n\t\tid=\"wpforms-11608-field_9\"\n\t\tname=\"wpforms_11608_9\" \t\tvalue=\"\">\n<div id=\"wpforms-11608-field_9-description\" class=\"wpforms-field-description\">Lade hier ein Foto von dir oder deine Projektgruppe hoch. Das Bild wird in der Wettbewerbsdokumentation abgedruckt<\/div><\/div><script>\n\t\t\t\t( function() {\n\t\t\t\t\tconst style = document.createElement( 'style' );\n\t\t\t\t\tstyle.appendChild( document.createTextNode( '#wpforms-11608-field_2-container { position: absolute !important; overflow: hidden !important; display: inline !important; height: 1px !important; width: 1px !important; z-index: -1000 !important; padding: 0 !important; } #wpforms-11608-field_2-container input { visibility: hidden; } #wpforms-conversational-form-page #wpforms-11608-field_2-container label { counter-increment: none; }' ) );\n\t\t\t\t\tdocument.head.appendChild( style );\n\t\t\t\t\tdocument.currentScript?.remove();\n\t\t\t\t} )();\n\t\t\t<\/script><\/div><!-- .wpforms-field-container --><div class=\"wpforms-submit-container\" ><input type=\"hidden\" name=\"wpforms[id]\" value=\"11608\"><input type=\"hidden\" name=\"page_title\" value=\"\"><input type=\"hidden\" name=\"page_url\" value=\"https:\/\/career-mainfranken.com\/en\/wp-json\/wp\/v2\/pages\/11619\"><input type=\"hidden\" name=\"url_referer\" value=\"\"><button type=\"submit\" name=\"wpforms[submit]\" id=\"wpforms-submit-11608\" class=\"wpforms-submit\" data-alt-text=\"Wird gesendet\u00a0\u2026\" data-submit-text=\"Absenden\" aria-live=\"assertive\" value=\"wpforms-submit\">Absenden<\/button><img decoding=\"async\" src=\"data:image\/svg+xml,%3Csvg%20xmlns%3D%27http%3A%2F%2Fwww.w3.org%2F2000%2Fsvg%27%20width%3D%2726%27%20height%3D%2726%27%20viewBox%3D%270%200%2026%2026%27%3E%3Crect%20width%3D%2726%27%20height%3D%2726%27%20fill-opacity%3D%220%22%2F%3E%3C%2Fsvg%3E\" data-orig-src=\"https:\/\/career-mainfranken.com\/wp-content\/plugins\/wpforms\/assets\/images\/submit-spin.svg\" class=\"lazyload wpforms-submit-spinner\" style=\"display: none;\" width=\"26\" height=\"26\" alt=\"Loading\"><\/div><\/form><\/div>  <!-- .wpforms-container -->\n<p>&nbsp;<\/p>\n","protected":false},"excerpt":{"rendered":"<p>&nbsp;<\/p>\n","protected":false},"author":10,"featured_media":0,"parent":0,"menu_order":0,"comment_status":"closed","ping_status":"closed","template":"100-width.php","meta":{"footnotes":"","_links_to":"","_links_to_target":""},"class_list":["post-11619","page","type-page","status-publish","hentry"],"yoast_head":"<!-- This site is optimized with the Yoast SEO plugin v27.5 - https:\/\/yoast.com\/product\/yoast-seo-wordpress\/ -->\n<title>Jugend Forscht 2026 - Region Mainfranken<\/title>\n<meta name=\"robots\" content=\"index, follow, max-snippet:-1, max-image-preview:large, max-video-preview:-1\" \/>\n<link rel=\"canonical\" href=\"https:\/\/career-mainfranken.com\/en\/jugend-forscht-2026\/\" \/>\n<meta property=\"og:locale\" content=\"en_US\" \/>\n<meta property=\"og:type\" content=\"article\" \/>\n<meta property=\"og:title\" content=\"Jugend Forscht 2026 - Region Mainfranken\" \/>\n<meta property=\"og:description\" content=\"&nbsp;\" \/>\n<meta property=\"og:url\" content=\"https:\/\/career-mainfranken.com\/en\/jugend-forscht-2026\/\" \/>\n<meta property=\"og:site_name\" content=\"Region Mainfranken\" \/>\n<meta property=\"article:modified_time\" content=\"2026-02-04T06:55:42+00:00\" \/>\n<meta name=\"twitter:card\" content=\"summary_large_image\" \/>\n<script type=\"application\/ld+json\" class=\"yoast-schema-graph\">{\"@context\":\"https:\\\/\\\/schema.org\",\"@graph\":[{\"@type\":\"WebPage\",\"@id\":\"https:\\\/\\\/career-mainfranken.com\\\/en\\\/jugend-forscht-2026\\\/\",\"url\":\"https:\\\/\\\/career-mainfranken.com\\\/en\\\/jugend-forscht-2026\\\/\",\"name\":\"Jugend Forscht 2026 - Region Mainfranken\",\"isPartOf\":{\"@id\":\"https:\\\/\\\/career-mainfranken.com\\\/en\\\/#website\"},\"datePublished\":\"2025-09-24T07:51:42+00:00\",\"dateModified\":\"2026-02-04T06:55:42+00:00\",\"breadcrumb\":{\"@id\":\"https:\\\/\\\/career-mainfranken.com\\\/en\\\/jugend-forscht-2026\\\/#breadcrumb\"},\"inLanguage\":\"en-US\",\"potentialAction\":[{\"@type\":\"ReadAction\",\"target\":[\"https:\\\/\\\/career-mainfranken.com\\\/en\\\/jugend-forscht-2026\\\/\"]}]},{\"@type\":\"BreadcrumbList\",\"@id\":\"https:\\\/\\\/career-mainfranken.com\\\/en\\\/jugend-forscht-2026\\\/#breadcrumb\",\"itemListElement\":[{\"@type\":\"ListItem\",\"position\":1,\"name\":\"Startseite\",\"item\":\"https:\\\/\\\/career-mainfranken.com\\\/en\\\/\"},{\"@type\":\"ListItem\",\"position\":2,\"name\":\"Jugend Forscht 2026\"}]},{\"@type\":\"WebSite\",\"@id\":\"https:\\\/\\\/career-mainfranken.com\\\/en\\\/#website\",\"url\":\"https:\\\/\\\/career-mainfranken.com\\\/en\\\/\",\"name\":\"Region Mainfranken\",\"description\":\"\",\"potentialAction\":[{\"@type\":\"SearchAction\",\"target\":{\"@type\":\"EntryPoint\",\"urlTemplate\":\"https:\\\/\\\/career-mainfranken.com\\\/en\\\/?s={search_term_string}\"},\"query-input\":{\"@type\":\"PropertyValueSpecification\",\"valueRequired\":true,\"valueName\":\"search_term_string\"}}],\"inLanguage\":\"en-US\"}]}<\/script>\n<!-- \/ Yoast SEO plugin. -->","yoast_head_json":{"title":"Jugend Forscht 2026 - Region Mainfranken","robots":{"index":"index","follow":"follow","max-snippet":"max-snippet:-1","max-image-preview":"max-image-preview:large","max-video-preview":"max-video-preview:-1"},"canonical":"https:\/\/career-mainfranken.com\/en\/jugend-forscht-2026\/","og_locale":"en_US","og_type":"article","og_title":"Jugend Forscht 2026 - Region Mainfranken","og_description":"&nbsp;","og_url":"https:\/\/career-mainfranken.com\/en\/jugend-forscht-2026\/","og_site_name":"Region Mainfranken","article_modified_time":"2026-02-04T06:55:42+00:00","twitter_card":"summary_large_image","schema":{"@context":"https:\/\/schema.org","@graph":[{"@type":"WebPage","@id":"https:\/\/career-mainfranken.com\/en\/jugend-forscht-2026\/","url":"https:\/\/career-mainfranken.com\/en\/jugend-forscht-2026\/","name":"Jugend Forscht 2026 - Region Mainfranken","isPartOf":{"@id":"https:\/\/career-mainfranken.com\/en\/#website"},"datePublished":"2025-09-24T07:51:42+00:00","dateModified":"2026-02-04T06:55:42+00:00","breadcrumb":{"@id":"https:\/\/career-mainfranken.com\/en\/jugend-forscht-2026\/#breadcrumb"},"inLanguage":"en-US","potentialAction":[{"@type":"ReadAction","target":["https:\/\/career-mainfranken.com\/en\/jugend-forscht-2026\/"]}]},{"@type":"BreadcrumbList","@id":"https:\/\/career-mainfranken.com\/en\/jugend-forscht-2026\/#breadcrumb","itemListElement":[{"@type":"ListItem","position":1,"name":"Startseite","item":"https:\/\/career-mainfranken.com\/en\/"},{"@type":"ListItem","position":2,"name":"Jugend Forscht 2026"}]},{"@type":"WebSite","@id":"https:\/\/career-mainfranken.com\/en\/#website","url":"https:\/\/career-mainfranken.com\/en\/","name":"Region Mainfranken","description":"","potentialAction":[{"@type":"SearchAction","target":{"@type":"EntryPoint","urlTemplate":"https:\/\/career-mainfranken.com\/en\/?s={search_term_string}"},"query-input":{"@type":"PropertyValueSpecification","valueRequired":true,"valueName":"search_term_string"}}],"inLanguage":"en-US"}]}},"_links":{"self":[{"href":"https:\/\/career-mainfranken.com\/en\/wp-json\/wp\/v2\/pages\/11619","targetHints":{"allow":["GET"]}}],"collection":[{"href":"https:\/\/career-mainfranken.com\/en\/wp-json\/wp\/v2\/pages"}],"about":[{"href":"https:\/\/career-mainfranken.com\/en\/wp-json\/wp\/v2\/types\/page"}],"author":[{"embeddable":true,"href":"https:\/\/career-mainfranken.com\/en\/wp-json\/wp\/v2\/users\/10"}],"replies":[{"embeddable":true,"href":"https:\/\/career-mainfranken.com\/en\/wp-json\/wp\/v2\/comments?post=11619"}],"version-history":[{"count":0,"href":"https:\/\/career-mainfranken.com\/en\/wp-json\/wp\/v2\/pages\/11619\/revisions"}],"wp:attachment":[{"href":"https:\/\/career-mainfranken.com\/en\/wp-json\/wp\/v2\/media?parent=11619"}],"curies":[{"name":"wp","href":"https:\/\/api.w.org\/{rel}","templated":true}]}}