{"id":14575,"date":"2026-02-17T13:27:55","date_gmt":"2026-02-17T12:27:55","guid":{"rendered":"https:\/\/career-mainfranken.com\/%d8%aa%d8%ba%d8%b7%d9%8a%d8%a9-%d8%aa%d9%83%d8%a7%d9%84%d9%8a%d9%81-%d8%a7%d9%84%d8%b3%d9%81%d8%b1-%d9%84%d9%85%d8%b3%d8%a7%d8%a8%d9%82%d8%a9-%d8%b4%d8%a8%d8%a7%d8%a8-%d9%8a%d8%a8%d8%ad%d8%ab\/"},"modified":"2026-02-17T13:29:46","modified_gmt":"2026-02-17T12:29:46","slug":"%d8%aa%d8%ba%d8%b7%d9%8a%d8%a9-%d8%aa%d9%83%d8%a7%d9%84%d9%8a%d9%81-%d8%a7%d9%84%d8%b3%d9%81%d8%b1-%d9%84%d9%85%d8%b3%d8%a7%d8%a8%d9%82%d8%a9-%d8%b4%d8%a8%d8%a7%d8%a8-%d9%8a%d8%a8%d8%ad%d8%ab","status":"publish","type":"page","link":"https:\/\/career-mainfranken.com\/ar\/%d8%aa%d8%ba%d8%b7%d9%8a%d8%a9-%d8%aa%d9%83%d8%a7%d9%84%d9%8a%d9%81-%d8%a7%d9%84%d8%b3%d9%81%d8%b1-%d9%84%d9%85%d8%b3%d8%a7%d8%a8%d9%82%d8%a9-%d8%b4%d8%a8%d8%a7%d8%a8-%d9%8a%d8%a8%d8%ad%d8%ab\/","title":{"rendered":"\u062a\u063a\u0637\u064a\u0629 \u062a\u0643\u0627\u0644\u064a\u0641 \u0627\u0644\u0633\u0641\u0631 \u0644\u0645\u0633\u0627\u0628\u0642\u0629 \u00ab\u0634\u0628\u0627\u0628 \u064a\u0628\u062d\u062b\u0648\u0646\u00bb"},"content":{"rendered":"<style id=\"wpforms-css-vars-14567\">\n\t\t\t\t#wpforms-14567 {\n\t\t\t\t--wpforms-field-size-input-height: 43px;\n--wpforms-field-size-input-spacing: 15px;\n--wpforms-field-size-font-size: 16px;\n--wpforms-field-size-line-height: 19px;\n--wpforms-field-size-padding-h: 14px;\n--wpforms-field-size-checkbox-size: 16px;\n--wpforms-field-size-sublabel-spacing: 5px;\n--wpforms-field-size-icon-size: 1;\n--wpforms-label-size-font-size: 16px;\n--wpforms-label-size-line-height: 19px;\n--wpforms-label-size-sublabel-font-size: 14px;\n--wpforms-label-size-sublabel-line-height: 17px;\n--wpforms-button-size-font-size: 17px;\n--wpforms-button-size-height: 41px;\n--wpforms-button-size-padding-h: 15px;\n--wpforms-button-size-margin-top: 10px;\n--wpforms-container-shadow-size-box-shadow: none;\n\t\t\t}\n\t\t\t<\/style><div class=\"wpforms-container wpforms-container-full wpforms-render-modern\" id=\"wpforms-14567\"><form id=\"wpforms-form-14567\" class=\"wpforms-validate wpforms-form wpforms-ajax-form\" data-formid=\"14567\" method=\"post\" enctype=\"multipart\/form-data\" action=\"\/ar\/wp-json\/wp\/v2\/pages\/14575?wpforms_form_id=14567\" data-token=\"1b5e4208b7d2082eadad4b4a84a06ef7\" data-token-time=\"1776155154\"><noscript class=\"wpforms-error-noscript\">Please enable JavaScript in your browser to complete this form.<\/noscript><div id=\"wpforms-error-noscript\" style=\"display: none;\">Please enable JavaScript in your browser to complete this form.<\/div><div class=\"wpforms-field-container\">\t\t<div id=\"wpforms-14567-field_1-container\"\n\t\t\tclass=\"wpforms-field wpforms-field-text\"\n\t\t\tdata-field-type=\"text\"\n\t\t\tdata-field-id=\"1\"\n\t\t\t>\n\t\t\t<label class=\"wpforms-field-label\" for=\"wpforms-14567-field_1\" >Wettbewerbsort): hochladen: (Wohnort<\/label>\n\t\t\t<input type=\"text\" id=\"wpforms-14567-field_1\" class=\"wpforms-field-medium\" name=\"wpforms[fields][1]\" >\n\t\t<\/div>\n\t\t<div id=\"wpforms-14567-field_18-container\" class=\"wpforms-field wpforms-field-content\" data-field-id=\"18\"><div id=\"wpforms-14567-field_18\" class=\"wpforms-field-medium wpforms-field-row\" aria-errormessage=\"wpforms-14567-field_18-error\"><h2><strong>Fahrtkosten \u00dcbernahme Jugend Forscht<\/strong><\/h2>\n<p>Im Zusammenhang mit meiner Teilnahme am Wettbewerb \u201eJugend forscht\u201c sind Fahrtkosten entstanden, die ich hiermit gem\u00e4\u00df den geltenden Regelungen zur Erstattung einreiche. Die Fahrt erfolgte zum Zweck der Teilnahme am Wettbewerbstag bzw. zur Unterst\u00fctzung der Durchf\u00fchrung der Veranstaltung. Nachfolgend sind die relevanten Angaben zur Fahrt sowie die entstandenen Kosten vollst\u00e4ndig und nachvollziehbar aufgef\u00fchrt. Entsprechende Belege bzw. Nachweise sind beigef\u00fcgt. Ich bitte um Pr\u00fcfung und Erstattung der entstandenen Fahrtkosten auf das angegeben.<br \/>\n<span style=\"color:#ff0000\">ACHTUNG: Dokumente, die nach dem 08.03.2026 eingereicht werden, k\u00f6nnen nicht mehr ber\u00fccksichtigt werden. Pro Fahrgemeinschaft ist nur eine Abrechnung m\u00f6glich.<\/span><\/p>\n<div class=\"wpforms-field-content-display-frontend-clear\"><\/div><\/div><\/div><div id=\"wpforms-14567-field_15-container\" class=\"wpforms-field wpforms-field-name\" data-field-id=\"15\"><fieldset><legend class=\"wpforms-field-label\">Name <span class=\"wpforms-required-label\" aria-hidden=\"true\">*<\/span><\/legend><div class=\"wpforms-field-row wpforms-field-medium\"><div class=\"wpforms-field-row-block wpforms-first wpforms-one-half\"><input type=\"text\" id=\"wpforms-14567-field_15\" class=\"wpforms-field-name-first wpforms-field-required\" name=\"wpforms[fields][15][first]\" aria-errormessage=\"wpforms-14567-field_15-error\" required><label for=\"wpforms-14567-field_15\" class=\"wpforms-field-sublabel after\">First<\/label><\/div><div class=\"wpforms-field-row-block wpforms-one-half\"><input type=\"text\" id=\"wpforms-14567-field_15-last\" class=\"wpforms-field-name-last wpforms-field-required\" name=\"wpforms[fields][15][last]\" aria-errormessage=\"wpforms-14567-field_15-last-error\" required><label for=\"wpforms-14567-field_15-last\" class=\"wpforms-field-sublabel after\">Last<\/label><\/div><\/div><\/fieldset><\/div><div id=\"wpforms-14567-field_3-container\" class=\"wpforms-field wpforms-field-text\" data-field-id=\"3\"><label class=\"wpforms-field-label\" for=\"wpforms-14567-field_3\">Stra\u00dfe <span class=\"wpforms-required-label\" aria-hidden=\"true\">*<\/span><\/label><input type=\"text\" id=\"wpforms-14567-field_3\" class=\"wpforms-field-medium wpforms-field-required\" name=\"wpforms[fields][3]\" aria-errormessage=\"wpforms-14567-field_3-error\" required><\/div><div id=\"wpforms-14567-field_4-container\" class=\"wpforms-field wpforms-field-text\" data-field-id=\"4\"><label class=\"wpforms-field-label\" for=\"wpforms-14567-field_4\">PLZ, Ort <span class=\"wpforms-required-label\" aria-hidden=\"true\">*<\/span><\/label><input type=\"text\" id=\"wpforms-14567-field_4\" class=\"wpforms-field-medium wpforms-field-required\" name=\"wpforms[fields][4]\" aria-errormessage=\"wpforms-14567-field_4-error\" required><\/div><div id=\"wpforms-14567-field_16-container\" class=\"wpforms-field wpforms-field-email\" data-field-id=\"16\"><label class=\"wpforms-field-label\" for=\"wpforms-14567-field_16\">E-Mail-Adresse <span class=\"wpforms-required-label\" aria-hidden=\"true\">*<\/span><\/label><input type=\"email\" id=\"wpforms-14567-field_16\" class=\"wpforms-field-medium wpforms-field-required\" name=\"wpforms[fields][16]\" spellcheck=\"false\" aria-errormessage=\"wpforms-14567-field_16-error\" required><\/div><div id=\"wpforms-14567-field_6-container\" class=\"wpforms-field wpforms-field-text\" data-field-id=\"6\"><label class=\"wpforms-field-label\" for=\"wpforms-14567-field_6\">Telefon <span class=\"wpforms-required-label\" aria-hidden=\"true\">*<\/span><\/label><input type=\"text\" id=\"wpforms-14567-field_6\" class=\"wpforms-field-medium wpforms-field-required\" name=\"wpforms[fields][6]\" aria-errormessage=\"wpforms-14567-field_6-error\" required><\/div><div id=\"wpforms-14567-field_7-container\" class=\"wpforms-field wpforms-field-text\" data-field-id=\"7\"><label class=\"wpforms-field-label\" for=\"wpforms-14567-field_7\">Name der teilnehmenden Sch\u00fcler:in: <span class=\"wpforms-required-label\" aria-hidden=\"true\">*<\/span><\/label><input type=\"text\" id=\"wpforms-14567-field_7\" class=\"wpforms-field-medium wpforms-field-required\" name=\"wpforms[fields][7]\" aria-errormessage=\"wpforms-14567-field_7-error\" required><\/div><div id=\"wpforms-14567-field_8-container\" class=\"wpforms-field wpforms-field-text\" data-field-id=\"8\"><label class=\"wpforms-field-label\" for=\"wpforms-14567-field_8\">Bei Anreise mit PKW: Einfach zur\u00fcckgelegte Entfernung in km (Wohnort \u2013 Wettbewerbsort):<\/label><input type=\"text\" id=\"wpforms-14567-field_8\" class=\"wpforms-field-medium\" name=\"wpforms[fields][8]\" aria-errormessage=\"wpforms-14567-field_8-error\" ><\/div><div id=\"wpforms-14567-field_10-container\" class=\"wpforms-field wpforms-field-file-upload\" data-field-id=\"10\"><label class=\"wpforms-field-label\" for=\"wpforms-14567-field_10\">Bei Anreise mit \u00f6ffentlichen Verkehrsmitteln: Bitte Nachweis hochladen:<\/label><div\n\t\tclass=\"wpforms-uploader \"\n\t\tdata-field-id=\"10\"\n\t\tdata-form-id=\"14567\"\n\t\tdata-input-name=\"wpforms_14567_10\"\n\t\tdata-extensions=\"jpg,jpeg,jpe,gif,png,bmp,tiff,tif,webp,avif,ico,heic,heif,heics,heifs,asf,asx,wmv,wmx,wm,avi,divx,mov,qt,mpeg,mpg,mpe,mp4,m4v,ogv,webm,mkv,3gp,3gpp,3g2,3gp2,txt,asc,c,cc,h,srt,csv,tsv,ics,rtx,css,vtt,mp3,m4a,m4b,aac,ra,ram,wav,x-wav,ogg,oga,flac,mid,midi,wma,wax,mka,rtf,pdf,class,tar,zip,gz,gzip,rar,7z,psd,xcf,doc,pot,pps,ppt,wri,xla,xls,xlt,xlw,mpp,docx,docm,dotx,dotm,xlsx,xlsm,xlsb,xltx,xltm,xlam,pptx,pptm,ppsx,ppsm,potx,potm,ppam,sldx,sldm,onetoc,onetoc2,onepkg,oxps,xps,odt,odp,ods,odg,odc,odb,odf,wp,wpd,key,numbers,pages,gpx,svg,json\"\n\t\tdata-max-size=\"33554432\"\n\t\tdata-max-file-number=\"1\"\n\t\tdata-post-max-size=\"33554432\"\n\t\tdata-max-parallel-uploads=\"4\"\n\t\tdata-parallel-uploads=\"true\"\n\t\tdata-file-chunk-size=\"2097152\">\n\t<div class=\"dz-message\">\n\t\t<svg  viewBox=\"0 0 640 640\" focusable=\"false\" data-icon=\"inbox\" width=\"50px\" height=\"50px\" fill=\"currentColor\" aria-hidden=\"true\">\n\t\t\t<path d=\"M352 173.3L352 384C352 401.7 337.7 416 320 416C302.3 416 288 401.7 288 384L288 173.3L246.6 214.7C234.1 227.2 213.8 227.2 201.3 214.7C188.8 202.2 188.8 181.9 201.3 169.4L297.3 73.4C309.8 60.9 330.1 60.9 342.6 73.4L438.6 169.4C451.1 181.9 451.1 202.2 438.6 214.7C426.1 227.2 405.8 227.2 393.3 214.7L352 173.3zM320 464C364.2 464 400 428.2 400 384L480 384C515.3 384 544 412.7 544 448L544 480C544 515.3 515.3 544 480 544L160 544C124.7 544 96 515.3 96 480L96 448C96 412.7 124.7 384 160 384L240 384C240 428.2 275.8 464 320 464zM464 488C477.3 488 488 477.3 488 464C488 450.7 477.3 440 464 440C450.7 440 440 450.7 440 464C440 477.3 450.7 488 464 488z\"\/>\n\t\t<\/svg>\n\n\t\t<span class=\"modern-title\">\n\t\t\t\t\t\t\tDrag &amp; Drop Files, \t\t\t\t<span>Choose Files to Upload<\/span>\n\t\t\t\t\t<\/span>\n\n\t\t\t<\/div>\n<\/div>\n\n<input\n\t\ttype=\"text\"\n\t\tautocomplete=\"off\"\n\t\treadonly\n\t\tclass=\"dropzone-input\"\n\t\tstyle=\"position:absolute!important;clip:rect(0,0,0,0)!important;height:1px!important;width:1px!important;border:0!important;overflow:hidden!important;padding:0!important;margin:0!important;\"\n\t\tid=\"wpforms-14567-field_10\"\n\t\tname=\"wpforms_14567_10\" \t\tvalue=\"\">\n<\/div><div id=\"wpforms-14567-field_12-container\" class=\"wpforms-field wpforms-field-text\" data-field-id=\"12\"><label class=\"wpforms-field-label\" for=\"wpforms-14567-field_12\">IBAN <span class=\"wpforms-required-label\" aria-hidden=\"true\">*<\/span><\/label><input type=\"text\" id=\"wpforms-14567-field_12\" class=\"wpforms-field-medium wpforms-field-required\" name=\"wpforms[fields][12]\" aria-errormessage=\"wpforms-14567-field_12-error\" required><\/div><div id=\"wpforms-14567-field_11-container\" class=\"wpforms-field wpforms-field-checkbox\" data-field-id=\"11\"><fieldset><legend class=\"wpforms-field-label\">Checkbox <span class=\"wpforms-required-label\" aria-hidden=\"true\">*<\/span><\/legend><ul id=\"wpforms-14567-field_11\" class=\"wpforms-field-required\"><li class=\"choice-3 depth-1\"><input type=\"checkbox\" id=\"wpforms-14567-field_11_3\" name=\"wpforms[fields][11][]\" value=\"Hiermit best\u00e4tige ich die Richtigkeit meiner Angaben\" aria-errormessage=\"wpforms-14567-field_11_3-error\" required ><label class=\"wpforms-field-label-inline\" for=\"wpforms-14567-field_11_3\">Hiermit best\u00e4tige ich die Richtigkeit meiner Angaben<\/label><\/li><\/ul><\/fieldset><\/div><script>\n\t\t\t\t( function() {\n\t\t\t\t\tconst style = document.createElement( 'style' );\n\t\t\t\t\tstyle.appendChild( document.createTextNode( '#wpforms-14567-field_1-container { position: absolute !important; overflow: hidden !important; display: inline !important; height: 1px !important; width: 1px !important; z-index: -1000 !important; padding: 0 !important; } #wpforms-14567-field_1-container input { visibility: hidden; } #wpforms-conversational-form-page #wpforms-14567-field_1-container label { counter-increment: none; }' ) );\n\t\t\t\t\tdocument.head.appendChild( style );\n\t\t\t\t\tdocument.currentScript?.remove();\n\t\t\t\t} )();\n\t\t\t<\/script><\/div><!-- .wpforms-field-container --><div class=\"wpforms-submit-container\" ><input type=\"hidden\" name=\"wpforms[id]\" value=\"14567\"><input type=\"hidden\" name=\"page_title\" value=\"\"><input type=\"hidden\" name=\"page_url\" value=\"https:\/\/career-mainfranken.com\/ar\/wp-json\/wp\/v2\/pages\/14575\"><input type=\"hidden\" name=\"url_referer\" value=\"\"><button type=\"submit\" name=\"wpforms[submit]\" id=\"wpforms-submit-14567\" class=\"wpforms-submit\" data-alt-text=\"Wird gesendet\u00a0\u2026\" data-submit-text=\"Absenden\" aria-live=\"assertive\" value=\"wpforms-submit\">Absenden<\/button><img decoding=\"async\" src=\"data:image\/svg+xml,%3Csvg%20xmlns%3D%27http%3A%2F%2Fwww.w3.org%2F2000%2Fsvg%27%20width%3D%2726%27%20height%3D%2726%27%20viewBox%3D%270%200%2026%2026%27%3E%3Crect%20width%3D%2726%27%20height%3D%2726%27%20fill-opacity%3D%220%22%2F%3E%3C%2Fsvg%3E\" data-orig-src=\"https:\/\/career-mainfranken.com\/wp-content\/plugins\/wpforms\/assets\/images\/submit-spin.svg\" class=\"lazyload wpforms-submit-spinner\" style=\"display: none;\" width=\"26\" height=\"26\" alt=\"Loading\"><\/div><\/form><\/div>  <!-- .wpforms-container -->\n","protected":false},"excerpt":{"rendered":"","protected":false},"author":10,"featured_media":0,"parent":0,"menu_order":0,"comment_status":"closed","ping_status":"closed","template":"100-width.php","meta":{"footnotes":"","_links_to":"","_links_to_target":""},"class_list":["post-14575","page","type-page","status-publish","hentry"],"yoast_head":"<!-- This site is optimized with the Yoast SEO plugin v27.2 - https:\/\/yoast.com\/product\/yoast-seo-wordpress\/ -->\n<title>\u062a\u063a\u0637\u064a\u0629 \u062a\u0643\u0627\u0644\u064a\u0641 \u0627\u0644\u0633\u0641\u0631 \u0644\u0645\u0633\u0627\u0628\u0642\u0629 \u00ab\u0634\u0628\u0627\u0628 \u064a\u0628\u062d\u062b\u0648\u0646\u00bb - Region Mainfranken<\/title>\n<meta name=\"robots\" content=\"index, follow, max-snippet:-1, max-image-preview:large, max-video-preview:-1\" \/>\n<link rel=\"canonical\" href=\"https:\/\/career-mainfranken.com\/ar\/%d8%aa%d8%ba%d8%b7%d9%8a%d8%a9-%d8%aa%d9%83%d8%a7%d9%84%d9%8a%d9%81-%d8%a7%d9%84%d8%b3%d9%81%d8%b1-%d9%84%d9%85%d8%b3%d8%a7%d8%a8%d9%82%d8%a9-%d8%b4%d8%a8%d8%a7%d8%a8-%d9%8a%d8%a8%d8%ad%d8%ab\/\" \/>\n<meta property=\"og:locale\" content=\"ar_AR\" \/>\n<meta property=\"og:type\" content=\"article\" \/>\n<meta property=\"og:title\" content=\"\u062a\u063a\u0637\u064a\u0629 \u062a\u0643\u0627\u0644\u064a\u0641 \u0627\u0644\u0633\u0641\u0631 \u0644\u0645\u0633\u0627\u0628\u0642\u0629 \u00ab\u0634\u0628\u0627\u0628 \u064a\u0628\u062d\u062b\u0648\u0646\u00bb - Region Mainfranken\" \/>\n<meta property=\"og:url\" content=\"https:\/\/career-mainfranken.com\/ar\/%d8%aa%d8%ba%d8%b7%d9%8a%d8%a9-%d8%aa%d9%83%d8%a7%d9%84%d9%8a%d9%81-%d8%a7%d9%84%d8%b3%d9%81%d8%b1-%d9%84%d9%85%d8%b3%d8%a7%d8%a8%d9%82%d8%a9-%d8%b4%d8%a8%d8%a7%d8%a8-%d9%8a%d8%a8%d8%ad%d8%ab\/\" \/>\n<meta property=\"og:site_name\" content=\"Region Mainfranken\" \/>\n<meta property=\"article:modified_time\" content=\"2026-02-17T12:29:46+00:00\" \/>\n<meta name=\"twitter:card\" content=\"summary_large_image\" \/>\n<script type=\"application\/ld+json\" class=\"yoast-schema-graph\">{\"@context\":\"https:\/\/schema.org\",\"@graph\":[{\"@type\":\"WebPage\",\"@id\":\"https:\/\/career-mainfranken.com\/ar\/%d8%aa%d8%ba%d8%b7%d9%8a%d8%a9-%d8%aa%d9%83%d8%a7%d9%84%d9%8a%d9%81-%d8%a7%d9%84%d8%b3%d9%81%d8%b1-%d9%84%d9%85%d8%b3%d8%a7%d8%a8%d9%82%d8%a9-%d8%b4%d8%a8%d8%a7%d8%a8-%d9%8a%d8%a8%d8%ad%d8%ab\/\",\"url\":\"https:\/\/career-mainfranken.com\/ar\/%d8%aa%d8%ba%d8%b7%d9%8a%d8%a9-%d8%aa%d9%83%d8%a7%d9%84%d9%8a%d9%81-%d8%a7%d9%84%d8%b3%d9%81%d8%b1-%d9%84%d9%85%d8%b3%d8%a7%d8%a8%d9%82%d8%a9-%d8%b4%d8%a8%d8%a7%d8%a8-%d9%8a%d8%a8%d8%ad%d8%ab\/\",\"name\":\"\u062a\u063a\u0637\u064a\u0629 \u062a\u0643\u0627\u0644\u064a\u0641 \u0627\u0644\u0633\u0641\u0631 \u0644\u0645\u0633\u0627\u0628\u0642\u0629 \u00ab\u0634\u0628\u0627\u0628 \u064a\u0628\u062d\u062b\u0648\u0646\u00bb - Region Mainfranken\",\"isPartOf\":{\"@id\":\"https:\/\/career-mainfranken.com\/ar\/#website\"},\"datePublished\":\"2026-02-17T12:27:55+00:00\",\"dateModified\":\"2026-02-17T12:29:46+00:00\",\"breadcrumb\":{\"@id\":\"https:\/\/career-mainfranken.com\/ar\/%d8%aa%d8%ba%d8%b7%d9%8a%d8%a9-%d8%aa%d9%83%d8%a7%d9%84%d9%8a%d9%81-%d8%a7%d9%84%d8%b3%d9%81%d8%b1-%d9%84%d9%85%d8%b3%d8%a7%d8%a8%d9%82%d8%a9-%d8%b4%d8%a8%d8%a7%d8%a8-%d9%8a%d8%a8%d8%ad%d8%ab\/#breadcrumb\"},\"inLanguage\":\"ar\",\"potentialAction\":[{\"@type\":\"ReadAction\",\"target\":[\"https:\/\/career-mainfranken.com\/ar\/%d8%aa%d8%ba%d8%b7%d9%8a%d8%a9-%d8%aa%d9%83%d8%a7%d9%84%d9%8a%d9%81-%d8%a7%d9%84%d8%b3%d9%81%d8%b1-%d9%84%d9%85%d8%b3%d8%a7%d8%a8%d9%82%d8%a9-%d8%b4%d8%a8%d8%a7%d8%a8-%d9%8a%d8%a8%d8%ad%d8%ab\/\"]}]},{\"@type\":\"BreadcrumbList\",\"@id\":\"https:\/\/career-mainfranken.com\/ar\/%d8%aa%d8%ba%d8%b7%d9%8a%d8%a9-%d8%aa%d9%83%d8%a7%d9%84%d9%8a%d9%81-%d8%a7%d9%84%d8%b3%d9%81%d8%b1-%d9%84%d9%85%d8%b3%d8%a7%d8%a8%d9%82%d8%a9-%d8%b4%d8%a8%d8%a7%d8%a8-%d9%8a%d8%a8%d8%ad%d8%ab\/#breadcrumb\",\"itemListElement\":[{\"@type\":\"ListItem\",\"position\":1,\"name\":\"\u0627\u0644\u0635\u0641\u062d\u0629 \u0627\u0644\u0631\u0626\u064a\u0633\u064a\u0629\",\"item\":\"https:\/\/career-mainfranken.com\/ar\/%d8%a7%d9%84%d8%b5%d9%81%d8%ad%d8%a9-%d8%a7%d9%84%d8%b1%d8%a6%d9%8a%d8%b3%d9%8a%d8%a9\/\"},{\"@type\":\"ListItem\",\"position\":2,\"name\":\"\u062a\u063a\u0637\u064a\u0629 \u062a\u0643\u0627\u0644\u064a\u0641 \u0627\u0644\u0633\u0641\u0631 \u0644\u0645\u0633\u0627\u0628\u0642\u0629 \u00ab\u0634\u0628\u0627\u0628 \u064a\u0628\u062d\u062b\u0648\u0646\u00bb\"}]},{\"@type\":\"WebSite\",\"@id\":\"https:\/\/career-mainfranken.com\/ar\/#website\",\"url\":\"https:\/\/career-mainfranken.com\/ar\/\",\"name\":\"Region Mainfranken\",\"description\":\"\",\"potentialAction\":[{\"@type\":\"SearchAction\",\"target\":{\"@type\":\"EntryPoint\",\"urlTemplate\":\"https:\/\/career-mainfranken.com\/ar\/?s={search_term_string}\"},\"query-input\":{\"@type\":\"PropertyValueSpecification\",\"valueRequired\":true,\"valueName\":\"search_term_string\"}}],\"inLanguage\":\"ar\"}]}<\/script>\n<!-- \/ Yoast SEO plugin. -->","yoast_head_json":{"title":"\u062a\u063a\u0637\u064a\u0629 \u062a\u0643\u0627\u0644\u064a\u0641 \u0627\u0644\u0633\u0641\u0631 \u0644\u0645\u0633\u0627\u0628\u0642\u0629 \u00ab\u0634\u0628\u0627\u0628 \u064a\u0628\u062d\u062b\u0648\u0646\u00bb - Region Mainfranken","robots":{"index":"index","follow":"follow","max-snippet":"max-snippet:-1","max-image-preview":"max-image-preview:large","max-video-preview":"max-video-preview:-1"},"canonical":"https:\/\/career-mainfranken.com\/ar\/%d8%aa%d8%ba%d8%b7%d9%8a%d8%a9-%d8%aa%d9%83%d8%a7%d9%84%d9%8a%d9%81-%d8%a7%d9%84%d8%b3%d9%81%d8%b1-%d9%84%d9%85%d8%b3%d8%a7%d8%a8%d9%82%d8%a9-%d8%b4%d8%a8%d8%a7%d8%a8-%d9%8a%d8%a8%d8%ad%d8%ab\/","og_locale":"ar_AR","og_type":"article","og_title":"\u062a\u063a\u0637\u064a\u0629 \u062a\u0643\u0627\u0644\u064a\u0641 \u0627\u0644\u0633\u0641\u0631 \u0644\u0645\u0633\u0627\u0628\u0642\u0629 \u00ab\u0634\u0628\u0627\u0628 \u064a\u0628\u062d\u062b\u0648\u0646\u00bb - Region Mainfranken","og_url":"https:\/\/career-mainfranken.com\/ar\/%d8%aa%d8%ba%d8%b7%d9%8a%d8%a9-%d8%aa%d9%83%d8%a7%d9%84%d9%8a%d9%81-%d8%a7%d9%84%d8%b3%d9%81%d8%b1-%d9%84%d9%85%d8%b3%d8%a7%d8%a8%d9%82%d8%a9-%d8%b4%d8%a8%d8%a7%d8%a8-%d9%8a%d8%a8%d8%ad%d8%ab\/","og_site_name":"Region Mainfranken","article_modified_time":"2026-02-17T12:29:46+00:00","twitter_card":"summary_large_image","schema":{"@context":"https:\/\/schema.org","@graph":[{"@type":"WebPage","@id":"https:\/\/career-mainfranken.com\/ar\/%d8%aa%d8%ba%d8%b7%d9%8a%d8%a9-%d8%aa%d9%83%d8%a7%d9%84%d9%8a%d9%81-%d8%a7%d9%84%d8%b3%d9%81%d8%b1-%d9%84%d9%85%d8%b3%d8%a7%d8%a8%d9%82%d8%a9-%d8%b4%d8%a8%d8%a7%d8%a8-%d9%8a%d8%a8%d8%ad%d8%ab\/","url":"https:\/\/career-mainfranken.com\/ar\/%d8%aa%d8%ba%d8%b7%d9%8a%d8%a9-%d8%aa%d9%83%d8%a7%d9%84%d9%8a%d9%81-%d8%a7%d9%84%d8%b3%d9%81%d8%b1-%d9%84%d9%85%d8%b3%d8%a7%d8%a8%d9%82%d8%a9-%d8%b4%d8%a8%d8%a7%d8%a8-%d9%8a%d8%a8%d8%ad%d8%ab\/","name":"\u062a\u063a\u0637\u064a\u0629 \u062a\u0643\u0627\u0644\u064a\u0641 \u0627\u0644\u0633\u0641\u0631 \u0644\u0645\u0633\u0627\u0628\u0642\u0629 \u00ab\u0634\u0628\u0627\u0628 \u064a\u0628\u062d\u062b\u0648\u0646\u00bb - Region Mainfranken","isPartOf":{"@id":"https:\/\/career-mainfranken.com\/ar\/#website"},"datePublished":"2026-02-17T12:27:55+00:00","dateModified":"2026-02-17T12:29:46+00:00","breadcrumb":{"@id":"https:\/\/career-mainfranken.com\/ar\/%d8%aa%d8%ba%d8%b7%d9%8a%d8%a9-%d8%aa%d9%83%d8%a7%d9%84%d9%8a%d9%81-%d8%a7%d9%84%d8%b3%d9%81%d8%b1-%d9%84%d9%85%d8%b3%d8%a7%d8%a8%d9%82%d8%a9-%d8%b4%d8%a8%d8%a7%d8%a8-%d9%8a%d8%a8%d8%ad%d8%ab\/#breadcrumb"},"inLanguage":"ar","potentialAction":[{"@type":"ReadAction","target":["https:\/\/career-mainfranken.com\/ar\/%d8%aa%d8%ba%d8%b7%d9%8a%d8%a9-%d8%aa%d9%83%d8%a7%d9%84%d9%8a%d9%81-%d8%a7%d9%84%d8%b3%d9%81%d8%b1-%d9%84%d9%85%d8%b3%d8%a7%d8%a8%d9%82%d8%a9-%d8%b4%d8%a8%d8%a7%d8%a8-%d9%8a%d8%a8%d8%ad%d8%ab\/"]}]},{"@type":"BreadcrumbList","@id":"https:\/\/career-mainfranken.com\/ar\/%d8%aa%d8%ba%d8%b7%d9%8a%d8%a9-%d8%aa%d9%83%d8%a7%d9%84%d9%8a%d9%81-%d8%a7%d9%84%d8%b3%d9%81%d8%b1-%d9%84%d9%85%d8%b3%d8%a7%d8%a8%d9%82%d8%a9-%d8%b4%d8%a8%d8%a7%d8%a8-%d9%8a%d8%a8%d8%ad%d8%ab\/#breadcrumb","itemListElement":[{"@type":"ListItem","position":1,"name":"\u0627\u0644\u0635\u0641\u062d\u0629 \u0627\u0644\u0631\u0626\u064a\u0633\u064a\u0629","item":"https:\/\/career-mainfranken.com\/ar\/%d8%a7%d9%84%d8%b5%d9%81%d8%ad%d8%a9-%d8%a7%d9%84%d8%b1%d8%a6%d9%8a%d8%b3%d9%8a%d8%a9\/"},{"@type":"ListItem","position":2,"name":"\u062a\u063a\u0637\u064a\u0629 \u062a\u0643\u0627\u0644\u064a\u0641 \u0627\u0644\u0633\u0641\u0631 \u0644\u0645\u0633\u0627\u0628\u0642\u0629 \u00ab\u0634\u0628\u0627\u0628 \u064a\u0628\u062d\u062b\u0648\u0646\u00bb"}]},{"@type":"WebSite","@id":"https:\/\/career-mainfranken.com\/ar\/#website","url":"https:\/\/career-mainfranken.com\/ar\/","name":"Region Mainfranken","description":"","potentialAction":[{"@type":"SearchAction","target":{"@type":"EntryPoint","urlTemplate":"https:\/\/career-mainfranken.com\/ar\/?s={search_term_string}"},"query-input":{"@type":"PropertyValueSpecification","valueRequired":true,"valueName":"search_term_string"}}],"inLanguage":"ar"}]}},"_links":{"self":[{"href":"https:\/\/career-mainfranken.com\/ar\/wp-json\/wp\/v2\/pages\/14575","targetHints":{"allow":["GET"]}}],"collection":[{"href":"https:\/\/career-mainfranken.com\/ar\/wp-json\/wp\/v2\/pages"}],"about":[{"href":"https:\/\/career-mainfranken.com\/ar\/wp-json\/wp\/v2\/types\/page"}],"author":[{"embeddable":true,"href":"https:\/\/career-mainfranken.com\/ar\/wp-json\/wp\/v2\/users\/10"}],"replies":[{"embeddable":true,"href":"https:\/\/career-mainfranken.com\/ar\/wp-json\/wp\/v2\/comments?post=14575"}],"version-history":[{"count":0,"href":"https:\/\/career-mainfranken.com\/ar\/wp-json\/wp\/v2\/pages\/14575\/revisions"}],"wp:attachment":[{"href":"https:\/\/career-mainfranken.com\/ar\/wp-json\/wp\/v2\/media?parent=14575"}],"curies":[{"name":"wp","href":"https:\/\/api.w.org\/{rel}","templated":true}]}}